{"id":8490,"date":"2025-11-05T07:39:04","date_gmt":"2025-11-05T06:39:04","guid":{"rendered":"https:\/\/hydro-partner.pl\/?page_id=8490"},"modified":"2026-03-19T16:26:07","modified_gmt":"2026-03-19T15:26:07","slug":"paczkowarka_reczna","status":"publish","type":"page","link":"https:\/\/hydro-partner.pl\/produkty\/paczkowarka_reczna\/","title":{"rendered":"Paczkowarka r\u0119czna"},"content":{"rendered":"<p>[vc_row][vc_column]<style type=\"text\/css\" >#ic_15cfdyhso9xvk6q3e7ad {margin:0px auto 0px; }#ic_15cfdyhso9xvk6q3e7ad .owl-prev,#ic_15cfdyhso9xvk6q3e7ad .owl-next{border-color:#ecf0f1; background:#ffffff; color:#a1b1bc; }#ic_15cfdyhso9xvk6q3e7ad .owl-prev:hover,#ic_15cfdyhso9xvk6q3e7ad .owl-next:hover{background:#f9fafb; color:#2c3e50; }#ic_15cfdyhso9xvk6q3e7ad .owl-prev:before,#ic_15cfdyhso9xvk6q3e7ad .owl-next:after{border-color:#a1b1bc; }#ic_15cfdyhso9xvk6q3e7ad .owl-prev:hover::before,#ic_15cfdyhso9xvk6q3e7ad .owl-next:hover::after{border-color:#2c3e50; }#ic_15cfdyhso9xvk6q3e7ad .owl-dot{ background:#ffffff; border-color:#ecf0f1; }#ic_15cfdyhso9xvk6q3e7ad .owl-dot.active{ background:#1c83d8; border-color:#ecf0f1;}<\/style><script type=\"text\/javascript\" charset=\"utf-8\">\r\n\r\n\t\tjQuery.noConflict();\r\n\t\/\/setup up Carousel\r\n\t\tjQuery(document).ready(function($) {\r\n\t\"use strict\";\r\n\t$(window).load(function(){\r\n\t\t$(\"#ic_15cfdyhso9xvk6q3e7ad\").owlCarousel({\r\n\t\t\trtl: $(\"body\").hasClass(\"rtl\") ? true : false,\r\n\t\t\tresponsiveClass:true,\r\n\t\t\tcenter:true,\r\n\t\t\tloop:true,\r\n\t\t\tresponsive:{\r\n\t\t\t\t0:{\r\n\t\t\t\t\titems:1,\r\n\t\t\t    },\r\n\t\t\t    780:{\r\n\t\t\t        items:2,\r\n\t\t\t\t},\r\n\t\t\t\t1000:{\r\n\t\t\t\t    items:2,\r\n\t\t\t\t},\r\n\t\t\t},\r\n\t\t\t autoplay:true,\r\n\t\t\t autoplaySpeed: 800,\r\n\t   \t \t dots:true,\r\n\t\t\t nav:true,\r\n\t\r\n\t\t});\r\n\t});\r\n});\r\n\r\n<\/script><div class=\"tt_testimonials_ctn rd_ic_center   \" id=\"ic_15cfdyhso9xvk6q3e7ad\" style=\"margin-top:0px; margin-bottom:0px;\"><a href=\"https:\/\/hydro-partner.pl\/wp-content\/uploads\/2026\/03\/IMG-20251106-WA0002.jpg\"  rel=\"prettyPhoto[rel-15cfdyhso9xvk6q3e7ad]\" ><img loading=\"lazy\" decoding=\"async\" width=\"1200\" height=\"1600\" src=\"https:\/\/hydro-partner.pl\/wp-content\/uploads\/2026\/03\/IMG-20251106-WA0002.jpg\" class=\"attachment-full\" alt=\"\" \/><\/a><a href=\"https:\/\/hydro-partner.pl\/wp-content\/uploads\/2026\/03\/IMG-20251106-WA0003.jpg\"  rel=\"prettyPhoto[rel-15cfdyhso9xvk6q3e7ad]\" ><img loading=\"lazy\" decoding=\"async\" width=\"1200\" height=\"1600\" src=\"https:\/\/hydro-partner.pl\/wp-content\/uploads\/2026\/03\/IMG-20251106-WA0003.jpg\" class=\"attachment-full\" alt=\"\" \/><\/a><a href=\"https:\/\/hydro-partner.pl\/wp-content\/uploads\/2026\/03\/IMG-20251106-WA0004.jpg\"  rel=\"prettyPhoto[rel-15cfdyhso9xvk6q3e7ad]\" ><img loading=\"lazy\" decoding=\"async\" width=\"1200\" height=\"1600\" src=\"https:\/\/hydro-partner.pl\/wp-content\/uploads\/2026\/03\/IMG-20251106-WA0004.jpg\" class=\"attachment-full\" alt=\"\" \/><\/a><a href=\"https:\/\/hydro-partner.pl\/wp-content\/uploads\/2026\/03\/IMG-20251106-WA0001.jpg\"  rel=\"prettyPhoto[rel-15cfdyhso9xvk6q3e7ad]\" ><img loading=\"lazy\" decoding=\"async\" width=\"1200\" height=\"1600\" src=\"https:\/\/hydro-partner.pl\/wp-content\/uploads\/2026\/03\/IMG-20251106-WA0001.jpg\" class=\"attachment-full\" alt=\"\" \/><\/a><a href=\"https:\/\/hydro-partner.pl\/wp-content\/uploads\/2026\/03\/IMG-20251106-WA0005.jpg\"  rel=\"prettyPhoto[rel-15cfdyhso9xvk6q3e7ad]\" ><img loading=\"lazy\" decoding=\"async\" width=\"1200\" height=\"1600\" src=\"https:\/\/hydro-partner.pl\/wp-content\/uploads\/2026\/03\/IMG-20251106-WA0005.jpg\" class=\"attachment-full\" alt=\"\" \/><\/a><a href=\"https:\/\/hydro-partner.pl\/wp-content\/uploads\/2026\/03\/IMG-20251106-WA0006.jpg\"  rel=\"prettyPhoto[rel-15cfdyhso9xvk6q3e7ad]\" ><img loading=\"lazy\" decoding=\"async\" width=\"1200\" height=\"1600\" src=\"https:\/\/hydro-partner.pl\/wp-content\/uploads\/2026\/03\/IMG-20251106-WA0006.jpg\" class=\"attachment-full\" alt=\"\" \/><\/a><a href=\"https:\/\/hydro-partner.pl\/wp-content\/uploads\/2026\/03\/IMG-20251106-WA0007.jpg\"  rel=\"prettyPhoto[rel-15cfdyhso9xvk6q3e7ad]\" ><img loading=\"lazy\" decoding=\"async\" width=\"1200\" height=\"1600\" src=\"https:\/\/hydro-partner.pl\/wp-content\/uploads\/2026\/03\/IMG-20251106-WA0007.jpg\" class=\"attachment-full\" alt=\"\" \/><\/a><a href=\"https:\/\/hydro-partner.pl\/wp-content\/uploads\/2026\/03\/IMG-20251106-WA0008.jpg\"  rel=\"prettyPhoto[rel-15cfdyhso9xvk6q3e7ad]\" ><img loading=\"lazy\" decoding=\"async\" width=\"1200\" height=\"1600\" src=\"https:\/\/hydro-partner.pl\/wp-content\/uploads\/2026\/03\/IMG-20251106-WA0008.jpg\" class=\"attachment-full\" alt=\"\" \/><\/a><a href=\"https:\/\/hydro-partner.pl\/wp-content\/uploads\/2026\/03\/IMG-20251106-WA0009.jpg\"  rel=\"prettyPhoto[rel-15cfdyhso9xvk6q3e7ad]\" ><img loading=\"lazy\" decoding=\"async\" width=\"1200\" height=\"1600\" src=\"https:\/\/hydro-partner.pl\/wp-content\/uploads\/2026\/03\/IMG-20251106-WA0009.jpg\" class=\"attachment-full\" alt=\"\" \/><\/a><a href=\"https:\/\/hydro-partner.pl\/wp-content\/uploads\/2026\/03\/IMG-20251106-WA0010.jpg\"  rel=\"prettyPhoto[rel-15cfdyhso9xvk6q3e7ad]\" ><img loading=\"lazy\" decoding=\"async\" width=\"1200\" height=\"1600\" src=\"https:\/\/hydro-partner.pl\/wp-content\/uploads\/2026\/03\/IMG-20251106-WA0010.jpg\" class=\"attachment-full\" alt=\"\" \/><\/a><a href=\"https:\/\/hydro-partner.pl\/wp-content\/uploads\/2026\/03\/IMG-20251106-WA0011.jpg\"  rel=\"prettyPhoto[rel-15cfdyhso9xvk6q3e7ad]\" ><img loading=\"lazy\" decoding=\"async\" width=\"1200\" height=\"1600\" src=\"https:\/\/hydro-partner.pl\/wp-content\/uploads\/2026\/03\/IMG-20251106-WA0011.jpg\" class=\"attachment-full\" alt=\"\" \/><\/a><a href=\"https:\/\/hydro-partner.pl\/wp-content\/uploads\/2026\/03\/IMG-20251106-WA0012.jpg\"  rel=\"prettyPhoto[rel-15cfdyhso9xvk6q3e7ad]\" ><img loading=\"lazy\" decoding=\"async\" width=\"1200\" height=\"1600\" src=\"https:\/\/hydro-partner.pl\/wp-content\/uploads\/2026\/03\/IMG-20251106-WA0012.jpg\" class=\"attachment-full\" alt=\"\" \/><\/a><a href=\"https:\/\/hydro-partner.pl\/wp-content\/uploads\/2026\/03\/IMG-20251106-WA0013.jpg\"  rel=\"prettyPhoto[rel-15cfdyhso9xvk6q3e7ad]\" ><img loading=\"lazy\" decoding=\"async\" width=\"1200\" height=\"1600\" src=\"https:\/\/hydro-partner.pl\/wp-content\/uploads\/2026\/03\/IMG-20251106-WA0013.jpg\" class=\"attachment-full\" alt=\"\" \/><\/a><a href=\"https:\/\/hydro-partner.pl\/wp-content\/uploads\/2026\/03\/IMG-20251106-WA0014.jpg\"  rel=\"prettyPhoto[rel-15cfdyhso9xvk6q3e7ad]\" ><img loading=\"lazy\" decoding=\"async\" width=\"1200\" height=\"1600\" src=\"https:\/\/hydro-partner.pl\/wp-content\/uploads\/2026\/03\/IMG-20251106-WA0014.jpg\" class=\"attachment-full\" alt=\"\" \/><\/a><a href=\"https:\/\/hydro-partner.pl\/wp-content\/uploads\/2026\/03\/IMG-20251106-WA0015.jpg\"  rel=\"prettyPhoto[rel-15cfdyhso9xvk6q3e7ad]\" ><img loading=\"lazy\" decoding=\"async\" width=\"1200\" height=\"1600\" src=\"https:\/\/hydro-partner.pl\/wp-content\/uploads\/2026\/03\/IMG-20251106-WA0015.jpg\" class=\"attachment-full\" alt=\"\" \/><\/a><a href=\"https:\/\/hydro-partner.pl\/wp-content\/uploads\/2026\/03\/IMG-20251106-WA0016.jpg\"  rel=\"prettyPhoto[rel-15cfdyhso9xvk6q3e7ad]\" ><img loading=\"lazy\" decoding=\"async\" width=\"1200\" height=\"1600\" src=\"https:\/\/hydro-partner.pl\/wp-content\/uploads\/2026\/03\/IMG-20251106-WA0016.jpg\" class=\"attachment-full\" alt=\"\" \/><\/a><a href=\"https:\/\/hydro-partner.pl\/wp-content\/uploads\/2026\/03\/IMG-20251106-WA0017.jpg\"  rel=\"prettyPhoto[rel-15cfdyhso9xvk6q3e7ad]\" ><img loading=\"lazy\" decoding=\"async\" width=\"1200\" height=\"1600\" src=\"https:\/\/hydro-partner.pl\/wp-content\/uploads\/2026\/03\/IMG-20251106-WA0017.jpg\" class=\"attachment-full\" alt=\"\" \/><\/a><a href=\"https:\/\/hydro-partner.pl\/wp-content\/uploads\/2026\/03\/IMG-20251106-WA0018.jpg\"  rel=\"prettyPhoto[rel-15cfdyhso9xvk6q3e7ad]\" ><img loading=\"lazy\" decoding=\"async\" width=\"1200\" height=\"1600\" src=\"https:\/\/hydro-partner.pl\/wp-content\/uploads\/2026\/03\/IMG-20251106-WA0018.jpg\" class=\"attachment-full\" alt=\"\" \/><\/a><a href=\"https:\/\/hydro-partner.pl\/wp-content\/uploads\/2026\/03\/IMG-20251106-WA0019.jpg\"  rel=\"prettyPhoto[rel-15cfdyhso9xvk6q3e7ad]\" ><img loading=\"lazy\" decoding=\"async\" width=\"1200\" height=\"1600\" src=\"https:\/\/hydro-partner.pl\/wp-content\/uploads\/2026\/03\/IMG-20251106-WA0019.jpg\" class=\"attachment-full\" alt=\"\" \/><\/a><\/div>[\/vc_column][\/vc_row][vc_row font_color=&#8221;#666666&#8243;][vc_column css=&#8221;.vc_custom_1592222193758{margin-right: 75px !important;margin-left: 75px !important;}&#8221;][vc_column_text]<strong>Paczkowarka HYDRO \u2013 G.U.A.R.D s\u0142u\u017cy do r\u0119cznego pakowania i dystrybucji wody przeznaczonej do spo\u017cycia przez ludzi, co zapewnia szybki i wygodny dost\u0119p do niej w sytuacjach awaryjnych i kryzysowych<\/strong><\/p>\n<p>&nbsp;<\/p>\n<p>W por\u00f3wnaniu do tradycyjnych beczkowoz\u00f3w urz\u0105dzenie HYDRO \u2013 G.U.A.R.D umo\u017cliwia:<\/p>\n<p>&#8211; dodatkowe podczyszczenie wody pod k\u0105tem fizykochemicznym,<\/p>\n<p>&#8211; popraw\u0119 smaku wody dzi\u0119ki zastosowanym filtrom,<\/p>\n<p>&#8211; dodatkow\u0105 dezynfekcj\u0119 wody promieniami UV zapewniaj\u0105cej czysto\u015b\u0107 mikrobiologiczn\u0105 pakowanej wody,<\/p>\n<p>&#8211; prostszy i bardziej higieniczny spos\u00f3b dostarczenia wody do odbiorc\u00f3w,<\/p>\n<p>&#8211; mo\u017cliwo\u015b\u0107 zmagazynowania zapakowanej wody\u00a0 na d\u0142ugi okres czasu<\/p>\n<p>&nbsp;<\/p>\n<p>Budowa paczkowarki HYDRO \u2013 G.U.A.R.D<\/p>\n<ol>\n<li>Cz\u0119\u015b\u0107 hydrauliczna sk\u0142ada si\u0119 z zaworu kulowego, czujnika przep\u0142ywu, reduktora ci\u015bnienia, punktu dozowania podchlorynu sodu, sterylizatora UV wody, punkt\u00f3w dozowania,<\/li>\n<li>Przedzia\u0142 dezynfekcji work\u00f3w wyposa\u017cony w sterylizator UV oraz wy\u0142\u0105cznik kra\u0144cowy,<\/li>\n<li>Cz\u0119\u015b\u0107 elektryczna stanowi drukarka etykiet datuj\u0105cych oraz oddzielny przedzia\u0142 urz\u0105dzenia, wyposa\u017cony w rozdzielnice g\u0142\u00f3wn\u0105.<\/li>\n<li>Konstrukcja urz\u0105dzenia sk\u0142ada si\u0119 z obudowy wykonanej ze stali nierdzewnej gat. 304.<\/li>\n<\/ol>\n<p>[\/vc_column_text][\/vc_column][\/vc_row][vc_row][vc_column][\/vc_column][\/vc_row]<\/p>\n","protected":false},"excerpt":{"rendered":"<p>[vc_row][vc_column][\/vc_column][\/vc_row][vc_row font_color=&#8221;#666666&#8243;][vc_column css=&#8221;.vc_custom_1592222193758{margin-right: 75px !important;margin-left: 75px !important;}&#8221;][vc_column_text]Paczkowarka HYDRO \u2013 G.U.A.R.D s\u0142u\u017cy do r\u0119cznego pakowania i dystrybucji wody przeznaczonej do spo\u017cycia przez ludzi, co zapewnia szybki i wygodny dost\u0119p do niej w sytuacjach awaryjnych i kryzysowych &nbsp; W por\u00f3wnaniu do tradycyjnych beczkowoz\u00f3w urz\u0105dzenie HYDRO \u2013 G.U.A.R.D umo\u017cliwia: &#8211; dodatkowe podczyszczenie wody pod k\u0105tem fizykochemicznym, &#8211; popraw\u0119<br \/><a href=\"https:\/\/hydro-partner.pl\/produkty\/paczkowarka_reczna\/\" class=\"more\">Read more<\/a><\/p>\n","protected":false},"author":6,"featured_media":0,"parent":7765,"menu_order":1,"comment_status":"closed","ping_status":"open","template":"","meta":{"_uf_show_specific_survey":0,"_uf_disable_surveys":false,"footnotes":""},"_links":{"self":[{"href":"https:\/\/hydro-partner.pl\/wp-json\/wp\/v2\/pages\/8490"}],"collection":[{"href":"https:\/\/hydro-partner.pl\/wp-json\/wp\/v2\/pages"}],"about":[{"href":"https:\/\/hydro-partner.pl\/wp-json\/wp\/v2\/types\/page"}],"author":[{"embeddable":true,"href":"https:\/\/hydro-partner.pl\/wp-json\/wp\/v2\/users\/6"}],"replies":[{"embeddable":true,"href":"https:\/\/hydro-partner.pl\/wp-json\/wp\/v2\/comments?post=8490"}],"version-history":[{"count":6,"href":"https:\/\/hydro-partner.pl\/wp-json\/wp\/v2\/pages\/8490\/revisions"}],"predecessor-version":[{"id":8576,"href":"https:\/\/hydro-partner.pl\/wp-json\/wp\/v2\/pages\/8490\/revisions\/8576"}],"up":[{"embeddable":true,"href":"https:\/\/hydro-partner.pl\/wp-json\/wp\/v2\/pages\/7765"}],"wp:attachment":[{"href":"https:\/\/hydro-partner.pl\/wp-json\/wp\/v2\/media?parent=8490"}],"curies":[{"name":"wp","href":"https:\/\/api.w.org\/{rel}","templated":true}]}}