{"id":8169,"date":"2020-08-05T13:53:55","date_gmt":"2020-08-05T11:53:55","guid":{"rendered":"http:\/\/hydro-partner.pl\/?page_id=8169"},"modified":"2020-08-13T13:13:52","modified_gmt":"2020-08-13T11:13:52","slug":"oczyszczalnie-sciekow","status":"publish","type":"page","link":"https:\/\/hydro-partner.pl\/uslugi-2\/oczyszczalnie-sciekow\/","title":{"rendered":"Oczyszczalnie \u015bciek\u00f3w"},"content":{"rendered":"<p>[vc_row overlay=&#8221;rd_hover_goliath&#8221; overlay_color=&#8221;&#8221; port_type=&#8221;port_type_5&#8243; port_bg_color=&#8221;&#8221; port_title_color=&#8221;&#8221; port_text_color=&#8221;&#8221; port_button_color=&#8221;&#8221; port_border_color=&#8221;&#8221; port_hover_bg_color=&#8221;&#8221; port_hover_title_color=&#8221;&#8221; port_hover_text_color=&#8221;&#8221; port_hover_button_color=&#8221;&#8221; port_hover_border_color=&#8221;&#8221; desc_title=&#8221;&#8221; desc_cat=&#8221;&#8221; overlay_color_2=&#8221;&#8221; desc_border=&#8221;&#8221; port_thumbnail=&#8221;thumbnail_type_2&#8243; port_layout=&#8221;3 columns&#8221; category=&#8221;pompy&#8221; tags=&#8221;all&#8221; port_order=&#8221;DESC&#8221; port_orderby=&#8221;date&#8221; target=&#8221;_self&#8221; port_start=&#8221;8&#8243; filter=&#8221;yes&#8221; filter_type=&#8221;filter_type_1&#8243; filter_text_color=&#8221;&#8221; filter_background_color=&#8221;&#8221; filter_border_color=&#8221;&#8221; selected_filter_bg_color=&#8221;&#8221; port_navigation=&#8221;&#8221; nav_bg=&#8221;&#8221; nav_color=&#8221;&#8221; nav_border=&#8221;&#8221; nav_hover_color=&#8221;&#8221; nav_hover_bg=&#8221;&#8221; port_click=&#8221;4&#8243; button_bg=&#8221;&#8221; button_title=&#8221;&#8221; button_border=&#8221;&#8221; button_hover_title=&#8221;&#8221; button_hover_bg=&#8221;&#8221;][vc_column][vc_custom_heading text=&#8221;OCZYSZCZALNIE \u015aCIEK\u00d3W&#8221; font_container=&#8221;tag:h2|font_size:30|text_align:center|color:%235b5b5b|line_height:3&#8243; google_fonts=&#8221;font_family:Lato%3A100%2C100italic%2C300%2C300italic%2Cregular%2Citalic%2C700%2C700italic%2C900%2C900italic|font_style:900%20bold%20regular%3A900%3Anormal&#8221; css=&#8221;.vc_custom_1596628367056{margin-bottom: 50px !important;}&#8221; el_class=&#8221;letterspacing-3&#8243;][\/vc_column][\/vc_row][vc_row][vc_column]<style type=\"text\/css\" >#ic_oqjdevejgwvh6irjsa6z {margin:0px auto 0px; }#ic_oqjdevejgwvh6irjsa6z .owl-prev,#ic_oqjdevejgwvh6irjsa6z .owl-next{border-color:#ecf0f1; background:#ffffff; color:#a1b1bc; }#ic_oqjdevejgwvh6irjsa6z .owl-prev:hover,#ic_oqjdevejgwvh6irjsa6z .owl-next:hover{background:#f9fafb; color:#2c3e50; }#ic_oqjdevejgwvh6irjsa6z .owl-prev:before,#ic_oqjdevejgwvh6irjsa6z .owl-next:after{border-color:#a1b1bc; }#ic_oqjdevejgwvh6irjsa6z .owl-prev:hover::before,#ic_oqjdevejgwvh6irjsa6z .owl-next:hover::after{border-color:#2c3e50; }#ic_oqjdevejgwvh6irjsa6z .owl-dot{ background:#ffffff; border-color:#ecf0f1; }#ic_oqjdevejgwvh6irjsa6z .owl-dot.active{ background:#1c83d8; border-color:#ecf0f1;}<\/style><script type=\"text\/javascript\" charset=\"utf-8\">\r\n\r\n\t\tjQuery.noConflict();\r\n\t\/\/setup up Carousel\r\n\t\tjQuery(document).ready(function($) {\r\n\t\"use strict\";\r\n\t$(window).load(function(){\r\n\t\t$(\"#ic_oqjdevejgwvh6irjsa6z\").owlCarousel({\r\n\t\t\trtl: $(\"body\").hasClass(\"rtl\") ? true : false,\r\n\t\t\tresponsiveClass:true,\r\n\t\t\tcenter:true,\r\n\t\t\tloop:true,\r\n\t\t\tresponsive:{\r\n\t\t\t\t0:{\r\n\t\t\t\t\titems:1,\r\n\t\t\t    },\r\n\t\t\t    780:{\r\n\t\t\t        items:2,\r\n\t\t\t\t},\r\n\t\t\t\t1000:{\r\n\t\t\t\t    items:2,\r\n\t\t\t\t},\r\n\t\t\t},\r\n\t\t\t autoplay:true,\r\n\t\t\t autoplaySpeed: 800,\r\n\t   \t \t dots:true,\r\n\t\t\t nav:true,\r\n\t\r\n\t\t});\r\n\t});\r\n});\r\n\r\n<\/script><div class=\"tt_testimonials_ctn rd_ic_center   \" id=\"ic_oqjdevejgwvh6irjsa6z\" style=\"margin-top:0px; margin-bottom:0px;\"><a href=\"https:\/\/hydro-partner.pl\/wp-content\/uploads\/2020\/08\/20200701_085404x-1024x683.jpg\"  rel=\"prettyPhoto[rel-oqjdevejgwvh6irjsa6z]\" ><img loading=\"lazy\" decoding=\"async\" width=\"1500\" height=\"1000\" src=\"https:\/\/hydro-partner.pl\/wp-content\/uploads\/2020\/08\/20200701_085404x.jpg\" class=\"attachment-full\" alt=\"\" srcset=\"https:\/\/hydro-partner.pl\/wp-content\/uploads\/2020\/08\/20200701_085404x.jpg 1500w, https:\/\/hydro-partner.pl\/wp-content\/uploads\/2020\/08\/20200701_085404x-300x200.jpg 300w, https:\/\/hydro-partner.pl\/wp-content\/uploads\/2020\/08\/20200701_085404x-1024x683.jpg 1024w, https:\/\/hydro-partner.pl\/wp-content\/uploads\/2020\/08\/20200701_085404x-768x512.jpg 768w\" sizes=\"(max-width: 1500px) 100vw, 1500px\" \/><\/a><a href=\"https:\/\/hydro-partner.pl\/wp-content\/uploads\/2020\/08\/20200601_123352x-1024x683.jpg\"  rel=\"prettyPhoto[rel-oqjdevejgwvh6irjsa6z]\" ><img loading=\"lazy\" decoding=\"async\" width=\"1500\" height=\"1000\" src=\"https:\/\/hydro-partner.pl\/wp-content\/uploads\/2020\/08\/20200601_123352x.jpg\" class=\"attachment-full\" alt=\"\" srcset=\"https:\/\/hydro-partner.pl\/wp-content\/uploads\/2020\/08\/20200601_123352x.jpg 1500w, https:\/\/hydro-partner.pl\/wp-content\/uploads\/2020\/08\/20200601_123352x-300x200.jpg 300w, https:\/\/hydro-partner.pl\/wp-content\/uploads\/2020\/08\/20200601_123352x-1024x683.jpg 1024w, https:\/\/hydro-partner.pl\/wp-content\/uploads\/2020\/08\/20200601_123352x-768x512.jpg 768w\" sizes=\"(max-width: 1500px) 100vw, 1500px\" \/><\/a><a href=\"https:\/\/hydro-partner.pl\/wp-content\/uploads\/2020\/08\/20200416_091245x-1024x683.jpg\"  rel=\"prettyPhoto[rel-oqjdevejgwvh6irjsa6z]\" ><img loading=\"lazy\" decoding=\"async\" width=\"1500\" height=\"1000\" src=\"https:\/\/hydro-partner.pl\/wp-content\/uploads\/2020\/08\/20200416_091245x.jpg\" class=\"attachment-full\" alt=\"\" srcset=\"https:\/\/hydro-partner.pl\/wp-content\/uploads\/2020\/08\/20200416_091245x.jpg 1500w, https:\/\/hydro-partner.pl\/wp-content\/uploads\/2020\/08\/20200416_091245x-300x200.jpg 300w, https:\/\/hydro-partner.pl\/wp-content\/uploads\/2020\/08\/20200416_091245x-1024x683.jpg 1024w, https:\/\/hydro-partner.pl\/wp-content\/uploads\/2020\/08\/20200416_091245x-768x512.jpg 768w\" sizes=\"(max-width: 1500px) 100vw, 1500px\" \/><\/a><\/div>[\/vc_column][\/vc_row][vc_row font_color=&#8221;#666666&#8243;][vc_column css=&#8221;.vc_custom_1592222193758{margin-right: 75px !important;margin-left: 75px !important;}&#8221;][vc_column_text]HYDRO-PARTNER modernizuje oczyszczalnie i podczyszczalnie \u015bciek\u00f3w w technologiach uzgodnionych z inwestorem lub eksploatatorem obiekt\u00f3w.<\/p>\n<p>Wykonujemy podczyszczalnie i oczyszczalnie komunalne i przemys\u0142owe (np. ub\u00f3j i rozbi\u00f3r drobiu, dla przemys\u0142u owocowo-warzywnego itp.).<\/p>\n<p>Stosujemy klasyczne rozwi\u0105zania oparte na osadzie czynnym w technologii przep\u0142ywowej i cyklicznej (SBR &#8211; Sequencing Batch<\/p>\n<p>Reactor). Wykorzystujemy r\u00f3wnie\u017c nowe rozwi\u0105zania oparte na uk\u0142adach membranowych (MBR &#8211; Membrane Biological Reactor) czy<\/p>\n<p>uk\u0142adach hybrydowych.<\/p>\n<p>Generalnym wykonawcom oczyszczalni oferujemy szeroki zakres urz\u0105dze\u0144, jak te\u017c kompleksow\u0105 obs\u0142ug\u0119 w zakresie wykonania AKPiA.<\/p>\n<p>&nbsp;<\/p>\n<p><strong>G\u0142\u00f3wne obszary zastosowa\u0144:<\/strong><\/p>\n<ul>\n<li>przedsi\u0119biorstwa wodoci\u0105gowe<\/li>\n<li>zak\u0142ady komunalne<\/li>\n<li>przemys\u0142 koksowniczy<\/li>\n<li>przemys\u0142 cukrowniczy<\/li>\n<li>przemys\u0142 mi\u0119sny<\/li>\n<li>przemys\u0142 petrochemiczny<\/li>\n<li>przemys\u0142 mleczarski<\/li>\n<li>przemys\u0142 celulozowy<\/li>\n<\/ul>\n<p>[\/vc_column_text][\/vc_column][\/vc_row]<\/p>\n","protected":false},"excerpt":{"rendered":"<p>[vc_row overlay=&#8221;rd_hover_goliath&#8221; overlay_color=&#8221;&#8221; port_type=&#8221;port_type_5&#8243; port_bg_color=&#8221;&#8221; port_title_color=&#8221;&#8221; port_text_color=&#8221;&#8221; port_button_color=&#8221;&#8221; port_border_color=&#8221;&#8221; port_hover_bg_color=&#8221;&#8221; port_hover_title_color=&#8221;&#8221; port_hover_text_color=&#8221;&#8221; port_hover_button_color=&#8221;&#8221; port_hover_border_color=&#8221;&#8221; desc_title=&#8221;&#8221; desc_cat=&#8221;&#8221; overlay_color_2=&#8221;&#8221; desc_border=&#8221;&#8221; port_thumbnail=&#8221;thumbnail_type_2&#8243; port_layout=&#8221;3 columns&#8221; category=&#8221;pompy&#8221; tags=&#8221;all&#8221; port_order=&#8221;DESC&#8221; port_orderby=&#8221;date&#8221; target=&#8221;_self&#8221; port_start=&#8221;8&#8243; filter=&#8221;yes&#8221; filter_type=&#8221;filter_type_1&#8243; filter_text_color=&#8221;&#8221; filter_background_color=&#8221;&#8221; filter_border_color=&#8221;&#8221; selected_filter_bg_color=&#8221;&#8221; port_navigation=&#8221;&#8221; nav_bg=&#8221;&#8221; nav_color=&#8221;&#8221; nav_border=&#8221;&#8221; nav_hover_color=&#8221;&#8221; nav_hover_bg=&#8221;&#8221; port_click=&#8221;4&#8243; button_bg=&#8221;&#8221; button_title=&#8221;&#8221; button_border=&#8221;&#8221; button_hover_title=&#8221;&#8221; button_hover_bg=&#8221;&#8221;][vc_column][vc_custom_heading text=&#8221;OCZYSZCZALNIE \u015aCIEK\u00d3W&#8221; font_container=&#8221;tag:h2|font_size:30|text_align:center|color:%235b5b5b|line_height:3&#8243; google_fonts=&#8221;font_family:Lato%3A100%2C100italic%2C300%2C300italic%2Cregular%2Citalic%2C700%2C700italic%2C900%2C900italic|font_style:900%20bold%20regular%3A900%3Anormal&#8221; css=&#8221;.vc_custom_1596628367056{margin-bottom: 50px !important;}&#8221; el_class=&#8221;letterspacing-3&#8243;][\/vc_column][\/vc_row][vc_row][vc_column][\/vc_column][\/vc_row][vc_row font_color=&#8221;#666666&#8243;][vc_column css=&#8221;.vc_custom_1592222193758{margin-right:<br \/><a href=\"https:\/\/hydro-partner.pl\/uslugi-2\/oczyszczalnie-sciekow\/\" class=\"more\">Read more<\/a><\/p>\n","protected":false},"author":1,"featured_media":0,"parent":7888,"menu_order":0,"comment_status":"closed","ping_status":"open","template":"","meta":{"_uf_show_specific_survey":0,"_uf_disable_surveys":false,"footnotes":""},"_links":{"self":[{"href":"https:\/\/hydro-partner.pl\/wp-json\/wp\/v2\/pages\/8169"}],"collection":[{"href":"https:\/\/hydro-partner.pl\/wp-json\/wp\/v2\/pages"}],"about":[{"href":"https:\/\/hydro-partner.pl\/wp-json\/wp\/v2\/types\/page"}],"author":[{"embeddable":true,"href":"https:\/\/hydro-partner.pl\/wp-json\/wp\/v2\/users\/1"}],"replies":[{"embeddable":true,"href":"https:\/\/hydro-partner.pl\/wp-json\/wp\/v2\/comments?post=8169"}],"version-history":[{"count":2,"href":"https:\/\/hydro-partner.pl\/wp-json\/wp\/v2\/pages\/8169\/revisions"}],"predecessor-version":[{"id":8180,"href":"https:\/\/hydro-partner.pl\/wp-json\/wp\/v2\/pages\/8169\/revisions\/8180"}],"up":[{"embeddable":true,"href":"https:\/\/hydro-partner.pl\/wp-json\/wp\/v2\/pages\/7888"}],"wp:attachment":[{"href":"https:\/\/hydro-partner.pl\/wp-json\/wp\/v2\/media?parent=8169"}],"curies":[{"name":"wp","href":"https:\/\/api.w.org\/{rel}","templated":true}]}}