{"id":8119,"date":"2020-06-25T12:59:27","date_gmt":"2020-06-25T10:59:27","guid":{"rendered":"http:\/\/hydro-partner.pl\/?page_id=8119"},"modified":"2020-06-25T12:59:27","modified_gmt":"2020-06-25T10:59:27","slug":"fotowoltaika","status":"publish","type":"page","link":"https:\/\/hydro-partner.pl\/automatyka-2\/fotowoltaika\/","title":{"rendered":"Fotowoltaika"},"content":{"rendered":"<p>[vc_row overlay=&#8221;rd_hover_goliath&#8221; overlay_color=&#8221;&#8221; port_type=&#8221;port_type_5&#8243; port_bg_color=&#8221;&#8221; port_title_color=&#8221;&#8221; port_text_color=&#8221;&#8221; port_button_color=&#8221;&#8221; port_border_color=&#8221;&#8221; port_hover_bg_color=&#8221;&#8221; port_hover_title_color=&#8221;&#8221; port_hover_text_color=&#8221;&#8221; port_hover_button_color=&#8221;&#8221; port_hover_border_color=&#8221;&#8221; desc_title=&#8221;&#8221; desc_cat=&#8221;&#8221; overlay_color_2=&#8221;&#8221; desc_border=&#8221;&#8221; port_thumbnail=&#8221;thumbnail_type_2&#8243; port_layout=&#8221;3 columns&#8221; category=&#8221;pompy&#8221; tags=&#8221;all&#8221; port_order=&#8221;DESC&#8221; port_orderby=&#8221;date&#8221; target=&#8221;_self&#8221; port_start=&#8221;8&#8243; filter=&#8221;yes&#8221; filter_type=&#8221;filter_type_1&#8243; filter_text_color=&#8221;&#8221; filter_background_color=&#8221;&#8221; filter_border_color=&#8221;&#8221; selected_filter_bg_color=&#8221;&#8221; port_navigation=&#8221;&#8221; nav_bg=&#8221;&#8221; nav_color=&#8221;&#8221; nav_border=&#8221;&#8221; nav_hover_color=&#8221;&#8221; nav_hover_bg=&#8221;&#8221; port_click=&#8221;4&#8243; button_bg=&#8221;&#8221; button_title=&#8221;&#8221; button_border=&#8221;&#8221; button_hover_title=&#8221;&#8221; button_hover_bg=&#8221;&#8221;][vc_column][vc_custom_heading text=&#8221;FOTOWOLTAIKA&#8221; font_container=&#8221;tag:h2|font_size:30|text_align:center|color:%235b5b5b|line_height:3&#8243; google_fonts=&#8221;font_family:Lato%3A100%2C100italic%2C300%2C300italic%2Cregular%2Citalic%2C700%2C700italic%2C900%2C900italic|font_style:900%20bold%20regular%3A900%3Anormal&#8221; css=&#8221;.vc_custom_1593082644734{margin-bottom: 50px !important;}&#8221; el_class=&#8221;letterspacing-3&#8243;][\/vc_column][\/vc_row][vc_row][vc_column]<style type=\"text\/css\" >#ic_j6szbv8npozjjlzf8pxj {margin:0px auto 0px; }#ic_j6szbv8npozjjlzf8pxj .owl-prev,#ic_j6szbv8npozjjlzf8pxj .owl-next{border-color:#ecf0f1; background:#ffffff; color:#a1b1bc; }#ic_j6szbv8npozjjlzf8pxj .owl-prev:hover,#ic_j6szbv8npozjjlzf8pxj .owl-next:hover{background:#f9fafb; color:#2c3e50; }#ic_j6szbv8npozjjlzf8pxj .owl-prev:before,#ic_j6szbv8npozjjlzf8pxj .owl-next:after{border-color:#a1b1bc; }#ic_j6szbv8npozjjlzf8pxj .owl-prev:hover::before,#ic_j6szbv8npozjjlzf8pxj .owl-next:hover::after{border-color:#2c3e50; }#ic_j6szbv8npozjjlzf8pxj .owl-dot{ background:#ffffff; border-color:#ecf0f1; }#ic_j6szbv8npozjjlzf8pxj .owl-dot.active{ background:#1c83d8; border-color:#ecf0f1;}<\/style><script type=\"text\/javascript\" charset=\"utf-8\">\r\n\r\n\t\tjQuery.noConflict();\r\n\t\/\/setup up Carousel\r\n\t\tjQuery(document).ready(function($) {\r\n\t\"use strict\";\r\n\t$(window).load(function(){\r\n\t\t$(\"#ic_j6szbv8npozjjlzf8pxj\").owlCarousel({\r\n\t\t\trtl: $(\"body\").hasClass(\"rtl\") ? true : false,\r\n\t\t\tresponsiveClass:true,\r\n\t\t\tcenter:true,\r\n\t\t\tloop:true,\r\n\t\t\tresponsive:{\r\n\t\t\t\t0:{\r\n\t\t\t\t\titems:1,\r\n\t\t\t    },\r\n\t\t\t    780:{\r\n\t\t\t        items:2,\r\n\t\t\t\t},\r\n\t\t\t\t1000:{\r\n\t\t\t\t    items:2,\r\n\t\t\t\t},\r\n\t\t\t},\r\n\t\t\t autoplay:true,\r\n\t\t\t autoplaySpeed: 800,\r\n\t   \t \t dots:true,\r\n\t\t\t nav:true,\r\n\t\r\n\t\t});\r\n\t});\r\n});\r\n\r\n<\/script><div class=\"tt_testimonials_ctn rd_ic_center   \" id=\"ic_j6szbv8npozjjlzf8pxj\" style=\"margin-top:0px; margin-bottom:0px;\"><a href=\"https:\/\/hydro-partner.pl\/wp-content\/uploads\/2020\/06\/20200410_144940y-1024x603.jpg\"  rel=\"prettyPhoto[rel-j6szbv8npozjjlzf8pxj]\" ><img loading=\"lazy\" decoding=\"async\" width=\"1500\" height=\"884\" src=\"https:\/\/hydro-partner.pl\/wp-content\/uploads\/2020\/06\/20200410_144940y.jpg\" class=\"attachment-full\" alt=\"\" srcset=\"https:\/\/hydro-partner.pl\/wp-content\/uploads\/2020\/06\/20200410_144940y.jpg 1500w, https:\/\/hydro-partner.pl\/wp-content\/uploads\/2020\/06\/20200410_144940y-300x177.jpg 300w, https:\/\/hydro-partner.pl\/wp-content\/uploads\/2020\/06\/20200410_144940y-1024x603.jpg 1024w, https:\/\/hydro-partner.pl\/wp-content\/uploads\/2020\/06\/20200410_144940y-768x453.jpg 768w\" sizes=\"(max-width: 1500px) 100vw, 1500px\" \/><\/a><a href=\"https:\/\/hydro-partner.pl\/wp-content\/uploads\/2020\/06\/IMG_20200505_083507x-1024x576.jpg\"  rel=\"prettyPhoto[rel-j6szbv8npozjjlzf8pxj]\" ><img loading=\"lazy\" decoding=\"async\" width=\"1500\" height=\"844\" src=\"https:\/\/hydro-partner.pl\/wp-content\/uploads\/2020\/06\/IMG_20200505_083507x.jpg\" class=\"attachment-full\" alt=\"\" srcset=\"https:\/\/hydro-partner.pl\/wp-content\/uploads\/2020\/06\/IMG_20200505_083507x.jpg 1500w, https:\/\/hydro-partner.pl\/wp-content\/uploads\/2020\/06\/IMG_20200505_083507x-300x169.jpg 300w, https:\/\/hydro-partner.pl\/wp-content\/uploads\/2020\/06\/IMG_20200505_083507x-1024x576.jpg 1024w, https:\/\/hydro-partner.pl\/wp-content\/uploads\/2020\/06\/IMG_20200505_083507x-768x432.jpg 768w\" sizes=\"(max-width: 1500px) 100vw, 1500px\" \/><\/a><a href=\"https:\/\/hydro-partner.pl\/wp-content\/uploads\/2020\/06\/IMG_20200505_083847_1x-1024x576.jpg\"  rel=\"prettyPhoto[rel-j6szbv8npozjjlzf8pxj]\" ><img loading=\"lazy\" decoding=\"async\" width=\"1500\" height=\"844\" src=\"https:\/\/hydro-partner.pl\/wp-content\/uploads\/2020\/06\/IMG_20200505_083847_1x.jpg\" class=\"attachment-full\" alt=\"\" srcset=\"https:\/\/hydro-partner.pl\/wp-content\/uploads\/2020\/06\/IMG_20200505_083847_1x.jpg 1500w, https:\/\/hydro-partner.pl\/wp-content\/uploads\/2020\/06\/IMG_20200505_083847_1x-300x169.jpg 300w, https:\/\/hydro-partner.pl\/wp-content\/uploads\/2020\/06\/IMG_20200505_083847_1x-1024x576.jpg 1024w, https:\/\/hydro-partner.pl\/wp-content\/uploads\/2020\/06\/IMG_20200505_083847_1x-768x432.jpg 768w\" sizes=\"(max-width: 1500px) 100vw, 1500px\" \/><\/a><a href=\"https:\/\/hydro-partner.pl\/wp-content\/uploads\/2020\/06\/IMG_20200505_083906x-1024x576.jpg\"  rel=\"prettyPhoto[rel-j6szbv8npozjjlzf8pxj]\" ><img loading=\"lazy\" decoding=\"async\" width=\"1500\" height=\"844\" src=\"https:\/\/hydro-partner.pl\/wp-content\/uploads\/2020\/06\/IMG_20200505_083906x.jpg\" class=\"attachment-full\" alt=\"\" srcset=\"https:\/\/hydro-partner.pl\/wp-content\/uploads\/2020\/06\/IMG_20200505_083906x.jpg 1500w, https:\/\/hydro-partner.pl\/wp-content\/uploads\/2020\/06\/IMG_20200505_083906x-300x169.jpg 300w, https:\/\/hydro-partner.pl\/wp-content\/uploads\/2020\/06\/IMG_20200505_083906x-1024x576.jpg 1024w, https:\/\/hydro-partner.pl\/wp-content\/uploads\/2020\/06\/IMG_20200505_083906x-768x432.jpg 768w\" sizes=\"(max-width: 1500px) 100vw, 1500px\" \/><\/a><\/div>[\/vc_column][\/vc_row][vc_row font_color=&#8221;#666666&#8243;][vc_column css=&#8221;.vc_custom_1592222193758{margin-right: 75px !important;margin-left: 75px !important;}&#8221;][vc_column_text]Firma Hydro-Partner, wyspecjalizowana w doborze i budowie obiekt\u00f3w bran\u017cy wodno- kanalizacyjnej oraz ochrony \u015brodowiska i gospodarki wodnej, wychodz\u0105c naprzeciw trendom i oczekiwaniom klient\u00f3w oferuje kompletne instalacje fotowoltaiczne.<br \/>\nNasze inwestycje realizujemy kompleksowo od projektu do uruchomienia instalacji:<\/p>\n<ul>\n<li>wizja lokalna z audytem mo\u017cliwo\u015bci monta\u017cu instalacji,<\/li>\n<li>projektowanie systemu oraz dob\u00f3r jego element\u00f3w,<\/li>\n<li>dostawa oraz monta\u017c kompletnych system\u00f3w fotowoltaicznych wraz z dokumentacj\u0105,<\/li>\n<li>z\u0142o\u017cenie niezb\u0119dnych wniosk\u00f3w oraz zg\u0142osze\u0144 do Operatora Sieci Dystrybucyjnej.<\/li>\n<\/ul>\n<p>W oparciu o wieloletnie do\u015bwiadczenie w bran\u017cy elektrycznej nasze inwestycje wykonujemy kompleksowo, a maj\u0105c na uwadze d\u0142ug\u0105 \u017cywotno\u015b\u0107 instalacji wykonujemy je z niebywa\u0142\u0105 staranno\u015bci\u0105 i zachowaniem norm bezpiecze\u0144stwa. U\u017cywane przez nas komponenty pochodz\u0105 od powa\u017canych producent\u00f3w z wieloletnim sta\u017cem w bran\u017cy fotowoltaiki (m.in. Solaredge, Jinko Solar, Q.Cells,Corab, Energy5 i wielu innych).[\/vc_column_text][\/vc_column][\/vc_row]<\/p>\n","protected":false},"excerpt":{"rendered":"<p>[vc_row overlay=&#8221;rd_hover_goliath&#8221; overlay_color=&#8221;&#8221; port_type=&#8221;port_type_5&#8243; port_bg_color=&#8221;&#8221; port_title_color=&#8221;&#8221; port_text_color=&#8221;&#8221; port_button_color=&#8221;&#8221; port_border_color=&#8221;&#8221; port_hover_bg_color=&#8221;&#8221; port_hover_title_color=&#8221;&#8221; port_hover_text_color=&#8221;&#8221; port_hover_button_color=&#8221;&#8221; port_hover_border_color=&#8221;&#8221; desc_title=&#8221;&#8221; desc_cat=&#8221;&#8221; overlay_color_2=&#8221;&#8221; desc_border=&#8221;&#8221; port_thumbnail=&#8221;thumbnail_type_2&#8243; port_layout=&#8221;3 columns&#8221; category=&#8221;pompy&#8221; tags=&#8221;all&#8221; port_order=&#8221;DESC&#8221; port_orderby=&#8221;date&#8221; target=&#8221;_self&#8221; port_start=&#8221;8&#8243; filter=&#8221;yes&#8221; filter_type=&#8221;filter_type_1&#8243; filter_text_color=&#8221;&#8221; filter_background_color=&#8221;&#8221; filter_border_color=&#8221;&#8221; selected_filter_bg_color=&#8221;&#8221; port_navigation=&#8221;&#8221; nav_bg=&#8221;&#8221; nav_color=&#8221;&#8221; nav_border=&#8221;&#8221; nav_hover_color=&#8221;&#8221; nav_hover_bg=&#8221;&#8221; port_click=&#8221;4&#8243; button_bg=&#8221;&#8221; button_title=&#8221;&#8221; button_border=&#8221;&#8221; button_hover_title=&#8221;&#8221; button_hover_bg=&#8221;&#8221;][vc_column][vc_custom_heading text=&#8221;FOTOWOLTAIKA&#8221; font_container=&#8221;tag:h2|font_size:30|text_align:center|color:%235b5b5b|line_height:3&#8243; google_fonts=&#8221;font_family:Lato%3A100%2C100italic%2C300%2C300italic%2Cregular%2Citalic%2C700%2C700italic%2C900%2C900italic|font_style:900%20bold%20regular%3A900%3Anormal&#8221; css=&#8221;.vc_custom_1593082644734{margin-bottom: 50px !important;}&#8221; el_class=&#8221;letterspacing-3&#8243;][\/vc_column][\/vc_row][vc_row][vc_column][\/vc_column][\/vc_row][vc_row font_color=&#8221;#666666&#8243;][vc_column css=&#8221;.vc_custom_1592222193758{margin-right: 75px<br \/><a href=\"https:\/\/hydro-partner.pl\/automatyka-2\/fotowoltaika\/\" class=\"more\">Read more<\/a><\/p>\n","protected":false},"author":1,"featured_media":0,"parent":7796,"menu_order":0,"comment_status":"closed","ping_status":"open","template":"","meta":{"_uf_show_specific_survey":0,"_uf_disable_surveys":false,"footnotes":""},"_links":{"self":[{"href":"https:\/\/hydro-partner.pl\/wp-json\/wp\/v2\/pages\/8119"}],"collection":[{"href":"https:\/\/hydro-partner.pl\/wp-json\/wp\/v2\/pages"}],"about":[{"href":"https:\/\/hydro-partner.pl\/wp-json\/wp\/v2\/types\/page"}],"author":[{"embeddable":true,"href":"https:\/\/hydro-partner.pl\/wp-json\/wp\/v2\/users\/1"}],"replies":[{"embeddable":true,"href":"https:\/\/hydro-partner.pl\/wp-json\/wp\/v2\/comments?post=8119"}],"version-history":[{"count":1,"href":"https:\/\/hydro-partner.pl\/wp-json\/wp\/v2\/pages\/8119\/revisions"}],"predecessor-version":[{"id":8124,"href":"https:\/\/hydro-partner.pl\/wp-json\/wp\/v2\/pages\/8119\/revisions\/8124"}],"up":[{"embeddable":true,"href":"https:\/\/hydro-partner.pl\/wp-json\/wp\/v2\/pages\/7796"}],"wp:attachment":[{"href":"https:\/\/hydro-partner.pl\/wp-json\/wp\/v2\/media?parent=8119"}],"curies":[{"name":"wp","href":"https:\/\/api.w.org\/{rel}","templated":true}]}}