{"id":8094,"date":"2020-06-16T17:11:54","date_gmt":"2020-06-16T15:11:54","guid":{"rendered":"http:\/\/hydro-partner.pl\/?page_id=8094"},"modified":"2020-06-16T17:12:34","modified_gmt":"2020-06-16T15:12:34","slug":"monitoring","status":"publish","type":"page","link":"https:\/\/hydro-partner.pl\/automatyka-2\/monitoring\/","title":{"rendered":"Monitoring"},"content":{"rendered":"<p>[vc_row overlay=&#8221;rd_hover_goliath&#8221; overlay_color=&#8221;&#8221; port_type=&#8221;port_type_5&#8243; port_bg_color=&#8221;&#8221; port_title_color=&#8221;&#8221; port_text_color=&#8221;&#8221; port_button_color=&#8221;&#8221; port_border_color=&#8221;&#8221; port_hover_bg_color=&#8221;&#8221; port_hover_title_color=&#8221;&#8221; port_hover_text_color=&#8221;&#8221; port_hover_button_color=&#8221;&#8221; port_hover_border_color=&#8221;&#8221; desc_title=&#8221;&#8221; desc_cat=&#8221;&#8221; overlay_color_2=&#8221;&#8221; desc_border=&#8221;&#8221; port_thumbnail=&#8221;thumbnail_type_2&#8243; port_layout=&#8221;3 columns&#8221; category=&#8221;pompy&#8221; tags=&#8221;all&#8221; port_order=&#8221;DESC&#8221; port_orderby=&#8221;date&#8221; target=&#8221;_self&#8221; port_start=&#8221;8&#8243; filter=&#8221;yes&#8221; filter_type=&#8221;filter_type_1&#8243; filter_text_color=&#8221;&#8221; filter_background_color=&#8221;&#8221; filter_border_color=&#8221;&#8221; selected_filter_bg_color=&#8221;&#8221; port_navigation=&#8221;&#8221; nav_bg=&#8221;&#8221; nav_color=&#8221;&#8221; nav_border=&#8221;&#8221; nav_hover_color=&#8221;&#8221; nav_hover_bg=&#8221;&#8221; port_click=&#8221;4&#8243; button_bg=&#8221;&#8221; button_title=&#8221;&#8221; button_border=&#8221;&#8221; button_hover_title=&#8221;&#8221; button_hover_bg=&#8221;&#8221;][vc_column][vc_custom_heading text=&#8221;MONITORING&#8221; font_container=&#8221;tag:h2|font_size:30|text_align:center|color:%235b5b5b|line_height:3&#8243; google_fonts=&#8221;font_family:Lato%3A100%2C100italic%2C300%2C300italic%2Cregular%2Citalic%2C700%2C700italic%2C900%2C900italic|font_style:900%20bold%20regular%3A900%3Anormal&#8221; css=&#8221;.vc_custom_1592320173099{margin-bottom: 50px !important;}&#8221; el_class=&#8221;letterspacing-3&#8243;][\/vc_column][\/vc_row][vc_row][vc_column]<style type=\"text\/css\" >#ic_dxtep32n4m10pn2ywdwx {margin:0px auto 0px; }#ic_dxtep32n4m10pn2ywdwx .owl-prev,#ic_dxtep32n4m10pn2ywdwx .owl-next{border-color:#ecf0f1; background:#ffffff; color:#a1b1bc; }#ic_dxtep32n4m10pn2ywdwx .owl-prev:hover,#ic_dxtep32n4m10pn2ywdwx .owl-next:hover{background:#f9fafb; color:#2c3e50; }#ic_dxtep32n4m10pn2ywdwx .owl-prev:before,#ic_dxtep32n4m10pn2ywdwx .owl-next:after{border-color:#a1b1bc; }#ic_dxtep32n4m10pn2ywdwx .owl-prev:hover::before,#ic_dxtep32n4m10pn2ywdwx .owl-next:hover::after{border-color:#2c3e50; }#ic_dxtep32n4m10pn2ywdwx .owl-dot{ background:#ffffff; border-color:#ecf0f1; }#ic_dxtep32n4m10pn2ywdwx .owl-dot.active{ background:#1c83d8; border-color:#ecf0f1;}<\/style><script type=\"text\/javascript\" charset=\"utf-8\">\r\n\r\n\t\tjQuery.noConflict();\r\n\t\/\/setup up Carousel\r\n\t\tjQuery(document).ready(function($) {\r\n\t\"use strict\";\r\n\t$(window).load(function(){\r\n\t\t$(\"#ic_dxtep32n4m10pn2ywdwx\").owlCarousel({\r\n\t\t\trtl: $(\"body\").hasClass(\"rtl\") ? true : false,\r\n\t\t\tresponsiveClass:true,\r\n\t\t\tcenter:true,\r\n\t\t\tloop:true,\r\n\t\t\tresponsive:{\r\n\t\t\t\t0:{\r\n\t\t\t\t\titems:1,\r\n\t\t\t    },\r\n\t\t\t    780:{\r\n\t\t\t        items:2,\r\n\t\t\t\t},\r\n\t\t\t\t1000:{\r\n\t\t\t\t    items:2,\r\n\t\t\t\t},\r\n\t\t\t},\r\n\t\t\t autoplay:true,\r\n\t\t\t autoplaySpeed: 800,\r\n\t   \t \t dots:true,\r\n\t\t\t nav:true,\r\n\t\r\n\t\t});\r\n\t});\r\n});\r\n\r\n<\/script><div class=\"tt_testimonials_ctn rd_ic_center   \" id=\"ic_dxtep32n4m10pn2ywdwx\" style=\"margin-top:0px; margin-bottom:0px;\"><a href=\"https:\/\/hydro-partner.pl\/wp-content\/uploads\/2020\/06\/2018-08-14_09h39_21x-1024x573.png\"  rel=\"prettyPhoto[rel-dxtep32n4m10pn2ywdwx]\" ><img loading=\"lazy\" decoding=\"async\" width=\"1500\" height=\"840\" src=\"https:\/\/hydro-partner.pl\/wp-content\/uploads\/2020\/06\/2018-08-14_09h39_21x.png\" class=\"attachment-full\" alt=\"\" srcset=\"https:\/\/hydro-partner.pl\/wp-content\/uploads\/2020\/06\/2018-08-14_09h39_21x.png 1500w, https:\/\/hydro-partner.pl\/wp-content\/uploads\/2020\/06\/2018-08-14_09h39_21x-300x168.png 300w, https:\/\/hydro-partner.pl\/wp-content\/uploads\/2020\/06\/2018-08-14_09h39_21x-1024x573.png 1024w, https:\/\/hydro-partner.pl\/wp-content\/uploads\/2020\/06\/2018-08-14_09h39_21x-768x430.png 768w\" sizes=\"(max-width: 1500px) 100vw, 1500px\" \/><\/a><a href=\"https:\/\/hydro-partner.pl\/wp-content\/uploads\/2020\/06\/2018-08-14_09h40_28x-1024x576.png\"  rel=\"prettyPhoto[rel-dxtep32n4m10pn2ywdwx]\" ><img loading=\"lazy\" decoding=\"async\" width=\"1500\" height=\"844\" src=\"https:\/\/hydro-partner.pl\/wp-content\/uploads\/2020\/06\/2018-08-14_09h40_28x.png\" class=\"attachment-full\" alt=\"\" srcset=\"https:\/\/hydro-partner.pl\/wp-content\/uploads\/2020\/06\/2018-08-14_09h40_28x.png 1500w, https:\/\/hydro-partner.pl\/wp-content\/uploads\/2020\/06\/2018-08-14_09h40_28x-300x169.png 300w, https:\/\/hydro-partner.pl\/wp-content\/uploads\/2020\/06\/2018-08-14_09h40_28x-1024x576.png 1024w, https:\/\/hydro-partner.pl\/wp-content\/uploads\/2020\/06\/2018-08-14_09h40_28x-768x432.png 768w\" sizes=\"(max-width: 1500px) 100vw, 1500px\" \/><\/a><a href=\"https:\/\/hydro-partner.pl\/wp-content\/uploads\/2020\/06\/2018-08-14_09h42_16x-1024x575.png\"  rel=\"prettyPhoto[rel-dxtep32n4m10pn2ywdwx]\" ><img loading=\"lazy\" decoding=\"async\" width=\"1500\" height=\"842\" src=\"https:\/\/hydro-partner.pl\/wp-content\/uploads\/2020\/06\/2018-08-14_09h42_16x.png\" class=\"attachment-full\" alt=\"\" srcset=\"https:\/\/hydro-partner.pl\/wp-content\/uploads\/2020\/06\/2018-08-14_09h42_16x.png 1500w, https:\/\/hydro-partner.pl\/wp-content\/uploads\/2020\/06\/2018-08-14_09h42_16x-300x168.png 300w, https:\/\/hydro-partner.pl\/wp-content\/uploads\/2020\/06\/2018-08-14_09h42_16x-1024x575.png 1024w, https:\/\/hydro-partner.pl\/wp-content\/uploads\/2020\/06\/2018-08-14_09h42_16x-768x431.png 768w\" sizes=\"(max-width: 1500px) 100vw, 1500px\" \/><\/a><a href=\"https:\/\/hydro-partner.pl\/wp-content\/uploads\/2020\/06\/2018-08-14_09h54_33x-1024x577.png\"  rel=\"prettyPhoto[rel-dxtep32n4m10pn2ywdwx]\" ><img loading=\"lazy\" decoding=\"async\" width=\"1500\" height=\"845\" src=\"https:\/\/hydro-partner.pl\/wp-content\/uploads\/2020\/06\/2018-08-14_09h54_33x.png\" class=\"attachment-full\" alt=\"\" srcset=\"https:\/\/hydro-partner.pl\/wp-content\/uploads\/2020\/06\/2018-08-14_09h54_33x.png 1500w, https:\/\/hydro-partner.pl\/wp-content\/uploads\/2020\/06\/2018-08-14_09h54_33x-300x169.png 300w, https:\/\/hydro-partner.pl\/wp-content\/uploads\/2020\/06\/2018-08-14_09h54_33x-1024x577.png 1024w, https:\/\/hydro-partner.pl\/wp-content\/uploads\/2020\/06\/2018-08-14_09h54_33x-768x433.png 768w\" sizes=\"(max-width: 1500px) 100vw, 1500px\" \/><\/a><a href=\"https:\/\/hydro-partner.pl\/wp-content\/uploads\/2020\/06\/20190531_111802x-1024x768.jpg\"  rel=\"prettyPhoto[rel-dxtep32n4m10pn2ywdwx]\" ><img loading=\"lazy\" decoding=\"async\" width=\"1500\" height=\"1125\" src=\"https:\/\/hydro-partner.pl\/wp-content\/uploads\/2020\/06\/20190531_111802x.jpg\" class=\"attachment-full\" alt=\"\" srcset=\"https:\/\/hydro-partner.pl\/wp-content\/uploads\/2020\/06\/20190531_111802x.jpg 1500w, https:\/\/hydro-partner.pl\/wp-content\/uploads\/2020\/06\/20190531_111802x-300x225.jpg 300w, https:\/\/hydro-partner.pl\/wp-content\/uploads\/2020\/06\/20190531_111802x-1024x768.jpg 1024w, https:\/\/hydro-partner.pl\/wp-content\/uploads\/2020\/06\/20190531_111802x-768x576.jpg 768w\" sizes=\"(max-width: 1500px) 100vw, 1500px\" \/><\/a><\/div>[\/vc_column][\/vc_row][vc_row font_color=&#8221;#666666&#8243;][vc_column css=&#8221;.vc_custom_1592222193758{margin-right: 75px !important;margin-left: 75px !important;}&#8221;][vc_column_text]HYDRO-PARTNER tworzy rozwi\u0105zania pozwalaj\u0105ce na monitoring, wizualizacj\u0119 i zdalne sterowanie dowolnymi procesami technologicznymi za pomoc\u0105 system\u00f3w SCADA (ang. Supervisory, Control and Data Aquisition).<\/p>\n<p>Programujemy systemy sterowania, tworzymy wizualizacj\u0119 proces\u00f3w, konfigurujemy je i uruchamiamy.<\/p>\n<p>Systemy maj\u0105 charakter modu\u0142owy tzn. poszczeg\u00f3lne funkcje s\u0105 realizowane przez pracuj\u0105ce r\u00f3wnolegle modu\u0142y. Umo\u017cliwiaj\u0105 szybsz\u0105 reakcj\u0119 na problemy, zmniejszenie zu\u017cycia materia\u0142\u00f3w, podniesienie jako\u015bci eksploatacji.<\/p>\n<p>Cechy systemu:<\/p>\n<ul>\n<li>mo\u017cliwo\u015b\u0107 stosowania w dowolnej ga\u0142\u0119zi przemys\u0142u,<\/li>\n<li>praca w \u015brodowisku Microsoft Windows x32 i x64 (Windows 7, 8, 10, 2008, 2003, Vista, XP),<\/li>\n<li>modu\u0142owa architektura wizualizacji, raport\u00f3w, alarm\u00f3w oraz trend\u00f3w historycznych,<\/li>\n<li>rozbudowany system alarm\u00f3w,<\/li>\n<li>elastyczno\u015b\u0107 i skalowalno\u015b\u0107,<\/li>\n<li>obs\u0142uga szerokiej gamy \u0142\u0105czy komunikacyjnych np.: \u0142\u0105cza szeregowe bezpo\u015brednie, GSM\/GPRS,<\/li>\n<li>\u0142\u0105cza radiowe, UDP\/TCP, LAN, WAN,<\/li>\n<li>obs\u0142uga interfejs\u00f3w OPC,<\/li>\n<li>obs\u0142uga j\u0119zyka skryptowego do realizacji dowolnych procedur u\u017cytkownika,<\/li>\n<li>\u0142atwo\u015b\u0107 rozszerzenia licencji,<\/li>\n<li>przechowywanie danych w plikach dyskowych, bazie MS SQL,<\/li>\n<li>gromadzenie i przetwarzanie danych.<\/li>\n<\/ul>\n<p>&nbsp;<\/p>\n<p>Przyk\u0142adowe systemy SCADA na kt\u00f3rych zosta\u0142y zrealizowane nasz aplikacje:<\/p>\n<ul>\n<li>Asix,<\/li>\n<li>GE HMI\/SCADA CIMPLICITY,<\/li>\n<li>GE HMI\/SCADA iFIX,<\/li>\n<li>HYDRONETWEB v.6<\/li>\n<li>HydroSCADA,<\/li>\n<li>PRO-2000,<\/li>\n<li>Wonderware InTouch,<\/li>\n<li>TelWin SCADA.<\/li>\n<\/ul>\n<p>[\/vc_column_text][\/vc_column][\/vc_row]<\/p>\n","protected":false},"excerpt":{"rendered":"<p>[vc_row overlay=&#8221;rd_hover_goliath&#8221; overlay_color=&#8221;&#8221; port_type=&#8221;port_type_5&#8243; port_bg_color=&#8221;&#8221; port_title_color=&#8221;&#8221; port_text_color=&#8221;&#8221; port_button_color=&#8221;&#8221; port_border_color=&#8221;&#8221; port_hover_bg_color=&#8221;&#8221; port_hover_title_color=&#8221;&#8221; port_hover_text_color=&#8221;&#8221; port_hover_button_color=&#8221;&#8221; port_hover_border_color=&#8221;&#8221; desc_title=&#8221;&#8221; desc_cat=&#8221;&#8221; overlay_color_2=&#8221;&#8221; desc_border=&#8221;&#8221; port_thumbnail=&#8221;thumbnail_type_2&#8243; port_layout=&#8221;3 columns&#8221; category=&#8221;pompy&#8221; tags=&#8221;all&#8221; port_order=&#8221;DESC&#8221; port_orderby=&#8221;date&#8221; target=&#8221;_self&#8221; port_start=&#8221;8&#8243; filter=&#8221;yes&#8221; filter_type=&#8221;filter_type_1&#8243; filter_text_color=&#8221;&#8221; filter_background_color=&#8221;&#8221; filter_border_color=&#8221;&#8221; selected_filter_bg_color=&#8221;&#8221; port_navigation=&#8221;&#8221; nav_bg=&#8221;&#8221; nav_color=&#8221;&#8221; nav_border=&#8221;&#8221; nav_hover_color=&#8221;&#8221; nav_hover_bg=&#8221;&#8221; port_click=&#8221;4&#8243; button_bg=&#8221;&#8221; button_title=&#8221;&#8221; button_border=&#8221;&#8221; button_hover_title=&#8221;&#8221; button_hover_bg=&#8221;&#8221;][vc_column][vc_custom_heading text=&#8221;MONITORING&#8221; font_container=&#8221;tag:h2|font_size:30|text_align:center|color:%235b5b5b|line_height:3&#8243; google_fonts=&#8221;font_family:Lato%3A100%2C100italic%2C300%2C300italic%2Cregular%2Citalic%2C700%2C700italic%2C900%2C900italic|font_style:900%20bold%20regular%3A900%3Anormal&#8221; css=&#8221;.vc_custom_1592320173099{margin-bottom: 50px !important;}&#8221; el_class=&#8221;letterspacing-3&#8243;][\/vc_column][\/vc_row][vc_row][vc_column][\/vc_column][\/vc_row][vc_row font_color=&#8221;#666666&#8243;][vc_column css=&#8221;.vc_custom_1592222193758{margin-right: 75px<br \/><a href=\"https:\/\/hydro-partner.pl\/automatyka-2\/monitoring\/\" class=\"more\">Read more<\/a><\/p>\n","protected":false},"author":1,"featured_media":0,"parent":7796,"menu_order":0,"comment_status":"closed","ping_status":"open","template":"","meta":{"_uf_show_specific_survey":0,"_uf_disable_surveys":false,"footnotes":""},"_links":{"self":[{"href":"https:\/\/hydro-partner.pl\/wp-json\/wp\/v2\/pages\/8094"}],"collection":[{"href":"https:\/\/hydro-partner.pl\/wp-json\/wp\/v2\/pages"}],"about":[{"href":"https:\/\/hydro-partner.pl\/wp-json\/wp\/v2\/types\/page"}],"author":[{"embeddable":true,"href":"https:\/\/hydro-partner.pl\/wp-json\/wp\/v2\/users\/1"}],"replies":[{"embeddable":true,"href":"https:\/\/hydro-partner.pl\/wp-json\/wp\/v2\/comments?post=8094"}],"version-history":[{"count":2,"href":"https:\/\/hydro-partner.pl\/wp-json\/wp\/v2\/pages\/8094\/revisions"}],"predecessor-version":[{"id":8101,"href":"https:\/\/hydro-partner.pl\/wp-json\/wp\/v2\/pages\/8094\/revisions\/8101"}],"up":[{"embeddable":true,"href":"https:\/\/hydro-partner.pl\/wp-json\/wp\/v2\/pages\/7796"}],"wp:attachment":[{"href":"https:\/\/hydro-partner.pl\/wp-json\/wp\/v2\/media?parent=8094"}],"curies":[{"name":"wp","href":"https:\/\/api.w.org\/{rel}","templated":true}]}}