{"id":8078,"date":"2020-06-16T16:53:25","date_gmt":"2020-06-16T14:53:25","guid":{"rendered":"http:\/\/hydro-partner.pl\/?page_id=8078"},"modified":"2020-06-25T14:32:08","modified_gmt":"2020-06-25T12:32:08","slug":"szafy-sterownicze","status":"publish","type":"page","link":"https:\/\/hydro-partner.pl\/automatyka-2\/szafy-sterownicze\/","title":{"rendered":"Szafy sterownicze"},"content":{"rendered":"<p>[vc_row overlay=&#8221;rd_hover_goliath&#8221; overlay_color=&#8221;&#8221; port_type=&#8221;port_type_5&#8243; port_bg_color=&#8221;&#8221; port_title_color=&#8221;&#8221; port_text_color=&#8221;&#8221; port_button_color=&#8221;&#8221; port_border_color=&#8221;&#8221; port_hover_bg_color=&#8221;&#8221; port_hover_title_color=&#8221;&#8221; port_hover_text_color=&#8221;&#8221; port_hover_button_color=&#8221;&#8221; port_hover_border_color=&#8221;&#8221; desc_title=&#8221;&#8221; desc_cat=&#8221;&#8221; overlay_color_2=&#8221;&#8221; desc_border=&#8221;&#8221; port_thumbnail=&#8221;thumbnail_type_2&#8243; port_layout=&#8221;3 columns&#8221; category=&#8221;pompy&#8221; tags=&#8221;all&#8221; port_order=&#8221;DESC&#8221; port_orderby=&#8221;date&#8221; target=&#8221;_self&#8221; port_start=&#8221;8&#8243; filter=&#8221;yes&#8221; filter_type=&#8221;filter_type_1&#8243; filter_text_color=&#8221;&#8221; filter_background_color=&#8221;&#8221; filter_border_color=&#8221;&#8221; selected_filter_bg_color=&#8221;&#8221; port_navigation=&#8221;&#8221; nav_bg=&#8221;&#8221; nav_color=&#8221;&#8221; nav_border=&#8221;&#8221; nav_hover_color=&#8221;&#8221; nav_hover_bg=&#8221;&#8221; port_click=&#8221;4&#8243; button_bg=&#8221;&#8221; button_title=&#8221;&#8221; button_border=&#8221;&#8221; button_hover_title=&#8221;&#8221; button_hover_bg=&#8221;&#8221;][vc_column][vc_custom_heading text=&#8221;SZAFY STEROWNICZE&#8221; font_container=&#8221;tag:h2|font_size:30|text_align:center|color:%235b5b5b|line_height:3&#8243; google_fonts=&#8221;font_family:Lato%3A100%2C100italic%2C300%2C300italic%2Cregular%2Citalic%2C700%2C700italic%2C900%2C900italic|font_style:900%20bold%20regular%3A900%3Anormal&#8221; css=&#8221;.vc_custom_1592319347465{margin-bottom: 50px !important;}&#8221; el_class=&#8221;letterspacing-3&#8243;][\/vc_column][\/vc_row][vc_row][vc_column]<style type=\"text\/css\" >#ic_mm0dsiuwqlgdxvaxtcvg {margin:0px auto 0px; }#ic_mm0dsiuwqlgdxvaxtcvg .owl-prev,#ic_mm0dsiuwqlgdxvaxtcvg .owl-next{border-color:#ecf0f1; background:#ffffff; color:#a1b1bc; }#ic_mm0dsiuwqlgdxvaxtcvg .owl-prev:hover,#ic_mm0dsiuwqlgdxvaxtcvg .owl-next:hover{background:#f9fafb; color:#2c3e50; }#ic_mm0dsiuwqlgdxvaxtcvg .owl-prev:before,#ic_mm0dsiuwqlgdxvaxtcvg .owl-next:after{border-color:#a1b1bc; }#ic_mm0dsiuwqlgdxvaxtcvg .owl-prev:hover::before,#ic_mm0dsiuwqlgdxvaxtcvg .owl-next:hover::after{border-color:#2c3e50; }#ic_mm0dsiuwqlgdxvaxtcvg .owl-dot{ background:#ffffff; border-color:#ecf0f1; }#ic_mm0dsiuwqlgdxvaxtcvg .owl-dot.active{ background:#1c83d8; border-color:#ecf0f1;}<\/style><script type=\"text\/javascript\" charset=\"utf-8\">\r\n\r\n\t\tjQuery.noConflict();\r\n\t\/\/setup up Carousel\r\n\t\tjQuery(document).ready(function($) {\r\n\t\"use strict\";\r\n\t$(window).load(function(){\r\n\t\t$(\"#ic_mm0dsiuwqlgdxvaxtcvg\").owlCarousel({\r\n\t\t\trtl: $(\"body\").hasClass(\"rtl\") ? true : false,\r\n\t\t\tresponsiveClass:true,\r\n\t\t\tcenter:true,\r\n\t\t\tloop:true,\r\n\t\t\tresponsive:{\r\n\t\t\t\t0:{\r\n\t\t\t\t\titems:1,\r\n\t\t\t    },\r\n\t\t\t    780:{\r\n\t\t\t        items:2,\r\n\t\t\t\t},\r\n\t\t\t\t1000:{\r\n\t\t\t\t    items:2,\r\n\t\t\t\t},\r\n\t\t\t},\r\n\t\t\t autoplay:true,\r\n\t\t\t autoplaySpeed: 800,\r\n\t   \t \t dots:true,\r\n\t\t\t nav:true,\r\n\t\r\n\t\t});\r\n\t});\r\n});\r\n\r\n<\/script><div class=\"tt_testimonials_ctn rd_ic_center   \" id=\"ic_mm0dsiuwqlgdxvaxtcvg\" style=\"margin-top:0px; margin-bottom:0px;\"><a href=\"https:\/\/hydro-partner.pl\/wp-content\/uploads\/2020\/06\/20181220_095121x-1024x768.jpg\"  rel=\"prettyPhoto[rel-mm0dsiuwqlgdxvaxtcvg]\" ><img loading=\"lazy\" decoding=\"async\" width=\"1500\" height=\"1125\" src=\"https:\/\/hydro-partner.pl\/wp-content\/uploads\/2020\/06\/20181220_095121x.jpg\" class=\"attachment-full\" alt=\"\" srcset=\"https:\/\/hydro-partner.pl\/wp-content\/uploads\/2020\/06\/20181220_095121x.jpg 1500w, https:\/\/hydro-partner.pl\/wp-content\/uploads\/2020\/06\/20181220_095121x-300x225.jpg 300w, https:\/\/hydro-partner.pl\/wp-content\/uploads\/2020\/06\/20181220_095121x-1024x768.jpg 1024w, https:\/\/hydro-partner.pl\/wp-content\/uploads\/2020\/06\/20181220_095121x-768x576.jpg 768w\" sizes=\"(max-width: 1500px) 100vw, 1500px\" \/><\/a><a href=\"https:\/\/hydro-partner.pl\/wp-content\/uploads\/2020\/06\/20170718_091857x-1024x768.jpg\"  rel=\"prettyPhoto[rel-mm0dsiuwqlgdxvaxtcvg]\" ><img loading=\"lazy\" decoding=\"async\" width=\"1500\" height=\"1125\" src=\"https:\/\/hydro-partner.pl\/wp-content\/uploads\/2020\/06\/20170718_091857x.jpg\" class=\"attachment-full\" alt=\"\" srcset=\"https:\/\/hydro-partner.pl\/wp-content\/uploads\/2020\/06\/20170718_091857x.jpg 1500w, https:\/\/hydro-partner.pl\/wp-content\/uploads\/2020\/06\/20170718_091857x-300x225.jpg 300w, https:\/\/hydro-partner.pl\/wp-content\/uploads\/2020\/06\/20170718_091857x-1024x768.jpg 1024w, https:\/\/hydro-partner.pl\/wp-content\/uploads\/2020\/06\/20170718_091857x-768x576.jpg 768w\" sizes=\"(max-width: 1500px) 100vw, 1500px\" \/><\/a><a href=\"https:\/\/hydro-partner.pl\/wp-content\/uploads\/2020\/06\/20190606_082023x-1024x768.jpg\"  rel=\"prettyPhoto[rel-mm0dsiuwqlgdxvaxtcvg]\" ><img loading=\"lazy\" decoding=\"async\" width=\"1500\" height=\"1125\" src=\"https:\/\/hydro-partner.pl\/wp-content\/uploads\/2020\/06\/20190606_082023x.jpg\" class=\"attachment-full\" alt=\"\" srcset=\"https:\/\/hydro-partner.pl\/wp-content\/uploads\/2020\/06\/20190606_082023x.jpg 1500w, https:\/\/hydro-partner.pl\/wp-content\/uploads\/2020\/06\/20190606_082023x-300x225.jpg 300w, https:\/\/hydro-partner.pl\/wp-content\/uploads\/2020\/06\/20190606_082023x-1024x768.jpg 1024w, https:\/\/hydro-partner.pl\/wp-content\/uploads\/2020\/06\/20190606_082023x-768x576.jpg 768w\" sizes=\"(max-width: 1500px) 100vw, 1500px\" \/><\/a><a href=\"https:\/\/hydro-partner.pl\/wp-content\/uploads\/2020\/06\/20191115_123557x-1024x768.jpg\"  rel=\"prettyPhoto[rel-mm0dsiuwqlgdxvaxtcvg]\" ><img loading=\"lazy\" decoding=\"async\" width=\"1500\" height=\"1125\" src=\"https:\/\/hydro-partner.pl\/wp-content\/uploads\/2020\/06\/20191115_123557x.jpg\" class=\"attachment-full\" alt=\"\" srcset=\"https:\/\/hydro-partner.pl\/wp-content\/uploads\/2020\/06\/20191115_123557x.jpg 1500w, https:\/\/hydro-partner.pl\/wp-content\/uploads\/2020\/06\/20191115_123557x-300x225.jpg 300w, https:\/\/hydro-partner.pl\/wp-content\/uploads\/2020\/06\/20191115_123557x-1024x768.jpg 1024w, https:\/\/hydro-partner.pl\/wp-content\/uploads\/2020\/06\/20191115_123557x-768x576.jpg 768w\" sizes=\"(max-width: 1500px) 100vw, 1500px\" \/><\/a><\/div>[\/vc_column][\/vc_row][vc_row font_color=&#8221;#666666&#8243;][vc_column css=&#8221;.vc_custom_1592222193758{margin-right: 75px !important;margin-left: 75px !important;}&#8221;][vc_column_text]Firma Hydro-Partner Sp. z o.o. produkuje rozdzielnice zasilaj\u0105co-sterownicze dla obiekt\u00f3w szeroko poj\u0119tej gospodarki wodno-kanalizacyjnej. Dzi\u0119ki zdobytemu do\u015bwiadczeniu mo\u017cemy podj\u0105\u0107 si\u0119 kompleksowej realizacji od projektu po uruchomienie ka\u017cdego powierzonego zadania zwi\u0105zanego z produkcj\u0105 rozdzielnic.<\/p>\n<p>Dzi\u0119ki prefabrykacji rozdzielnic przez wyspecjalizowan\u0105 i do\u015bwiadczon\u0105 kadr\u0119 oraz korzystaniu z komponent\u00f3w czo\u0142owych producent\u00f3w takich, jak: Eaton, Lovato, ABB, Siemens, Fibox, Danfoss, Horner gwarantujemy wysok\u0105 jako\u015b\u0107 ich wykonania. Ka\u017cda rozdzielnica przed dostaw\u0105 przechodzi rygorystyczne testy jako\u015bci wykonania. Do ka\u017cdej rozdzielnicy do\u0142\u0105czana jest deklaracja zgodno\u015bci, szczeg\u00f3\u0142owa instrukcja eksploatacji oraz warunki gwarancji.<\/p>\n<p>Wykonujemy uk\u0142ady sterowania:<\/p>\n<ul>\n<li style=\"list-style-type: none;\">\n<ul>\n<li>przepompowni \u015bciek\u00f3w (mokre, suche, pneumatyczne),<\/li>\n<li>t\u0142oczni \u015bciek\u00f3w,<\/li>\n<li>zestaw\u00f3w hydroforowych,<\/li>\n<li>stacji uzdatniania wody,<\/li>\n<li>obiekt\u00f3w melioracyjnych,<\/li>\n<li>punkt\u00f3w pomiarowych sieci wodoci\u0105gowej i kanalizacyjnej,<\/li>\n<li>proces\u00f3w technologicznych wed\u0142ug indywidualnych \u017cycze\u0144 klienta.<\/li>\n<\/ul>\n<\/li>\n<\/ul>\n<p>Na ka\u017cdy produkt Hydro-Partner sp. z o.o. udziela gwarancji oraz \u015bwiadczy us\u0142ugi monta\u017cowe jak i serwisowe.[\/vc_column_text][\/vc_column][\/vc_row][vc_row][vc_column][vc_custom_heading text=&#8221;PRZEPOMPOWNIE \u015aCIEK\u00d3W&#8221; font_container=&#8221;tag:h2|font_size:30|text_align:center|color:%235b5b5b|line_height:3&#8243; google_fonts=&#8221;font_family:Lato%3A100%2C100italic%2C300%2C300italic%2Cregular%2Citalic%2C700%2C700italic%2C900%2C900italic|font_style:900%20bold%20regular%3A900%3Anormal&#8221; css=&#8221;.vc_custom_1592319752416{margin-bottom: 50px !important;}&#8221; el_class=&#8221;letterspacing-3&#8243;][\/vc_column][\/vc_row][vc_row font_color=&#8221;#666666&#8243;][vc_column css=&#8221;.vc_custom_1592222193758{margin-right: 75px !important;margin-left: 75px !important;}&#8221;][vc_column_text]Zadaniem uk\u0142adu automatyki zabudowanym w rozdzielnicy przepompowni \u015bciek\u00f3w jest wypompowanie zawarto\u015bci zbiornika. Proces ten nadzoruje jednostka steruj\u0105ca na podstawie danych zebranych z sond pomiarowych (np. sonda hydrostatyczna i sygnalizatory p\u0142ywakowe, przetworniki ci\u015bnienia), czujnika poprawno\u015bci zasilania oraz stanu urz\u0105dze\u0144 (np. awaria pompy, spr\u0119\u017carki). W przypadku wyst\u0105pienia stanu alarmowego nast\u0119puje za\u0142\u0105czenie sygnalizatora optyczno-akustycznego. Je\u015bli rozdzielnica wyposa\u017cona jest w modu\u0142 telemetryczny to sterownik prze\u015ble dane do systemu wizualizacji. Operator ma te\u017c mo\u017cliwo\u015b\u0107 zdalnego sterowania prac\u0105 obiektu.<br \/>\nKonstrukcja rozdzielnic umo\u017cliwia sterowanie prac\u0105 obiektu w trybie r\u0119cznym, korzystaj\u0105c z prze\u0142\u0105cznik\u00f3w i przycisk\u00f3w umieszczonych na elewacji drzwi wewn\u0119trznych. Niezale\u017cnie od ustawionego trybu pracy obiektu pompy s\u0105 zabezpieczone elektrycznie przed prac\u0105 na sucho. Natomiast w przypadku osi\u0105gni\u0119cia poziomu alarmowego nast\u0105pi za\u0142\u0105czenie pompy celem spompowania zawarto\u015bci zbiornika. Pompownia sucha oraz t\u0142ocznie posiadaj\u0105 dodatkowo zabezpieczenie przed za\u0142\u0105czeniem pomp w przypadku zalania komory suchej.[\/vc_column_text][\/vc_column][\/vc_row][vc_row][vc_column][vc_custom_heading text=&#8221;ZESTAW HYDROFOROWY&#8221; font_container=&#8221;tag:h2|font_size:30|text_align:center|color:%235b5b5b|line_height:3&#8243; google_fonts=&#8221;font_family:Lato%3A100%2C100italic%2C300%2C300italic%2Cregular%2Citalic%2C700%2C700italic%2C900%2C900italic|font_style:900%20bold%20regular%3A900%3Anormal&#8221; css=&#8221;.vc_custom_1592319874289{margin-bottom: 50px !important;}&#8221; el_class=&#8221;letterspacing-3&#8243;][\/vc_column][\/vc_row][vc_row font_color=&#8221;#666666&#8243;][vc_column css=&#8221;.vc_custom_1592222193758{margin-right: 75px !important;margin-left: 75px !important;}&#8221;][vc_column_text]Zadaniem rozdzielnicy zasilaj\u0105co-sterowniczej jest utrzymanie zadanego ci\u015bnienia na kolektorze t\u0142ocznym zestawu hydroforowego. Nad tym zadaniem czuwa sterownik na podstawie zebranych danych z sond pomiarowych, zabezpiecze\u0144 pomp, czujnika poprawno\u015bci napi\u0119cia zasilania czy te\u017c przetwornicy cz\u0119stotliwo\u015bci. Na podstawie zgromadzonych danych steruje prac\u0105 pomp w taki spos\u00f3b aby ich zu\u017cycie rozk\u0142ada\u0142o si\u0119 r\u00f3wnomiernie na wszystkie pompy. Operator ma mo\u017cliwo\u015b\u0107 przej\u0119cia kontroli nad dowoln\u0105 pomp\u0105 zestawu i uruchomi\u0107 j\u0105 z przycisk\u00f3w znajduj\u0105cych si\u0119 na elewacji rozdzielnicy.<br \/>\nRozdzielnice zosta\u0142y tak zaprojektowane, \u017ce w przypadku wyst\u0105pienia suchobiegu lub ci\u015bnienia maksymalnego nast\u0105pi wy\u0142\u0105czenie ca\u0142ego zestawu niezale\u017cnie od sterownika.<br \/>\nJednostka steruj\u0105ca mo\u017ce przesy\u0142a\u0107 niezb\u0119dne dane do sterownika nadrz\u0119dnego (np. na stacjach uzdatniania wody) lub w przypadku doposa\u017cenia rozdzielnicy w np. modu\u0142 telemetryczny do systemu wizualizacji.[\/vc_column_text][\/vc_column][\/vc_row][vc_row][vc_column][vc_custom_heading text=&#8221;STACJA UZDATNIANIA WODY&#8221; font_container=&#8221;tag:h2|font_size:30|text_align:center|color:%235b5b5b|line_height:3&#8243; google_fonts=&#8221;font_family:Lato%3A100%2C100italic%2C300%2C300italic%2Cregular%2Citalic%2C700%2C700italic%2C900%2C900italic|font_style:900%20bold%20regular%3A900%3Anormal&#8221; css=&#8221;.vc_custom_1592319953134{margin-bottom: 50px !important;}&#8221; el_class=&#8221;letterspacing-3&#8243;][\/vc_column][\/vc_row][vc_row font_color=&#8221;#666666&#8243;][vc_column css=&#8221;.vc_custom_1592222193758{margin-right: 75px !important;margin-left: 75px !important;}&#8221;][vc_column_text]Rozdzielnica zasilaj\u0105co-sterownicza nadzoruje przebieg ca\u0142ego procesu uzdatniania wody pocz\u0105wszy od wydobycia poprzez uzdatnianie, a\u017c po dystrybucj\u0119.<\/p>\n<p>W rozdzielnicy zamontowany jest g\u0142\u00f3wny sterownik PLC, kt\u00f3ry zbiera dane z czujnika kontroli poprawno\u015bci zasilania, urz\u0105dze\u0144 pomiarowych (m.in. sondy poziomu, przep\u0142ywomierze itp.), sterownik\u00f3w lokalnych (np. zestawu hydroforowego)oraz urz\u0105dze\u0144 technologicznych (np. pompy, przepustnice itp.) i na ich podstawie steruje nast\u0119puj\u0105cymi procesami:<\/p>\n<ul>\n<li style=\"list-style-type: none;\">\n<ul>\n<li>wydobyciem wody surowej poprzez za\u0142\u0105czanie pomp g\u0142\u0119binowych<\/li>\n<li>napowietrzania wody surowej<\/li>\n<li>filtracji<\/li>\n<li>p\u0142ukania z\u0142o\u017ca we filtrach<\/li>\n<li>nape\u0142nienia zbiornik\u00f3w retencyjnych<\/li>\n<li>utrzymywania ci\u015bnienia w sieci wodoci\u0105gowej<\/li>\n<\/ul>\n<\/li>\n<\/ul>\n<p>W przypadku doposa\u017cenia rozdzielnicy w np. modu\u0142 telemetryczny, jednostka steruj\u0105ca mo\u017ce przesy\u0142a\u0107 dane o przebiegu procesu uzdatniania do systemu wizualizacji dzi\u0119ki czemu u\u017cytkownik ma bie\u017c\u0105c\u0105 i pe\u0142n\u0105 kontrol\u0119 nad procesem bez potrzeby fizycznego przebywania na obiekcie.[\/vc_column_text][\/vc_column][\/vc_row]<\/p>\n","protected":false},"excerpt":{"rendered":"<p>[vc_row overlay=&#8221;rd_hover_goliath&#8221; overlay_color=&#8221;&#8221; port_type=&#8221;port_type_5&#8243; port_bg_color=&#8221;&#8221; port_title_color=&#8221;&#8221; port_text_color=&#8221;&#8221; port_button_color=&#8221;&#8221; port_border_color=&#8221;&#8221; port_hover_bg_color=&#8221;&#8221; port_hover_title_color=&#8221;&#8221; port_hover_text_color=&#8221;&#8221; port_hover_button_color=&#8221;&#8221; port_hover_border_color=&#8221;&#8221; desc_title=&#8221;&#8221; desc_cat=&#8221;&#8221; overlay_color_2=&#8221;&#8221; desc_border=&#8221;&#8221; port_thumbnail=&#8221;thumbnail_type_2&#8243; port_layout=&#8221;3 columns&#8221; category=&#8221;pompy&#8221; tags=&#8221;all&#8221; port_order=&#8221;DESC&#8221; port_orderby=&#8221;date&#8221; target=&#8221;_self&#8221; port_start=&#8221;8&#8243; filter=&#8221;yes&#8221; filter_type=&#8221;filter_type_1&#8243; filter_text_color=&#8221;&#8221; filter_background_color=&#8221;&#8221; filter_border_color=&#8221;&#8221; selected_filter_bg_color=&#8221;&#8221; port_navigation=&#8221;&#8221; nav_bg=&#8221;&#8221; nav_color=&#8221;&#8221; nav_border=&#8221;&#8221; nav_hover_color=&#8221;&#8221; nav_hover_bg=&#8221;&#8221; port_click=&#8221;4&#8243; button_bg=&#8221;&#8221; button_title=&#8221;&#8221; button_border=&#8221;&#8221; button_hover_title=&#8221;&#8221; button_hover_bg=&#8221;&#8221;][vc_column][vc_custom_heading text=&#8221;SZAFY STEROWNICZE&#8221; font_container=&#8221;tag:h2|font_size:30|text_align:center|color:%235b5b5b|line_height:3&#8243; google_fonts=&#8221;font_family:Lato%3A100%2C100italic%2C300%2C300italic%2Cregular%2Citalic%2C700%2C700italic%2C900%2C900italic|font_style:900%20bold%20regular%3A900%3Anormal&#8221; css=&#8221;.vc_custom_1592319347465{margin-bottom: 50px !important;}&#8221; el_class=&#8221;letterspacing-3&#8243;][\/vc_column][\/vc_row][vc_row][vc_column][\/vc_column][\/vc_row][vc_row font_color=&#8221;#666666&#8243;][vc_column css=&#8221;.vc_custom_1592222193758{margin-right:<br \/><a href=\"https:\/\/hydro-partner.pl\/automatyka-2\/szafy-sterownicze\/\" class=\"more\">Read more<\/a><\/p>\n","protected":false},"author":1,"featured_media":0,"parent":7796,"menu_order":0,"comment_status":"closed","ping_status":"open","template":"","meta":{"_uf_show_specific_survey":0,"_uf_disable_surveys":false,"footnotes":""},"_links":{"self":[{"href":"https:\/\/hydro-partner.pl\/wp-json\/wp\/v2\/pages\/8078"}],"collection":[{"href":"https:\/\/hydro-partner.pl\/wp-json\/wp\/v2\/pages"}],"about":[{"href":"https:\/\/hydro-partner.pl\/wp-json\/wp\/v2\/types\/page"}],"author":[{"embeddable":true,"href":"https:\/\/hydro-partner.pl\/wp-json\/wp\/v2\/users\/1"}],"replies":[{"embeddable":true,"href":"https:\/\/hydro-partner.pl\/wp-json\/wp\/v2\/comments?post=8078"}],"version-history":[{"count":8,"href":"https:\/\/hydro-partner.pl\/wp-json\/wp\/v2\/pages\/8078\/revisions"}],"predecessor-version":[{"id":8135,"href":"https:\/\/hydro-partner.pl\/wp-json\/wp\/v2\/pages\/8078\/revisions\/8135"}],"up":[{"embeddable":true,"href":"https:\/\/hydro-partner.pl\/wp-json\/wp\/v2\/pages\/7796"}],"wp:attachment":[{"href":"https:\/\/hydro-partner.pl\/wp-json\/wp\/v2\/media?parent=8078"}],"curies":[{"name":"wp","href":"https:\/\/api.w.org\/{rel}","templated":true}]}}