{"id":8066,"date":"2020-06-16T16:41:10","date_gmt":"2020-06-16T14:41:10","guid":{"rendered":"http:\/\/hydro-partner.pl\/?page_id=8066"},"modified":"2020-06-25T14:30:26","modified_gmt":"2020-06-25T12:30:26","slug":"suw","status":"publish","type":"page","link":"https:\/\/hydro-partner.pl\/uslugi-2\/suw\/","title":{"rendered":"SUW"},"content":{"rendered":"<p>[vc_row overlay=&#8221;rd_hover_goliath&#8221; overlay_color=&#8221;&#8221; port_type=&#8221;port_type_5&#8243; port_bg_color=&#8221;&#8221; port_title_color=&#8221;&#8221; port_text_color=&#8221;&#8221; port_button_color=&#8221;&#8221; port_border_color=&#8221;&#8221; port_hover_bg_color=&#8221;&#8221; port_hover_title_color=&#8221;&#8221; port_hover_text_color=&#8221;&#8221; port_hover_button_color=&#8221;&#8221; port_hover_border_color=&#8221;&#8221; desc_title=&#8221;&#8221; desc_cat=&#8221;&#8221; overlay_color_2=&#8221;&#8221; desc_border=&#8221;&#8221; port_thumbnail=&#8221;thumbnail_type_2&#8243; port_layout=&#8221;3 columns&#8221; category=&#8221;pompy&#8221; tags=&#8221;all&#8221; port_order=&#8221;DESC&#8221; port_orderby=&#8221;date&#8221; target=&#8221;_self&#8221; port_start=&#8221;8&#8243; filter=&#8221;yes&#8221; filter_type=&#8221;filter_type_1&#8243; filter_text_color=&#8221;&#8221; filter_background_color=&#8221;&#8221; filter_border_color=&#8221;&#8221; selected_filter_bg_color=&#8221;&#8221; port_navigation=&#8221;&#8221; nav_bg=&#8221;&#8221; nav_color=&#8221;&#8221; nav_border=&#8221;&#8221; nav_hover_color=&#8221;&#8221; nav_hover_bg=&#8221;&#8221; port_click=&#8221;4&#8243; button_bg=&#8221;&#8221; button_title=&#8221;&#8221; button_border=&#8221;&#8221; button_hover_title=&#8221;&#8221; button_hover_bg=&#8221;&#8221;][vc_column][vc_custom_heading text=&#8221;STACJE UZDATNIANIA WODY&#8221; font_container=&#8221;tag:h2|font_size:30|text_align:center|color:%235b5b5b|line_height:3&#8243; google_fonts=&#8221;font_family:Lato%3A100%2C100italic%2C300%2C300italic%2Cregular%2Citalic%2C700%2C700italic%2C900%2C900italic|font_style:900%20bold%20regular%3A900%3Anormal&#8221; css=&#8221;.vc_custom_1593088205408{margin-bottom: 50px !important;}&#8221; el_class=&#8221;letterspacing-3&#8243;][\/vc_column][\/vc_row][vc_row][vc_column]<style type=\"text\/css\" >#ic_p1xuhaol8iklvezgmdo9 {margin:0px auto 0px; }#ic_p1xuhaol8iklvezgmdo9 .owl-prev,#ic_p1xuhaol8iklvezgmdo9 .owl-next{border-color:#ecf0f1; background:#ffffff; color:#a1b1bc; }#ic_p1xuhaol8iklvezgmdo9 .owl-prev:hover,#ic_p1xuhaol8iklvezgmdo9 .owl-next:hover{background:#f9fafb; color:#2c3e50; }#ic_p1xuhaol8iklvezgmdo9 .owl-prev:before,#ic_p1xuhaol8iklvezgmdo9 .owl-next:after{border-color:#a1b1bc; }#ic_p1xuhaol8iklvezgmdo9 .owl-prev:hover::before,#ic_p1xuhaol8iklvezgmdo9 .owl-next:hover::after{border-color:#2c3e50; }#ic_p1xuhaol8iklvezgmdo9 .owl-dot{ background:#ffffff; border-color:#ecf0f1; }#ic_p1xuhaol8iklvezgmdo9 .owl-dot.active{ background:#1c83d8; border-color:#ecf0f1;}<\/style><script type=\"text\/javascript\" charset=\"utf-8\">\r\n\r\n\t\tjQuery.noConflict();\r\n\t\/\/setup up Carousel\r\n\t\tjQuery(document).ready(function($) {\r\n\t\"use strict\";\r\n\t$(window).load(function(){\r\n\t\t$(\"#ic_p1xuhaol8iklvezgmdo9\").owlCarousel({\r\n\t\t\trtl: $(\"body\").hasClass(\"rtl\") ? true : false,\r\n\t\t\tresponsiveClass:true,\r\n\t\t\tcenter:true,\r\n\t\t\tloop:true,\r\n\t\t\tresponsive:{\r\n\t\t\t\t0:{\r\n\t\t\t\t\titems:1,\r\n\t\t\t    },\r\n\t\t\t    780:{\r\n\t\t\t        items:2,\r\n\t\t\t\t},\r\n\t\t\t\t1000:{\r\n\t\t\t\t    items:2,\r\n\t\t\t\t},\r\n\t\t\t},\r\n\t\t\t autoplay:true,\r\n\t\t\t autoplaySpeed: 800,\r\n\t   \t \t dots:true,\r\n\t\t\t nav:true,\r\n\t\r\n\t\t});\r\n\t});\r\n});\r\n\r\n<\/script><div class=\"tt_testimonials_ctn rd_ic_center   \" id=\"ic_p1xuhaol8iklvezgmdo9\" style=\"margin-top:0px; margin-bottom:0px;\"><a href=\"https:\/\/hydro-partner.pl\/wp-content\/uploads\/2020\/06\/20200131_123432x.jpg\"  rel=\"prettyPhoto[rel-p1xuhaol8iklvezgmdo9]\" ><img loading=\"lazy\" decoding=\"async\" width=\"700\" height=\"933\" src=\"https:\/\/hydro-partner.pl\/wp-content\/uploads\/2020\/06\/20200131_123432x.jpg\" class=\"attachment-full\" alt=\"\" srcset=\"https:\/\/hydro-partner.pl\/wp-content\/uploads\/2020\/06\/20200131_123432x.jpg 700w, https:\/\/hydro-partner.pl\/wp-content\/uploads\/2020\/06\/20200131_123432x-225x300.jpg 225w\" sizes=\"(max-width: 700px) 100vw, 700px\" \/><\/a><a href=\"https:\/\/hydro-partner.pl\/wp-content\/uploads\/2020\/06\/20200305_094219x.jpg\"  rel=\"prettyPhoto[rel-p1xuhaol8iklvezgmdo9]\" ><img loading=\"lazy\" decoding=\"async\" width=\"700\" height=\"933\" src=\"https:\/\/hydro-partner.pl\/wp-content\/uploads\/2020\/06\/20200305_094219x.jpg\" class=\"attachment-full\" alt=\"\" srcset=\"https:\/\/hydro-partner.pl\/wp-content\/uploads\/2020\/06\/20200305_094219x.jpg 700w, https:\/\/hydro-partner.pl\/wp-content\/uploads\/2020\/06\/20200305_094219x-225x300.jpg 225w\" sizes=\"(max-width: 700px) 100vw, 700px\" \/><\/a><a href=\"https:\/\/hydro-partner.pl\/wp-content\/uploads\/2020\/06\/20200305_094226x.jpg\"  rel=\"prettyPhoto[rel-p1xuhaol8iklvezgmdo9]\" ><img loading=\"lazy\" decoding=\"async\" width=\"700\" height=\"933\" src=\"https:\/\/hydro-partner.pl\/wp-content\/uploads\/2020\/06\/20200305_094226x.jpg\" class=\"attachment-full\" alt=\"\" srcset=\"https:\/\/hydro-partner.pl\/wp-content\/uploads\/2020\/06\/20200305_094226x.jpg 700w, https:\/\/hydro-partner.pl\/wp-content\/uploads\/2020\/06\/20200305_094226x-225x300.jpg 225w\" sizes=\"(max-width: 700px) 100vw, 700px\" \/><\/a><a href=\"https:\/\/hydro-partner.pl\/wp-content\/uploads\/2020\/06\/IMG_5151x-683x1024.jpg\"  rel=\"prettyPhoto[rel-p1xuhaol8iklvezgmdo9]\" ><img loading=\"lazy\" decoding=\"async\" width=\"700\" height=\"1050\" src=\"https:\/\/hydro-partner.pl\/wp-content\/uploads\/2020\/06\/IMG_5151x.jpg\" class=\"attachment-full\" alt=\"\" srcset=\"https:\/\/hydro-partner.pl\/wp-content\/uploads\/2020\/06\/IMG_5151x.jpg 700w, https:\/\/hydro-partner.pl\/wp-content\/uploads\/2020\/06\/IMG_5151x-200x300.jpg 200w, https:\/\/hydro-partner.pl\/wp-content\/uploads\/2020\/06\/IMG_5151x-683x1024.jpg 683w\" sizes=\"(max-width: 700px) 100vw, 700px\" \/><\/a><\/div>[\/vc_column][\/vc_row][vc_row font_color=&#8221;#666666&#8243;][vc_column css=&#8221;.vc_custom_1592222193758{margin-right: 75px !important;margin-left: 75px !important;}&#8221;][vc_column_text]HYDRO-PARTNER projektuje, buduje oraz modernizuje Stacje Uzdatniania Wody w technologiach uzgodnionych z Inwestorem lub Eksploatatorem obiekt\u00f3w.<\/p>\n<p>Stosowane sprawdzone technologie uzdatniania w\u00f3d do cel\u00f3w bytowo-gospodarczych oraz przemys\u0142owych pozwalaj\u0105 na osi\u0105gni\u0119cie wymaganych parametr\u00f3w czysto\u015bci zgodnych z Rozporz\u0105dzenie Ministra Zdrowia w sprawie jako\u015bci wody przeznaczonej do spo\u017cycia przez ludzi lub osi\u0105gni\u0119cie jako\u015bci okre\u015blonej przez Inwestora (w przypadku w\u00f3d do cel\u00f3w przemys\u0142owych).<\/p>\n<p>Podstawowy proces uzdatniania wody, w zale\u017cno\u015bci od jej jako\u015bci, oparty jest na metodzie jedno lub wielostopniowej filtracji, z zastosowaniem specjalistycznych z\u0142\u00f3\u017c filtracyjnych.<\/p>\n<p>W przypadku uzdatniania wody surowej o bardziej skomplikowanym sk\u0142adzie zanieczyszcze\u0144 wykonujemy uk\u0142ady uzdatniania wody wykorzystuj\u0105ce procesy koagulacji, wymiany jonowej (zmi\u0119kczanie, usuwanie azotan\u00f3w, usuwanie boru itp.) oraz techniki membranowe.<\/p>\n<p>HYDRO-PARTNER oferuje zakres rob\u00f3t bez konieczno\u015bci korzystania z us\u0142ug podwykonaw\u00f3w. Serwisy hydrauliczne oraz elektryczne firmy Hydro-Partner Sp. z o.o. zamontuj\u0105 ca\u0142y uk\u0142ad technologiczny (od uj\u0119cia wody surowej po wyj\u015bcie wody uzdatnionej na sie\u0107) wraz z automatycznym lub r\u0119cznym sterowaniem, systemem monitoringu i wizualizacji. Gwarantuje to najwy\u017csz\u0105 jako\u015b\u0107 wykonanych rob\u00f3t. Argumentem przemawiaj\u0105cym za wyborem Hydro-Partner Sp. z o.o. jest r\u00f3wnie\u017c mo\u017cliwo\u015b\u0107 monta\u017cu w wykonywanych uk\u0142adach technologicznych urz\u0105dze\u0144 wyprodukowanych w naszym zak\u0142adzie produkcyjnym. Jeste\u015bmy producentami filtr\u00f3w i aerator\u00f3w ci\u015bnieniowych ze stali nierdzewnych, zestaw\u00f3w hydroforowych pompowych, zbiornik\u00f3w retencyjnych zewn\u0119trznych i wewn\u0119trznych. Wykonujemy r\u00f3wnie\u017c orurowanie Stacji Uzdatniania Wody ze stali nierdzewnej. Zapewniamy przy tym wysok\u0105 jako\u015b\u0107 spaw\u00f3w zgodnie z : PN-EN ISO 3834-2 wykonywanych przez spawaczy i operator\u00f3w spe\u0142niaj\u0105cych wymagania normy PN-EN 287-1\/PN-EN-ISO 9606-1 oraz Dyrektywy Ci\u015bnieniowej 2014\/68\/UE zgodnie z wdro\u017con\u0105 u nas uznan\u0105 technologi\u0105 spawania WPQR zgodn\u0105 z PN-EN ISO 15614.[\/vc_column_text][\/vc_column][\/vc_row]<\/p>\n","protected":false},"excerpt":{"rendered":"<p>[vc_row overlay=&#8221;rd_hover_goliath&#8221; overlay_color=&#8221;&#8221; port_type=&#8221;port_type_5&#8243; port_bg_color=&#8221;&#8221; port_title_color=&#8221;&#8221; port_text_color=&#8221;&#8221; port_button_color=&#8221;&#8221; port_border_color=&#8221;&#8221; port_hover_bg_color=&#8221;&#8221; port_hover_title_color=&#8221;&#8221; port_hover_text_color=&#8221;&#8221; port_hover_button_color=&#8221;&#8221; port_hover_border_color=&#8221;&#8221; desc_title=&#8221;&#8221; desc_cat=&#8221;&#8221; overlay_color_2=&#8221;&#8221; desc_border=&#8221;&#8221; port_thumbnail=&#8221;thumbnail_type_2&#8243; port_layout=&#8221;3 columns&#8221; category=&#8221;pompy&#8221; tags=&#8221;all&#8221; port_order=&#8221;DESC&#8221; port_orderby=&#8221;date&#8221; target=&#8221;_self&#8221; port_start=&#8221;8&#8243; filter=&#8221;yes&#8221; filter_type=&#8221;filter_type_1&#8243; filter_text_color=&#8221;&#8221; filter_background_color=&#8221;&#8221; filter_border_color=&#8221;&#8221; selected_filter_bg_color=&#8221;&#8221; port_navigation=&#8221;&#8221; nav_bg=&#8221;&#8221; nav_color=&#8221;&#8221; nav_border=&#8221;&#8221; nav_hover_color=&#8221;&#8221; nav_hover_bg=&#8221;&#8221; port_click=&#8221;4&#8243; button_bg=&#8221;&#8221; button_title=&#8221;&#8221; button_border=&#8221;&#8221; button_hover_title=&#8221;&#8221; button_hover_bg=&#8221;&#8221;][vc_column][vc_custom_heading text=&#8221;STACJE UZDATNIANIA WODY&#8221; font_container=&#8221;tag:h2|font_size:30|text_align:center|color:%235b5b5b|line_height:3&#8243; google_fonts=&#8221;font_family:Lato%3A100%2C100italic%2C300%2C300italic%2Cregular%2Citalic%2C700%2C700italic%2C900%2C900italic|font_style:900%20bold%20regular%3A900%3Anormal&#8221; css=&#8221;.vc_custom_1593088205408{margin-bottom: 50px !important;}&#8221; el_class=&#8221;letterspacing-3&#8243;][\/vc_column][\/vc_row][vc_row][vc_column][\/vc_column][\/vc_row][vc_row font_color=&#8221;#666666&#8243;][vc_column<br \/><a href=\"https:\/\/hydro-partner.pl\/uslugi-2\/suw\/\" class=\"more\">Read more<\/a><\/p>\n","protected":false},"author":1,"featured_media":0,"parent":7888,"menu_order":0,"comment_status":"closed","ping_status":"open","template":"","meta":{"_uf_show_specific_survey":0,"_uf_disable_surveys":false,"footnotes":""},"_links":{"self":[{"href":"https:\/\/hydro-partner.pl\/wp-json\/wp\/v2\/pages\/8066"}],"collection":[{"href":"https:\/\/hydro-partner.pl\/wp-json\/wp\/v2\/pages"}],"about":[{"href":"https:\/\/hydro-partner.pl\/wp-json\/wp\/v2\/types\/page"}],"author":[{"embeddable":true,"href":"https:\/\/hydro-partner.pl\/wp-json\/wp\/v2\/users\/1"}],"replies":[{"embeddable":true,"href":"https:\/\/hydro-partner.pl\/wp-json\/wp\/v2\/comments?post=8066"}],"version-history":[{"count":2,"href":"https:\/\/hydro-partner.pl\/wp-json\/wp\/v2\/pages\/8066\/revisions"}],"predecessor-version":[{"id":8134,"href":"https:\/\/hydro-partner.pl\/wp-json\/wp\/v2\/pages\/8066\/revisions\/8134"}],"up":[{"embeddable":true,"href":"https:\/\/hydro-partner.pl\/wp-json\/wp\/v2\/pages\/7888"}],"wp:attachment":[{"href":"https:\/\/hydro-partner.pl\/wp-json\/wp\/v2\/media?parent=8066"}],"curies":[{"name":"wp","href":"https:\/\/api.w.org\/{rel}","templated":true}]}}