{"id":8062,"date":"2020-06-16T16:38:47","date_gmt":"2020-06-16T14:38:47","guid":{"rendered":"http:\/\/hydro-partner.pl\/?page_id=8062"},"modified":"2020-06-16T16:38:47","modified_gmt":"2020-06-16T14:38:47","slug":"modernizacje-pompowni","status":"publish","type":"page","link":"https:\/\/hydro-partner.pl\/uslugi-2\/modernizacje-pompowni\/","title":{"rendered":"Modernizacje pompowni"},"content":{"rendered":"<p>[vc_row overlay=&#8221;rd_hover_goliath&#8221; overlay_color=&#8221;&#8221; port_type=&#8221;port_type_5&#8243; port_bg_color=&#8221;&#8221; port_title_color=&#8221;&#8221; port_text_color=&#8221;&#8221; port_button_color=&#8221;&#8221; port_border_color=&#8221;&#8221; port_hover_bg_color=&#8221;&#8221; port_hover_title_color=&#8221;&#8221; port_hover_text_color=&#8221;&#8221; port_hover_button_color=&#8221;&#8221; port_hover_border_color=&#8221;&#8221; desc_title=&#8221;&#8221; desc_cat=&#8221;&#8221; overlay_color_2=&#8221;&#8221; desc_border=&#8221;&#8221; port_thumbnail=&#8221;thumbnail_type_2&#8243; port_layout=&#8221;3 columns&#8221; category=&#8221;pompy&#8221; tags=&#8221;all&#8221; port_order=&#8221;DESC&#8221; port_orderby=&#8221;date&#8221; target=&#8221;_self&#8221; port_start=&#8221;8&#8243; filter=&#8221;yes&#8221; filter_type=&#8221;filter_type_1&#8243; filter_text_color=&#8221;&#8221; filter_background_color=&#8221;&#8221; filter_border_color=&#8221;&#8221; selected_filter_bg_color=&#8221;&#8221; port_navigation=&#8221;&#8221; nav_bg=&#8221;&#8221; nav_color=&#8221;&#8221; nav_border=&#8221;&#8221; nav_hover_color=&#8221;&#8221; nav_hover_bg=&#8221;&#8221; port_click=&#8221;4&#8243; button_bg=&#8221;&#8221; button_title=&#8221;&#8221; button_border=&#8221;&#8221; button_hover_title=&#8221;&#8221; button_hover_bg=&#8221;&#8221;][vc_column][vc_custom_heading text=&#8221;MODERNIZACJE POMPOWNI&#8221; font_container=&#8221;tag:h2|font_size:30|text_align:center|color:%235b5b5b|line_height:3&#8243; google_fonts=&#8221;font_family:Lato%3A100%2C100italic%2C300%2C300italic%2Cregular%2Citalic%2C700%2C700italic%2C900%2C900italic|font_style:900%20bold%20regular%3A900%3Anormal&#8221; css=&#8221;.vc_custom_1592318238147{margin-bottom: 50px !important;}&#8221; el_class=&#8221;letterspacing-3&#8243;][\/vc_column][\/vc_row][vc_row][vc_column]<style type=\"text\/css\" >#ic_af4d9k6ffksepyv93idv {margin:0px auto 0px; }#ic_af4d9k6ffksepyv93idv .owl-prev,#ic_af4d9k6ffksepyv93idv .owl-next{border-color:#ecf0f1; background:#ffffff; color:#a1b1bc; }#ic_af4d9k6ffksepyv93idv .owl-prev:hover,#ic_af4d9k6ffksepyv93idv .owl-next:hover{background:#f9fafb; color:#2c3e50; }#ic_af4d9k6ffksepyv93idv .owl-prev:before,#ic_af4d9k6ffksepyv93idv .owl-next:after{border-color:#a1b1bc; }#ic_af4d9k6ffksepyv93idv .owl-prev:hover::before,#ic_af4d9k6ffksepyv93idv .owl-next:hover::after{border-color:#2c3e50; }#ic_af4d9k6ffksepyv93idv .owl-dot{ background:#ffffff; border-color:#ecf0f1; }#ic_af4d9k6ffksepyv93idv .owl-dot.active{ background:#1c83d8; border-color:#ecf0f1;}<\/style><script type=\"text\/javascript\" charset=\"utf-8\">\r\n\r\n\t\tjQuery.noConflict();\r\n\t\/\/setup up Carousel\r\n\t\tjQuery(document).ready(function($) {\r\n\t\"use strict\";\r\n\t$(window).load(function(){\r\n\t\t$(\"#ic_af4d9k6ffksepyv93idv\").owlCarousel({\r\n\t\t\trtl: $(\"body\").hasClass(\"rtl\") ? true : false,\r\n\t\t\tresponsiveClass:true,\r\n\t\t\tcenter:true,\r\n\t\t\tloop:true,\r\n\t\t\tresponsive:{\r\n\t\t\t\t0:{\r\n\t\t\t\t\titems:1,\r\n\t\t\t    },\r\n\t\t\t    780:{\r\n\t\t\t        items:2,\r\n\t\t\t\t},\r\n\t\t\t\t1000:{\r\n\t\t\t\t    items:2,\r\n\t\t\t\t},\r\n\t\t\t},\r\n\t\t\t autoplay:true,\r\n\t\t\t autoplaySpeed: 800,\r\n\t   \t \t dots:true,\r\n\t\t\t nav:true,\r\n\t\r\n\t\t});\r\n\t});\r\n});\r\n\r\n<\/script><div class=\"tt_testimonials_ctn rd_ic_center   \" id=\"ic_af4d9k6ffksepyv93idv\" style=\"margin-top:0px; margin-bottom:0px;\"><a href=\"https:\/\/hydro-partner.pl\/wp-content\/uploads\/2020\/06\/20200312_083514x.jpg\"  rel=\"prettyPhoto[rel-af4d9k6ffksepyv93idv]\" ><img loading=\"lazy\" decoding=\"async\" width=\"700\" height=\"933\" src=\"https:\/\/hydro-partner.pl\/wp-content\/uploads\/2020\/06\/20200312_083514x.jpg\" class=\"attachment-full\" alt=\"\" srcset=\"https:\/\/hydro-partner.pl\/wp-content\/uploads\/2020\/06\/20200312_083514x.jpg 700w, https:\/\/hydro-partner.pl\/wp-content\/uploads\/2020\/06\/20200312_083514x-225x300.jpg 225w\" sizes=\"(max-width: 700px) 100vw, 700px\" \/><\/a><a href=\"https:\/\/hydro-partner.pl\/wp-content\/uploads\/2020\/06\/20200305_070841x.jpg\"  rel=\"prettyPhoto[rel-af4d9k6ffksepyv93idv]\" ><img loading=\"lazy\" decoding=\"async\" width=\"700\" height=\"933\" src=\"https:\/\/hydro-partner.pl\/wp-content\/uploads\/2020\/06\/20200305_070841x.jpg\" class=\"attachment-full\" alt=\"\" srcset=\"https:\/\/hydro-partner.pl\/wp-content\/uploads\/2020\/06\/20200305_070841x.jpg 700w, https:\/\/hydro-partner.pl\/wp-content\/uploads\/2020\/06\/20200305_070841x-225x300.jpg 225w\" sizes=\"(max-width: 700px) 100vw, 700px\" \/><\/a><\/div>[\/vc_column][\/vc_row][vc_row font_color=&#8221;#666666&#8243;][vc_column css=&#8221;.vc_custom_1592222193758{margin-right: 75px !important;margin-left: 75px !important;}&#8221;][vc_column_text]HYDRO-PARTNER oferuje modernizacje pompowni: wody; \u015bciek\u00f3w: sanitarnych, deszczowych i przemys\u0142owych; melioracyjnych.<\/p>\n<p>Po kilku latach intensywnej eksploatacji danego obiektu, zachodzi konieczno\u015b\u0107 jego remontu lub g\u0142\u0119bszej modernizacji.<\/p>\n<p>Ma to doprowadzi\u0107 do odtworzenia pierwotnego stanu obiektu, b\u0105d\u017a jego polepszenia zar\u00f3wno pod wzgl\u0119dem estetycznym, technologicznym ze szczeg\u00f3lnym uwzgl\u0119dnieniem oszcz\u0119dno\u015bci energetycznych.<\/p>\n<p>Hydro Partner jako do\u015bwiadczony wykonawca oferuje eksploatatorom doradztwo na ka\u017cdym etapie prac oraz kompleksowe naprawy remontowe jak i modernizacyjne.<\/p>\n<p>Dysponujemy ponad 40 mobilnymi serwisami, kt\u00f3re s\u0105 gotowe do wykonywania powierzonych prac z zachowaniem procedur koniecznych do ci\u0105g\u0142o\u015bci pracy sieci wod.-kan., je\u017celi taka jest niezb\u0119dna.<\/p>\n<p>W zale\u017cno\u015bci od rodzaju obiektu (urz\u0105dzenia) do g\u0142\u00f3wnych element\u00f3w modernizacji nale\u017c\u0105:<\/p>\n<ul>\n<li>czyszczenie i\/lub renowacja zbiornika<\/li>\n<li>demonta\u017c pomp<\/li>\n<li>demonta\u017c starego wyposa\u017cenia(ruroci\u0105g t\u0142oczny, drabinki)<\/li>\n<li>demonta\u017c armatury<\/li>\n<li>modernizacja lub wymiana szafy sterowniczej<\/li>\n<li>monta\u017c nowego wyposa\u017cenia wraz z pompami i sterowaniem.<\/li>\n<\/ul>\n<p>[\/vc_column_text][\/vc_column][\/vc_row]<\/p>\n","protected":false},"excerpt":{"rendered":"<p>[vc_row overlay=&#8221;rd_hover_goliath&#8221; overlay_color=&#8221;&#8221; port_type=&#8221;port_type_5&#8243; port_bg_color=&#8221;&#8221; port_title_color=&#8221;&#8221; port_text_color=&#8221;&#8221; port_button_color=&#8221;&#8221; port_border_color=&#8221;&#8221; port_hover_bg_color=&#8221;&#8221; port_hover_title_color=&#8221;&#8221; port_hover_text_color=&#8221;&#8221; port_hover_button_color=&#8221;&#8221; port_hover_border_color=&#8221;&#8221; desc_title=&#8221;&#8221; desc_cat=&#8221;&#8221; overlay_color_2=&#8221;&#8221; desc_border=&#8221;&#8221; port_thumbnail=&#8221;thumbnail_type_2&#8243; port_layout=&#8221;3 columns&#8221; category=&#8221;pompy&#8221; tags=&#8221;all&#8221; port_order=&#8221;DESC&#8221; port_orderby=&#8221;date&#8221; target=&#8221;_self&#8221; port_start=&#8221;8&#8243; filter=&#8221;yes&#8221; filter_type=&#8221;filter_type_1&#8243; filter_text_color=&#8221;&#8221; filter_background_color=&#8221;&#8221; filter_border_color=&#8221;&#8221; selected_filter_bg_color=&#8221;&#8221; port_navigation=&#8221;&#8221; nav_bg=&#8221;&#8221; nav_color=&#8221;&#8221; nav_border=&#8221;&#8221; nav_hover_color=&#8221;&#8221; nav_hover_bg=&#8221;&#8221; port_click=&#8221;4&#8243; button_bg=&#8221;&#8221; button_title=&#8221;&#8221; button_border=&#8221;&#8221; button_hover_title=&#8221;&#8221; button_hover_bg=&#8221;&#8221;][vc_column][vc_custom_heading text=&#8221;MODERNIZACJE POMPOWNI&#8221; font_container=&#8221;tag:h2|font_size:30|text_align:center|color:%235b5b5b|line_height:3&#8243; google_fonts=&#8221;font_family:Lato%3A100%2C100italic%2C300%2C300italic%2Cregular%2Citalic%2C700%2C700italic%2C900%2C900italic|font_style:900%20bold%20regular%3A900%3Anormal&#8221; css=&#8221;.vc_custom_1592318238147{margin-bottom: 50px !important;}&#8221; el_class=&#8221;letterspacing-3&#8243;][\/vc_column][\/vc_row][vc_row][vc_column][\/vc_column][\/vc_row][vc_row font_color=&#8221;#666666&#8243;][vc_column css=&#8221;.vc_custom_1592222193758{margin-right:<br \/><a href=\"https:\/\/hydro-partner.pl\/uslugi-2\/modernizacje-pompowni\/\" class=\"more\">Read more<\/a><\/p>\n","protected":false},"author":1,"featured_media":0,"parent":7888,"menu_order":0,"comment_status":"closed","ping_status":"open","template":"","meta":{"_uf_show_specific_survey":0,"_uf_disable_surveys":false,"footnotes":""},"_links":{"self":[{"href":"https:\/\/hydro-partner.pl\/wp-json\/wp\/v2\/pages\/8062"}],"collection":[{"href":"https:\/\/hydro-partner.pl\/wp-json\/wp\/v2\/pages"}],"about":[{"href":"https:\/\/hydro-partner.pl\/wp-json\/wp\/v2\/types\/page"}],"author":[{"embeddable":true,"href":"https:\/\/hydro-partner.pl\/wp-json\/wp\/v2\/users\/1"}],"replies":[{"embeddable":true,"href":"https:\/\/hydro-partner.pl\/wp-json\/wp\/v2\/comments?post=8062"}],"version-history":[{"count":1,"href":"https:\/\/hydro-partner.pl\/wp-json\/wp\/v2\/pages\/8062\/revisions"}],"predecessor-version":[{"id":8065,"href":"https:\/\/hydro-partner.pl\/wp-json\/wp\/v2\/pages\/8062\/revisions\/8065"}],"up":[{"embeddable":true,"href":"https:\/\/hydro-partner.pl\/wp-json\/wp\/v2\/pages\/7888"}],"wp:attachment":[{"href":"https:\/\/hydro-partner.pl\/wp-json\/wp\/v2\/media?parent=8062"}],"curies":[{"name":"wp","href":"https:\/\/api.w.org\/{rel}","templated":true}]}}