{"id":8056,"date":"2020-06-16T16:32:37","date_gmt":"2020-06-16T14:32:37","guid":{"rendered":"http:\/\/hydro-partner.pl\/?page_id=8056"},"modified":"2020-06-16T16:35:26","modified_gmt":"2020-06-16T14:35:26","slug":"serwis","status":"publish","type":"page","link":"https:\/\/hydro-partner.pl\/uslugi-2\/serwis\/","title":{"rendered":"Serwis"},"content":{"rendered":"<p>[vc_row overlay=&#8221;rd_hover_goliath&#8221; overlay_color=&#8221;&#8221; port_type=&#8221;port_type_5&#8243; port_bg_color=&#8221;&#8221; port_title_color=&#8221;&#8221; port_text_color=&#8221;&#8221; port_button_color=&#8221;&#8221; port_border_color=&#8221;&#8221; port_hover_bg_color=&#8221;&#8221; port_hover_title_color=&#8221;&#8221; port_hover_text_color=&#8221;&#8221; port_hover_button_color=&#8221;&#8221; port_hover_border_color=&#8221;&#8221; desc_title=&#8221;&#8221; desc_cat=&#8221;&#8221; overlay_color_2=&#8221;&#8221; desc_border=&#8221;&#8221; port_thumbnail=&#8221;thumbnail_type_2&#8243; port_layout=&#8221;3 columns&#8221; category=&#8221;pompy&#8221; tags=&#8221;all&#8221; port_order=&#8221;DESC&#8221; port_orderby=&#8221;date&#8221; target=&#8221;_self&#8221; port_start=&#8221;8&#8243; filter=&#8221;yes&#8221; filter_type=&#8221;filter_type_1&#8243; filter_text_color=&#8221;&#8221; filter_background_color=&#8221;&#8221; filter_border_color=&#8221;&#8221; selected_filter_bg_color=&#8221;&#8221; port_navigation=&#8221;&#8221; nav_bg=&#8221;&#8221; nav_color=&#8221;&#8221; nav_border=&#8221;&#8221; nav_hover_color=&#8221;&#8221; nav_hover_bg=&#8221;&#8221; port_click=&#8221;4&#8243; button_bg=&#8221;&#8221; button_title=&#8221;&#8221; button_border=&#8221;&#8221; button_hover_title=&#8221;&#8221; button_hover_bg=&#8221;&#8221;][vc_column][vc_custom_heading text=&#8221;SERWIS&#8221; font_container=&#8221;tag:h2|font_size:30|text_align:center|color:%235b5b5b|line_height:3&#8243; google_fonts=&#8221;font_family:Lato%3A100%2C100italic%2C300%2C300italic%2Cregular%2Citalic%2C700%2C700italic%2C900%2C900italic|font_style:900%20bold%20regular%3A900%3Anormal&#8221; css=&#8221;.vc_custom_1592318033674{margin-bottom: 50px !important;}&#8221; el_class=&#8221;letterspacing-3&#8243;][\/vc_column][\/vc_row][vc_row][vc_column]<style type=\"text\/css\" >#ic_htamtaf35rscr554rzpa {margin:0px auto 0px; }#ic_htamtaf35rscr554rzpa .owl-prev,#ic_htamtaf35rscr554rzpa .owl-next{border-color:#ecf0f1; background:#ffffff; color:#a1b1bc; }#ic_htamtaf35rscr554rzpa .owl-prev:hover,#ic_htamtaf35rscr554rzpa .owl-next:hover{background:#f9fafb; color:#2c3e50; }#ic_htamtaf35rscr554rzpa .owl-prev:before,#ic_htamtaf35rscr554rzpa .owl-next:after{border-color:#a1b1bc; }#ic_htamtaf35rscr554rzpa .owl-prev:hover::before,#ic_htamtaf35rscr554rzpa .owl-next:hover::after{border-color:#2c3e50; }#ic_htamtaf35rscr554rzpa .owl-dot{ background:#ffffff; border-color:#ecf0f1; }#ic_htamtaf35rscr554rzpa .owl-dot.active{ background:#1c83d8; border-color:#ecf0f1;}<\/style><script type=\"text\/javascript\" charset=\"utf-8\">\r\n\r\n\t\tjQuery.noConflict();\r\n\t\/\/setup up Carousel\r\n\t\tjQuery(document).ready(function($) {\r\n\t\"use strict\";\r\n\t$(window).load(function(){\r\n\t\t$(\"#ic_htamtaf35rscr554rzpa\").owlCarousel({\r\n\t\t\trtl: $(\"body\").hasClass(\"rtl\") ? true : false,\r\n\t\t\tresponsiveClass:true,\r\n\t\t\tcenter:true,\r\n\t\t\tloop:true,\r\n\t\t\tresponsive:{\r\n\t\t\t\t0:{\r\n\t\t\t\t\titems:1,\r\n\t\t\t    },\r\n\t\t\t    780:{\r\n\t\t\t        items:2,\r\n\t\t\t\t},\r\n\t\t\t\t1000:{\r\n\t\t\t\t    items:2,\r\n\t\t\t\t},\r\n\t\t\t},\r\n\t\t\t autoplay:true,\r\n\t\t\t autoplaySpeed: 800,\r\n\t   \t \t dots:true,\r\n\t\t\t nav:true,\r\n\t\r\n\t\t});\r\n\t});\r\n});\r\n\r\n<\/script><div class=\"tt_testimonials_ctn rd_ic_center   \" id=\"ic_htamtaf35rscr554rzpa\" style=\"margin-top:0px; margin-bottom:0px;\"><a href=\"https:\/\/hydro-partner.pl\/wp-content\/uploads\/2020\/06\/20170729_122226x-1024x768.jpg\"  rel=\"prettyPhoto[rel-htamtaf35rscr554rzpa]\" ><img loading=\"lazy\" decoding=\"async\" width=\"1500\" height=\"1125\" src=\"https:\/\/hydro-partner.pl\/wp-content\/uploads\/2020\/06\/20170729_122226x.jpg\" class=\"attachment-full\" alt=\"\" srcset=\"https:\/\/hydro-partner.pl\/wp-content\/uploads\/2020\/06\/20170729_122226x.jpg 1500w, https:\/\/hydro-partner.pl\/wp-content\/uploads\/2020\/06\/20170729_122226x-300x225.jpg 300w, https:\/\/hydro-partner.pl\/wp-content\/uploads\/2020\/06\/20170729_122226x-1024x768.jpg 1024w, https:\/\/hydro-partner.pl\/wp-content\/uploads\/2020\/06\/20170729_122226x-768x576.jpg 768w\" sizes=\"(max-width: 1500px) 100vw, 1500px\" \/><\/a><a href=\"https:\/\/hydro-partner.pl\/wp-content\/uploads\/2020\/06\/Zdj\u0119cie-0150x-1024x768.jpg\"  rel=\"prettyPhoto[rel-htamtaf35rscr554rzpa]\" ><img loading=\"lazy\" decoding=\"async\" width=\"1500\" height=\"1125\" src=\"https:\/\/hydro-partner.pl\/wp-content\/uploads\/2020\/06\/Zdj\u0119cie-0150x.jpg\" class=\"attachment-full\" alt=\"\" srcset=\"https:\/\/hydro-partner.pl\/wp-content\/uploads\/2020\/06\/Zdj\u0119cie-0150x.jpg 1500w, https:\/\/hydro-partner.pl\/wp-content\/uploads\/2020\/06\/Zdj\u0119cie-0150x-300x225.jpg 300w, https:\/\/hydro-partner.pl\/wp-content\/uploads\/2020\/06\/Zdj\u0119cie-0150x-1024x768.jpg 1024w, https:\/\/hydro-partner.pl\/wp-content\/uploads\/2020\/06\/Zdj\u0119cie-0150x-768x576.jpg 768w\" sizes=\"(max-width: 1500px) 100vw, 1500px\" \/><\/a><\/div>[\/vc_column][\/vc_row][vc_row font_color=&#8221;#666666&#8243;][vc_column css=&#8221;.vc_custom_1592222193758{margin-right: 75px !important;margin-left: 75px !important;}&#8221;][vc_column_text]HYDRO-PARTNER \u015bwiadczy us\u0142ugi serwisowe gwarancyjne i pogwarancyjne na wykonywane obiekty i dostarczane urz\u0105dzenia, jak r\u00f3wnie\u017c przegl\u0105dy eksploatacyjne, serwisy obiekt\u00f3w i urz\u0105dze\u0144 innych producent\u00f3w w zakresie:<\/p>\n<ul>\n<li>Pompowni sanitarnych i deszczowych<\/li>\n<li>Stacji Uzdatniania Wody<\/li>\n<li>Zestaw\u00f3w hydroforowych<\/li>\n<li>Budowli hydrotechnicznych i melioracyjnych<\/li>\n<li>AKPiA innych obiekt\u00f3w<\/li>\n<li>Pomp<\/li>\n<\/ul>\n<p>Zapewniamy:<\/p>\n<ul>\n<li>\u015awiadczenie us\u0142ug na terenie ca\u0142ej Polski.<\/li>\n<li>Dogodne terminy realizacji.<\/li>\n<li>Skr\u00f3cenie okresu &#8222;przestoju&#8221; urz\u0105dzenia.<\/li>\n<li>Dost\u0119p do ponad 40 mobilnych serwis\u00f3w<\/li>\n<\/ul>\n<p>[\/vc_column_text][\/vc_column][\/vc_row]<\/p>\n","protected":false},"excerpt":{"rendered":"<p>[vc_row overlay=&#8221;rd_hover_goliath&#8221; overlay_color=&#8221;&#8221; port_type=&#8221;port_type_5&#8243; port_bg_color=&#8221;&#8221; port_title_color=&#8221;&#8221; port_text_color=&#8221;&#8221; port_button_color=&#8221;&#8221; port_border_color=&#8221;&#8221; port_hover_bg_color=&#8221;&#8221; port_hover_title_color=&#8221;&#8221; port_hover_text_color=&#8221;&#8221; port_hover_button_color=&#8221;&#8221; port_hover_border_color=&#8221;&#8221; desc_title=&#8221;&#8221; desc_cat=&#8221;&#8221; overlay_color_2=&#8221;&#8221; desc_border=&#8221;&#8221; port_thumbnail=&#8221;thumbnail_type_2&#8243; port_layout=&#8221;3 columns&#8221; category=&#8221;pompy&#8221; tags=&#8221;all&#8221; port_order=&#8221;DESC&#8221; port_orderby=&#8221;date&#8221; target=&#8221;_self&#8221; port_start=&#8221;8&#8243; filter=&#8221;yes&#8221; filter_type=&#8221;filter_type_1&#8243; filter_text_color=&#8221;&#8221; filter_background_color=&#8221;&#8221; filter_border_color=&#8221;&#8221; selected_filter_bg_color=&#8221;&#8221; port_navigation=&#8221;&#8221; nav_bg=&#8221;&#8221; nav_color=&#8221;&#8221; nav_border=&#8221;&#8221; nav_hover_color=&#8221;&#8221; nav_hover_bg=&#8221;&#8221; port_click=&#8221;4&#8243; button_bg=&#8221;&#8221; button_title=&#8221;&#8221; button_border=&#8221;&#8221; button_hover_title=&#8221;&#8221; button_hover_bg=&#8221;&#8221;][vc_column][vc_custom_heading text=&#8221;SERWIS&#8221; font_container=&#8221;tag:h2|font_size:30|text_align:center|color:%235b5b5b|line_height:3&#8243; google_fonts=&#8221;font_family:Lato%3A100%2C100italic%2C300%2C300italic%2Cregular%2Citalic%2C700%2C700italic%2C900%2C900italic|font_style:900%20bold%20regular%3A900%3Anormal&#8221; css=&#8221;.vc_custom_1592318033674{margin-bottom: 50px !important;}&#8221; el_class=&#8221;letterspacing-3&#8243;][\/vc_column][\/vc_row][vc_row][vc_column][\/vc_column][\/vc_row][vc_row font_color=&#8221;#666666&#8243;][vc_column css=&#8221;.vc_custom_1592222193758{margin-right: 75px<br \/><a href=\"https:\/\/hydro-partner.pl\/uslugi-2\/serwis\/\" class=\"more\">Read more<\/a><\/p>\n","protected":false},"author":1,"featured_media":0,"parent":7888,"menu_order":0,"comment_status":"closed","ping_status":"open","template":"","meta":{"_uf_show_specific_survey":0,"_uf_disable_surveys":false,"footnotes":""},"_links":{"self":[{"href":"https:\/\/hydro-partner.pl\/wp-json\/wp\/v2\/pages\/8056"}],"collection":[{"href":"https:\/\/hydro-partner.pl\/wp-json\/wp\/v2\/pages"}],"about":[{"href":"https:\/\/hydro-partner.pl\/wp-json\/wp\/v2\/types\/page"}],"author":[{"embeddable":true,"href":"https:\/\/hydro-partner.pl\/wp-json\/wp\/v2\/users\/1"}],"replies":[{"embeddable":true,"href":"https:\/\/hydro-partner.pl\/wp-json\/wp\/v2\/comments?post=8056"}],"version-history":[{"count":3,"href":"https:\/\/hydro-partner.pl\/wp-json\/wp\/v2\/pages\/8056\/revisions"}],"predecessor-version":[{"id":8061,"href":"https:\/\/hydro-partner.pl\/wp-json\/wp\/v2\/pages\/8056\/revisions\/8061"}],"up":[{"embeddable":true,"href":"https:\/\/hydro-partner.pl\/wp-json\/wp\/v2\/pages\/7888"}],"wp:attachment":[{"href":"https:\/\/hydro-partner.pl\/wp-json\/wp\/v2\/media?parent=8056"}],"curies":[{"name":"wp","href":"https:\/\/api.w.org\/{rel}","templated":true}]}}