{"id":7983,"date":"2020-06-15T15:48:17","date_gmt":"2020-06-15T13:48:17","guid":{"rendered":"http:\/\/hydro-partner.pl\/?page_id=7983"},"modified":"2020-06-16T15:33:58","modified_gmt":"2020-06-16T13:33:58","slug":"zestawy-hydroforowe","status":"publish","type":"page","link":"https:\/\/hydro-partner.pl\/produkty\/zestawy-hydroforowe\/","title":{"rendered":"Zestawy hydroforowe"},"content":{"rendered":"<p>[vc_row overlay=&#8221;rd_hover_goliath&#8221; overlay_color=&#8221;&#8221; port_type=&#8221;port_type_5&#8243; port_bg_color=&#8221;&#8221; port_title_color=&#8221;&#8221; port_text_color=&#8221;&#8221; port_button_color=&#8221;&#8221; port_border_color=&#8221;&#8221; port_hover_bg_color=&#8221;&#8221; port_hover_title_color=&#8221;&#8221; port_hover_text_color=&#8221;&#8221; port_hover_button_color=&#8221;&#8221; port_hover_border_color=&#8221;&#8221; desc_title=&#8221;&#8221; desc_cat=&#8221;&#8221; overlay_color_2=&#8221;&#8221; desc_border=&#8221;&#8221; port_thumbnail=&#8221;thumbnail_type_2&#8243; port_layout=&#8221;3 columns&#8221; category=&#8221;pompy&#8221; tags=&#8221;all&#8221; port_order=&#8221;DESC&#8221; port_orderby=&#8221;date&#8221; target=&#8221;_self&#8221; port_start=&#8221;8&#8243; filter=&#8221;yes&#8221; filter_type=&#8221;filter_type_1&#8243; filter_text_color=&#8221;&#8221; filter_background_color=&#8221;&#8221; filter_border_color=&#8221;&#8221; selected_filter_bg_color=&#8221;&#8221; port_navigation=&#8221;&#8221; nav_bg=&#8221;&#8221; nav_color=&#8221;&#8221; nav_border=&#8221;&#8221; nav_hover_color=&#8221;&#8221; nav_hover_bg=&#8221;&#8221; port_click=&#8221;4&#8243; button_bg=&#8221;&#8221; button_title=&#8221;&#8221; button_border=&#8221;&#8221; button_hover_title=&#8221;&#8221; button_hover_bg=&#8221;&#8221;][vc_column][vc_custom_heading text=&#8221;ZESTAWY HYDROFOROWE&#8221; font_container=&#8221;tag:h2|font_size:30|text_align:center|color:%235b5b5b|line_height:3&#8243; google_fonts=&#8221;font_family:Lato%3A100%2C100italic%2C300%2C300italic%2Cregular%2Citalic%2C700%2C700italic%2C900%2C900italic|font_style:900%20bold%20regular%3A900%3Anormal&#8221; css=&#8221;.vc_custom_1592228793796{margin-bottom: 50px !important;}&#8221; el_class=&#8221;letterspacing-3&#8243;][\/vc_column][\/vc_row][vc_row][vc_column]<style type=\"text\/css\" >#ic_2z39ysmux0odmwc7ph25 {margin:0px auto 0px; }#ic_2z39ysmux0odmwc7ph25 .owl-prev,#ic_2z39ysmux0odmwc7ph25 .owl-next{border-color:#ecf0f1; background:#ffffff; color:#a1b1bc; }#ic_2z39ysmux0odmwc7ph25 .owl-prev:hover,#ic_2z39ysmux0odmwc7ph25 .owl-next:hover{background:#f9fafb; color:#2c3e50; }#ic_2z39ysmux0odmwc7ph25 .owl-prev:before,#ic_2z39ysmux0odmwc7ph25 .owl-next:after{border-color:#a1b1bc; }#ic_2z39ysmux0odmwc7ph25 .owl-prev:hover::before,#ic_2z39ysmux0odmwc7ph25 .owl-next:hover::after{border-color:#2c3e50; }#ic_2z39ysmux0odmwc7ph25 .owl-dot{ background:#ffffff; border-color:#ecf0f1; }#ic_2z39ysmux0odmwc7ph25 .owl-dot.active{ background:#1c83d8; border-color:#ecf0f1;}<\/style><script type=\"text\/javascript\" charset=\"utf-8\">\r\n\r\n\t\tjQuery.noConflict();\r\n\t\/\/setup up Carousel\r\n\t\tjQuery(document).ready(function($) {\r\n\t\"use strict\";\r\n\t$(window).load(function(){\r\n\t\t$(\"#ic_2z39ysmux0odmwc7ph25\").owlCarousel({\r\n\t\t\trtl: $(\"body\").hasClass(\"rtl\") ? true : false,\r\n\t\t\tresponsiveClass:true,\r\n\t\t\tcenter:true,\r\n\t\t\tloop:true,\r\n\t\t\tresponsive:{\r\n\t\t\t\t0:{\r\n\t\t\t\t\titems:1,\r\n\t\t\t    },\r\n\t\t\t    780:{\r\n\t\t\t        items:2,\r\n\t\t\t\t},\r\n\t\t\t\t1000:{\r\n\t\t\t\t    items:2,\r\n\t\t\t\t},\r\n\t\t\t},\r\n\t\t\t autoplay:true,\r\n\t\t\t autoplaySpeed: 800,\r\n\t   \t \t dots:true,\r\n\t\t\t nav:true,\r\n\t\r\n\t\t});\r\n\t});\r\n});\r\n\r\n<\/script><div class=\"tt_testimonials_ctn rd_ic_center   \" id=\"ic_2z39ysmux0odmwc7ph25\" style=\"margin-top:0px; margin-bottom:0px;\"><a href=\"https:\/\/hydro-partner.pl\/wp-content\/uploads\/2020\/06\/20161209_092107x-1024x576.jpg\"  rel=\"prettyPhoto[rel-2z39ysmux0odmwc7ph25]\" ><img loading=\"lazy\" decoding=\"async\" width=\"1500\" height=\"844\" src=\"https:\/\/hydro-partner.pl\/wp-content\/uploads\/2020\/06\/20161209_092107x.jpg\" class=\"attachment-full\" alt=\"\" srcset=\"https:\/\/hydro-partner.pl\/wp-content\/uploads\/2020\/06\/20161209_092107x.jpg 1500w, https:\/\/hydro-partner.pl\/wp-content\/uploads\/2020\/06\/20161209_092107x-300x169.jpg 300w, https:\/\/hydro-partner.pl\/wp-content\/uploads\/2020\/06\/20161209_092107x-1024x576.jpg 1024w, https:\/\/hydro-partner.pl\/wp-content\/uploads\/2020\/06\/20161209_092107x-768x432.jpg 768w\" sizes=\"(max-width: 1500px) 100vw, 1500px\" \/><\/a><a href=\"https:\/\/hydro-partner.pl\/wp-content\/uploads\/2020\/06\/20190606_081912x-1024x768.jpg\"  rel=\"prettyPhoto[rel-2z39ysmux0odmwc7ph25]\" ><img loading=\"lazy\" decoding=\"async\" width=\"1500\" height=\"1125\" src=\"https:\/\/hydro-partner.pl\/wp-content\/uploads\/2020\/06\/20190606_081912x.jpg\" class=\"attachment-full\" alt=\"\" srcset=\"https:\/\/hydro-partner.pl\/wp-content\/uploads\/2020\/06\/20190606_081912x.jpg 1500w, https:\/\/hydro-partner.pl\/wp-content\/uploads\/2020\/06\/20190606_081912x-300x225.jpg 300w, https:\/\/hydro-partner.pl\/wp-content\/uploads\/2020\/06\/20190606_081912x-1024x768.jpg 1024w, https:\/\/hydro-partner.pl\/wp-content\/uploads\/2020\/06\/20190606_081912x-768x576.jpg 768w\" sizes=\"(max-width: 1500px) 100vw, 1500px\" \/><\/a><a href=\"https:\/\/hydro-partner.pl\/wp-content\/uploads\/2020\/06\/20170505_150823x-1024x768.jpg\"  rel=\"prettyPhoto[rel-2z39ysmux0odmwc7ph25]\" ><img loading=\"lazy\" decoding=\"async\" width=\"1500\" height=\"1125\" src=\"https:\/\/hydro-partner.pl\/wp-content\/uploads\/2020\/06\/20170505_150823x.jpg\" class=\"attachment-full\" alt=\"\" srcset=\"https:\/\/hydro-partner.pl\/wp-content\/uploads\/2020\/06\/20170505_150823x.jpg 1500w, https:\/\/hydro-partner.pl\/wp-content\/uploads\/2020\/06\/20170505_150823x-300x225.jpg 300w, https:\/\/hydro-partner.pl\/wp-content\/uploads\/2020\/06\/20170505_150823x-1024x768.jpg 1024w, https:\/\/hydro-partner.pl\/wp-content\/uploads\/2020\/06\/20170505_150823x-768x576.jpg 768w\" sizes=\"(max-width: 1500px) 100vw, 1500px\" \/><\/a><\/div>[\/vc_column][\/vc_row][vc_row font_color=&#8221;#666666&#8243;][vc_column css=&#8221;.vc_custom_1592222193758{margin-right: 75px !important;margin-left: 75px !important;}&#8221;][vc_column_text]<\/p>\n<p style=\"font-weight: 400;\">Projektujemy, budujemy, dostarczamy i modernizujemy zestawy hydroforowe z osprz\u0119tem, armatur\u0105 i uk\u0142adem steruj\u0105cym o regulowanej wydajno\u015bci, w wersjach materia\u0142owych uzgodnionych z inwestorem, eksploatatorem lub generalnym wykonawc\u0105.<\/p>\n<p style=\"font-weight: 400;\">Zestawy hydroforowe s\u0105 uk\u0142adami r\u00f3wnoleg\u0142ymi kilku pomp, s\u0142u\u017c\u0105cymi do t\u0142oczenia wody czystej, podnoszenia ci\u015bnienia w sieciach wodoci\u0105gowych lub kompensacji strat hydraulicznych. Mog\u0105 by\u0107 zasilane bezpo\u015brednio z sieci wodoci\u0105gowej lub ze zbiornika otwartego przy zachowaniu nap\u0142ywu wody na zestaw. Zestawy wykonywane s\u0105 w kilku wersjach je\u017celi chodzi ich prac\u0119 \u2013 uk\u0142ad kaskadowy lub nad\u0105\u017cny &#8211; z jedn\u0105 lub kilkoma przetwornicami cz\u0119stotliwo\u015bci.<\/p>\n<p style=\"font-weight: 400;\">W zale\u017cno\u015bci od specyfiki wykonujemy zestawy hydroforowe zapewniaj\u0105ce dostaw\u0119 wody dla cel\u00f3w: bytowo-gospodarczych, przeciwpo\u017carowych, przemys\u0142owych.<\/p>\n<p style=\"font-weight: 400;\">Aspekty techniczne:<\/p>\n<p style=\"font-weight: 400;\">Zestaw hydroforowy przeznaczony jest do t\u0142oczenia wody czystej nie agresywnej chemicznie o pH = 6 \u2013 8 i podwy\u017cszania ci\u015bnienia w instalacjach. Mo\u017ce by\u0107 zasilany bezpo\u015brednio z sieci wodoci\u0105gowej lub ze zbiornika otwartego przy zachowaniu nap\u0142ywu wody na zestaw. G\u0142\u00f3wne obszary zastosowa\u0144:<\/p>\n<ul style=\"font-weight: 400;\">\n<li>sieci wodoci\u0105gowe miejskie i wiejskie<\/li>\n<li>budynki u\u017cyteczno\u015bci publicznej<\/li>\n<li>stacje uzdatniania wody<\/li>\n<li>kontenerowe stacje podnoszenia ci\u015bnienia<\/li>\n<li>zasilanie przeciwpo\u017carowych system\u00f3w hydrantowych<\/li>\n<li>instalacje przemys\u0142owe w uk\u0142adach ch\u0142odzenia i wody technologicznej<\/li>\n<li>rolnictwo, ogrodnictwo w systemach irygacyjnych i nawadniania<\/li>\n<\/ul>\n<p style=\"font-weight: 400;\">Wyposa\u017cenie zestawu hydroforowego<\/p>\n<ul style=\"font-weight: 400;\">\n<li>Pompy<\/li>\n<\/ul>\n<p style=\"font-weight: 400;\">\u00a0\u00a0\u00a0\u00a0\u00a0\u00a0\u00a0\u00a0\u00a0\u00a0\u00a0 W zestawach hydroforowych firmy Hydro-Partner stosujemy pompy znanych producent\u00f3w, kieruj\u0105c si\u0119 optymalnym doborem jak r\u00f3wnie\u017c preferencjami eksploatatora.<\/p>\n<ul style=\"font-weight: 400;\">\n<li>Konstrukcja no\u015bna<\/li>\n<\/ul>\n<p style=\"font-weight: 400;\">Zestaw hydroforowy zamontowany jest na ramie wykonanej z element\u00f3w ze stali nierdzewnej, wyposa\u017conej w wibroizolatory ograniczaj\u0105ce przenoszenie drga\u0144 na pod\u0142o\u017ce. Konstrukcja ramy umo\u017cliwiaj\u0105ca monta\u017c zestawu bez konieczno\u015bci przygotowania specjalnego fundamentu lub zakotwiczenie go do posadzki.<\/p>\n<ul style=\"font-weight: 400;\">\n<li>Kolektory i armatura<\/li>\n<\/ul>\n<p style=\"font-weight: 400;\">Pompy zastosowane w zestawie po\u0142\u0105czone s\u0105 we wsp\u00f3lne kolektory: ssawny i t\u0142oczny, wykonane ze stali nierdzewnej. Elementy kolektor\u00f3w \u0142\u0105czone s\u0105 za pomoc\u0105 ko\u0142nierzy PN10 ze stali nierdzewnej. Kolektory wyposa\u017cone s\u0105 w kompensatory zabezpieczaj\u0105ce uk\u0142ad przed przenoszeniem drga\u0144 oraz przepustnice u\u0142atwiaj\u0105ce pod\u0142\u0105czenie zestawu do instalacji hydroforni.<\/p>\n<p style=\"font-weight: 400;\">Na kolektorze ssawnym zamontowany jest manometr glicerynowy w wykonaniu ze stali nierdzewnej, sonda konduktometryczna zabezpieczaj\u0105ca zestaw przed prac\u0105 w sucho biegu, zaw\u00f3r odpowietrzaj\u0105cy oraz kr\u00f3ciec spustowy z zaworem kulowym.<\/p>\n<p style=\"font-weight: 400;\">Kolektor t\u0142oczny wyposa\u017cony jest w manometr glicerynowy w wykonaniu ze stali nierdzewnej, przetwornik ci\u015bnienia, przeka\u017anik ci\u015bnienia oraz zbiornik przeponowy 25 l. Zbiornik zabezpiecza uk\u0142ad przed uderzeniami hydraulicznymi.<\/p>\n<p style=\"font-weight: 400;\">Ka\u017cda pompa wyposa\u017cona jest w przy\u0142\u0105cze ssawne z armatur\u0105 odcinaj\u0105c\u0105 oraz przy\u0142\u0105cze t\u0142oczne z armatura zwrotn\u0105 i odcinaj\u0105c\u0105.<\/p>\n<ul style=\"font-weight: 400;\">\n<li>Szafa sterownicza<\/li>\n<\/ul>\n<p style=\"font-weight: 400;\">W standardzie stosujemy szafy sterownicze w wykonaniu ze blachy stalowej o stopniu ochrony IP-54.<br \/>\nSzafa wyposa\u017cona jest w:<\/p>\n<ul style=\"font-weight: 400;\">\n<li>sterownik mikroprocesorowy specjalizowany do utrzymania pracy w trybie nad\u0105\u017cnym jak i kaskadowym<\/li>\n<li>przetwornic\u0119 cz\u0119stotliwo\u015bci standardowo wyposa\u017con\u0105 w filtr RFI<\/li>\n<li>kontrolki, prze\u0142\u0105czniki trybu pracy ka\u017cdej z pomp, wy\u0142\u0105cznik g\u0142\u00f3wny<\/li>\n<li>zabezpieczenia elektryczne<\/li>\n<\/ul>\n<p style=\"font-weight: 400;\">Szafa sterownicza zapewnia:<\/p>\n<ul style=\"font-weight: 400;\">\n<li>mo\u017cliwo\u015b\u0107 r\u0119cznego za\u0142\u0105czenia ka\u017cdej z pomp niezale\u017cnie od sterownika<\/li>\n<li>utrzymanie sta\u0142ego ci\u015bnienia po stronie t\u0142ocznej oraz zabezpiecza uk\u0142ad pompowy przed suchobiegiem<\/li>\n<li>poprawno\u015b\u0107 zasilania urz\u0105dze\u0144<\/li>\n<li>realizuje tzw. funkcj\u0119 falownika \u201enad\u0105\u017cnego\u201d co umo\u017cliwia jednakowe zu\u017cycie pomp oraz ogranicza uderzenia hydrauliczne<\/li>\n<li>wsp\u00f3\u0142prace z czujnikami ci\u015bnienia o wyj\u015bciu pr\u0105dowym (4&#8230;20mA lub 0&#8230;20mA)<\/li>\n<\/ul>\n<ul style=\"font-weight: 400;\">\n<li>Algorytm pracy zestawu hydroforowego:<\/li>\n<\/ul>\n<p style=\"font-weight: 400;\">Dla zapewnienia ekonomicznej, niezawodnej i p\u0142ynnej pracy stacji hydroforowej, system wyposa\u017cony jest w przetwornic\u0119 cz\u0119stotliwo\u015bci z filtrem RFI.\u00a0 S\u0142u\u017cy on do regulacji pr\u0119dko\u015bci obrotowej pompy w celu utrzymywania sta\u0142ego ci\u015bnienia w sieci, niezale\u017cnie od wielko\u015bci rozbioru. Uk\u0142ad pracuje w funkcji ci\u015bnienia mierzonego w kolektorze t\u0142ocznym. Sygna\u0142 z analogowego przetwornika ci\u015bnienia jest przekazywany do sterownika, gdzie jest por\u00f3wnywany z sygna\u0142em ci\u015bnienia zadanego. Gdy ci\u015bnienie mierzone jest mniejsze od zadanego, a obroty pompy s\u0105 ni\u017csze od nominalnych, wtedy sterownik reguluje prac\u0119 przetwornicy cz\u0119stotliwo\u015bci, zwi\u0119ksza pr\u0119dko\u015b\u0107 obrotow\u0105 pompy, podnosz\u0105c ci\u015bnienie i wydajno\u015b\u0107. Je\u017celi pompa osi\u0105gnie pr\u0119dko\u015b\u0107 nominaln\u0105, a ci\u015bnienie wci\u0105\u017c jest ni\u017csze od zadanego \u2013 sterownik prze\u0142\u0105cza pomp\u0119 pracuj\u0105c\u0105 z falownikiem bezpo\u015brednio na zasilanie z sieci, a za pomoc\u0105 falownika uruchomiona zostaje kolejna pompa sieciowa. Gdy ci\u015bnienie ro\u015bnie (malej\u0105cy rozbi\u00f3r) proces sterowania wy\u0142\u0105cza kolejne nap\u0119dy sterowane z sieci, a ci\u015bnienie jest stabilizowane pomp\u0105 zasilan\u0105 z falownika.<br \/>\nSterowanie ka\u017cdej pompy mo\u017ce si\u0119 odbywa\u0107 w trybie pracy automatycznej lub r\u0119cznej. W razie awarii falownika zestaw hydroforowy mo\u017ce przej\u015b\u0107 w tryb pracy kaskadowej (zale\u017cy to jednak od charakterystyki obiektu). Szafa steruj\u0105ca blokuje mo\u017cliwo\u015bci za\u0142\u0105czenia pompy, w kt\u00f3rej sterownik wykryje awarie. W przypadku awarii, pompy s\u0105 prze\u0142\u0105czane automatyczne. W trybie zerowego rozbioru nast\u0119puje \u201eu\u015bpienie\u201d falownika. Ponowne za\u0142\u0105czana jest ta pompa, kt\u00f3ra pracowa\u0142a najkr\u00f3cej. Zestaw hydroforowy automatyczny podejmuje prac\u0119 po przywr\u00f3ceniu zasilania (bez konieczno\u015bci ingerencji u\u017cytkownika).<br \/>\nDla zabezpieczenia pomp przed prac\u0105 na sucho, stosuje si\u0119 czujnik obecno\u015bci wody w kolektorze ssawnym. W przypadku braku wody powoduje on wy\u0142\u0105czenie pomp. Ca\u0142o\u015bci\u0105 systemu sterowania zarz\u0105dza sterownik mikroprocesorowy.<\/p>\n<p style=\"font-weight: 400;\">Informacje dodatkowe<\/p>\n<p style=\"font-weight: 400;\">Wyposa\u017cenie zestawu hydroforowego w g\u0142\u00f3wnej mierze zale\u017cy od specyfikacji zamawiaj\u0105cego. Firma Hydro-Partner ka\u017cdorazowo dostosowuje sw\u00f3j wysoki standard do wymog\u00f3w inwestora.<\/p>\n<p style=\"font-weight: 400;\">Firma Hydro-Partner zapewnia monta\u017c u klienta, uruchomienie, autoryzacj\u0119, przeszkolenie obs\u0142ugi. Posiadamy do\u015bwiadczenie w prowadzeniu modernizacji hydroforni w pe\u0142nym zakresie rob\u00f3t &#8211; \u201epod klucz\u201d. Nasze urz\u0105dzenia mo\u017cemy instalowa\u0107 w budynkach, przygotowanych przez nas kontenerach lub zbiornikach podziemnych.<\/p>\n<p style=\"font-weight: 400;\">Zestawy hydroforowe Hydro-Partner posiadaj\u0105 Atest PZH.<\/p>\n<p>[\/vc_column_text][\/vc_column][\/vc_row]<\/p>\n","protected":false},"excerpt":{"rendered":"<p>[vc_row overlay=&#8221;rd_hover_goliath&#8221; overlay_color=&#8221;&#8221; port_type=&#8221;port_type_5&#8243; port_bg_color=&#8221;&#8221; port_title_color=&#8221;&#8221; port_text_color=&#8221;&#8221; port_button_color=&#8221;&#8221; port_border_color=&#8221;&#8221; port_hover_bg_color=&#8221;&#8221; port_hover_title_color=&#8221;&#8221; port_hover_text_color=&#8221;&#8221; port_hover_button_color=&#8221;&#8221; port_hover_border_color=&#8221;&#8221; desc_title=&#8221;&#8221; desc_cat=&#8221;&#8221; overlay_color_2=&#8221;&#8221; desc_border=&#8221;&#8221; port_thumbnail=&#8221;thumbnail_type_2&#8243; port_layout=&#8221;3 columns&#8221; category=&#8221;pompy&#8221; tags=&#8221;all&#8221; port_order=&#8221;DESC&#8221; port_orderby=&#8221;date&#8221; target=&#8221;_self&#8221; port_start=&#8221;8&#8243; filter=&#8221;yes&#8221; filter_type=&#8221;filter_type_1&#8243; filter_text_color=&#8221;&#8221; filter_background_color=&#8221;&#8221; filter_border_color=&#8221;&#8221; selected_filter_bg_color=&#8221;&#8221; port_navigation=&#8221;&#8221; nav_bg=&#8221;&#8221; nav_color=&#8221;&#8221; nav_border=&#8221;&#8221; nav_hover_color=&#8221;&#8221; nav_hover_bg=&#8221;&#8221; port_click=&#8221;4&#8243; button_bg=&#8221;&#8221; button_title=&#8221;&#8221; button_border=&#8221;&#8221; button_hover_title=&#8221;&#8221; button_hover_bg=&#8221;&#8221;][vc_column][vc_custom_heading text=&#8221;ZESTAWY HYDROFOROWE&#8221; font_container=&#8221;tag:h2|font_size:30|text_align:center|color:%235b5b5b|line_height:3&#8243; google_fonts=&#8221;font_family:Lato%3A100%2C100italic%2C300%2C300italic%2Cregular%2Citalic%2C700%2C700italic%2C900%2C900italic|font_style:900%20bold%20regular%3A900%3Anormal&#8221; css=&#8221;.vc_custom_1592228793796{margin-bottom: 50px !important;}&#8221; el_class=&#8221;letterspacing-3&#8243;][\/vc_column][\/vc_row][vc_row][vc_column][\/vc_column][\/vc_row][vc_row font_color=&#8221;#666666&#8243;][vc_column css=&#8221;.vc_custom_1592222193758{margin-right:<br \/><a href=\"https:\/\/hydro-partner.pl\/produkty\/zestawy-hydroforowe\/\" class=\"more\">Read more<\/a><\/p>\n","protected":false},"author":1,"featured_media":0,"parent":7765,"menu_order":0,"comment_status":"closed","ping_status":"open","template":"","meta":{"_uf_show_specific_survey":0,"_uf_disable_surveys":false,"footnotes":""},"_links":{"self":[{"href":"https:\/\/hydro-partner.pl\/wp-json\/wp\/v2\/pages\/7983"}],"collection":[{"href":"https:\/\/hydro-partner.pl\/wp-json\/wp\/v2\/pages"}],"about":[{"href":"https:\/\/hydro-partner.pl\/wp-json\/wp\/v2\/types\/page"}],"author":[{"embeddable":true,"href":"https:\/\/hydro-partner.pl\/wp-json\/wp\/v2\/users\/1"}],"replies":[{"embeddable":true,"href":"https:\/\/hydro-partner.pl\/wp-json\/wp\/v2\/comments?post=7983"}],"version-history":[{"count":4,"href":"https:\/\/hydro-partner.pl\/wp-json\/wp\/v2\/pages\/7983\/revisions"}],"predecessor-version":[{"id":8032,"href":"https:\/\/hydro-partner.pl\/wp-json\/wp\/v2\/pages\/7983\/revisions\/8032"}],"up":[{"embeddable":true,"href":"https:\/\/hydro-partner.pl\/wp-json\/wp\/v2\/pages\/7765"}],"wp:attachment":[{"href":"https:\/\/hydro-partner.pl\/wp-json\/wp\/v2\/media?parent=7983"}],"curies":[{"name":"wp","href":"https:\/\/api.w.org\/{rel}","templated":true}]}}