{"id":7977,"date":"2020-06-15T15:29:14","date_gmt":"2020-06-15T13:29:14","guid":{"rendered":"http:\/\/hydro-partner.pl\/?page_id=7977"},"modified":"2020-06-16T15:35:25","modified_gmt":"2020-06-16T13:35:25","slug":"separatory-osadniki-regulatory-przeplywu","status":"publish","type":"page","link":"https:\/\/hydro-partner.pl\/produkty\/separatory-osadniki-regulatory-przeplywu\/","title":{"rendered":"Separatory, osadniki, regulatory przep\u0142ywu"},"content":{"rendered":"<p>[vc_row overlay=&#8221;rd_hover_goliath&#8221; overlay_color=&#8221;&#8221; port_type=&#8221;port_type_5&#8243; port_bg_color=&#8221;&#8221; port_title_color=&#8221;&#8221; port_text_color=&#8221;&#8221; port_button_color=&#8221;&#8221; port_border_color=&#8221;&#8221; port_hover_bg_color=&#8221;&#8221; port_hover_title_color=&#8221;&#8221; port_hover_text_color=&#8221;&#8221; port_hover_button_color=&#8221;&#8221; port_hover_border_color=&#8221;&#8221; desc_title=&#8221;&#8221; desc_cat=&#8221;&#8221; overlay_color_2=&#8221;&#8221; desc_border=&#8221;&#8221; port_thumbnail=&#8221;thumbnail_type_2&#8243; port_layout=&#8221;3 columns&#8221; category=&#8221;pompy&#8221; tags=&#8221;all&#8221; port_order=&#8221;DESC&#8221; port_orderby=&#8221;date&#8221; target=&#8221;_self&#8221; port_start=&#8221;8&#8243; filter=&#8221;yes&#8221; filter_type=&#8221;filter_type_1&#8243; filter_text_color=&#8221;&#8221; filter_background_color=&#8221;&#8221; filter_border_color=&#8221;&#8221; selected_filter_bg_color=&#8221;&#8221; port_navigation=&#8221;&#8221; nav_bg=&#8221;&#8221; nav_color=&#8221;&#8221; nav_border=&#8221;&#8221; nav_hover_color=&#8221;&#8221; nav_hover_bg=&#8221;&#8221; port_click=&#8221;4&#8243; button_bg=&#8221;&#8221; button_title=&#8221;&#8221; button_border=&#8221;&#8221; button_hover_title=&#8221;&#8221; button_hover_bg=&#8221;&#8221;][vc_column][vc_custom_heading text=&#8221;SEPARATORY, OSADNIKI, REGULATORY PRZEP\u0141YWU&#8221; font_container=&#8221;tag:h2|font_size:30|text_align:center|color:%235b5b5b|line_height:3&#8243; google_fonts=&#8221;font_family:Lato%3A100%2C100italic%2C300%2C300italic%2Cregular%2Citalic%2C700%2C700italic%2C900%2C900italic|font_style:900%20bold%20regular%3A900%3Anormal&#8221; css=&#8221;.vc_custom_1592227750687{margin-bottom: 50px !important;}&#8221; el_class=&#8221;letterspacing-3&#8243;][\/vc_column][\/vc_row][vc_row][vc_column]<style type=\"text\/css\" >#ic_3omu6jt75podkfj7el0j {margin:0px auto 0px; }#ic_3omu6jt75podkfj7el0j .owl-prev,#ic_3omu6jt75podkfj7el0j .owl-next{border-color:#ecf0f1; background:#ffffff; color:#a1b1bc; }#ic_3omu6jt75podkfj7el0j .owl-prev:hover,#ic_3omu6jt75podkfj7el0j .owl-next:hover{background:#f9fafb; color:#2c3e50; }#ic_3omu6jt75podkfj7el0j .owl-prev:before,#ic_3omu6jt75podkfj7el0j .owl-next:after{border-color:#a1b1bc; }#ic_3omu6jt75podkfj7el0j .owl-prev:hover::before,#ic_3omu6jt75podkfj7el0j .owl-next:hover::after{border-color:#2c3e50; }#ic_3omu6jt75podkfj7el0j .owl-dot{ background:#ffffff; border-color:#ecf0f1; }#ic_3omu6jt75podkfj7el0j .owl-dot.active{ background:#1c83d8; border-color:#ecf0f1;}<\/style><script type=\"text\/javascript\" charset=\"utf-8\">\r\n\r\n\t\tjQuery.noConflict();\r\n\t\/\/setup up Carousel\r\n\t\tjQuery(document).ready(function($) {\r\n\t\"use strict\";\r\n\t$(window).load(function(){\r\n\t\t$(\"#ic_3omu6jt75podkfj7el0j\").owlCarousel({\r\n\t\t\trtl: $(\"body\").hasClass(\"rtl\") ? true : false,\r\n\t\t\tresponsiveClass:true,\r\n\t\t\tcenter:true,\r\n\t\t\tloop:true,\r\n\t\t\tresponsive:{\r\n\t\t\t\t0:{\r\n\t\t\t\t\titems:1,\r\n\t\t\t    },\r\n\t\t\t    780:{\r\n\t\t\t        items:2,\r\n\t\t\t\t},\r\n\t\t\t\t1000:{\r\n\t\t\t\t    items:2,\r\n\t\t\t\t},\r\n\t\t\t},\r\n\t\t\t autoplay:true,\r\n\t\t\t autoplaySpeed: 800,\r\n\t   \t \t dots:true,\r\n\t\t\t nav:true,\r\n\t\r\n\t\t});\r\n\t});\r\n});\r\n\r\n<\/script><div class=\"tt_testimonials_ctn rd_ic_center   \" id=\"ic_3omu6jt75podkfj7el0j\" style=\"margin-top:0px; margin-bottom:0px;\"><a href=\"https:\/\/hydro-partner.pl\/wp-content\/uploads\/2020\/06\/WP_20160524_13_20_37_Prox-1024x575.jpg\"  rel=\"prettyPhoto[rel-3omu6jt75podkfj7el0j]\" ><img loading=\"lazy\" decoding=\"async\" width=\"1500\" height=\"843\" src=\"https:\/\/hydro-partner.pl\/wp-content\/uploads\/2020\/06\/WP_20160524_13_20_37_Prox.jpg\" class=\"attachment-full\" alt=\"\" srcset=\"https:\/\/hydro-partner.pl\/wp-content\/uploads\/2020\/06\/WP_20160524_13_20_37_Prox.jpg 1500w, https:\/\/hydro-partner.pl\/wp-content\/uploads\/2020\/06\/WP_20160524_13_20_37_Prox-300x169.jpg 300w, https:\/\/hydro-partner.pl\/wp-content\/uploads\/2020\/06\/WP_20160524_13_20_37_Prox-1024x575.jpg 1024w, https:\/\/hydro-partner.pl\/wp-content\/uploads\/2020\/06\/WP_20160524_13_20_37_Prox-768x432.jpg 768w\" sizes=\"(max-width: 1500px) 100vw, 1500px\" \/><\/a><a href=\"https:\/\/hydro-partner.pl\/wp-content\/uploads\/2020\/06\/SKA-PB-120_1200x-1024x613.jpg\"  rel=\"prettyPhoto[rel-3omu6jt75podkfj7el0j]\" ><img loading=\"lazy\" decoding=\"async\" width=\"1500\" height=\"898\" src=\"https:\/\/hydro-partner.pl\/wp-content\/uploads\/2020\/06\/SKA-PB-120_1200x.jpg\" class=\"attachment-full\" alt=\"\" srcset=\"https:\/\/hydro-partner.pl\/wp-content\/uploads\/2020\/06\/SKA-PB-120_1200x.jpg 1500w, https:\/\/hydro-partner.pl\/wp-content\/uploads\/2020\/06\/SKA-PB-120_1200x-300x180.jpg 300w, https:\/\/hydro-partner.pl\/wp-content\/uploads\/2020\/06\/SKA-PB-120_1200x-1024x613.jpg 1024w, https:\/\/hydro-partner.pl\/wp-content\/uploads\/2020\/06\/SKA-PB-120_1200x-768x460.jpg 768w\" sizes=\"(max-width: 1500px) 100vw, 1500px\" \/><\/a><\/div>[\/vc_column][\/vc_row][vc_row font_color=&#8221;#666666&#8243;][vc_column css=&#8221;.vc_custom_1592222193758{margin-right: 75px !important;margin-left: 75px !important;}&#8221;][vc_column_text]<\/p>\n<p style=\"font-weight: 400;\">Dostarczamy separatory, kt\u00f3rych zadaniem jest oddzielanie, zmagazynowanie cieczy lekkich, substancji ropopochodnych, skrobi, t\u0142uszcz\u00f3w i olej\u00f3w pochodzenia organicznego ze \u015bciek\u00f3w. W zale\u017cno\u015bci od wymaga\u0144 projektu proponujemy separatory t\u0142uszczu lub separatory substancji ropopochodnych: lamelowe lub koalescencyjne.<\/p>\n<p style=\"font-weight: 400;\">Realizujemy dostawy osadnik\u00f3w, kt\u00f3re zgodnie z najnowszymi rozporz\u0105dzeniami zapewniaj\u0105 podczyszczenie wst\u0119pne \u015bciek\u00f3w o zawarto\u015bci st\u0119\u017cenia zawiesiny wi\u0119kszej ni\u017c 100 mg\/l.<\/p>\n<p style=\"font-weight: 400;\">W zale\u017cno\u015bci od projektu dostarczamy osadniki poziome lub wirowe.<\/p>\n<p style=\"font-weight: 400;\">Wykonywane przez nas regulatory przep\u0142ywu zapewniaj\u0105 regulacj\u0119 odp\u0142ywu ze zbiornik\u00f3w retencyjnych, normalizacj\u0119 przep\u0142ywu przed urz\u0105dzeniami kanalizacyjnymi lub regulacje zrzutu \u015bciek\u00f3w do cieku wodnego\/kanalizacji.<\/p>\n<p style=\"font-weight: 400;\">Ze wzgl\u0119du na technologie wykonania dostarczamy regulatory wirowe, d\u0142awikowe lub p\u0142ywakowe.<\/p>\n<p style=\"font-weight: 400;\"><strong>G\u0142\u00f3wne obszary zastosowa\u0144:<\/strong><\/p>\n<ul>\n<li style=\"font-weight: 400;\">zak\u0142ady komunalne i wodoci\u0105gowe<\/li>\n<li style=\"font-weight: 400;\">drogownictwo<\/li>\n<li style=\"font-weight: 400;\">centra logistyczne i magazynowe<\/li>\n<li style=\"font-weight: 400;\">przemys\u0142 owocowo-warzywny<\/li>\n<li style=\"font-weight: 400;\">przemys\u0142 mi\u0119sny<\/li>\n<li style=\"font-weight: 400;\">rolnictwo<\/li>\n<\/ul>\n<p>[\/vc_column_text][\/vc_column][\/vc_row]<\/p>\n","protected":false},"excerpt":{"rendered":"<p>[vc_row overlay=&#8221;rd_hover_goliath&#8221; overlay_color=&#8221;&#8221; port_type=&#8221;port_type_5&#8243; port_bg_color=&#8221;&#8221; port_title_color=&#8221;&#8221; port_text_color=&#8221;&#8221; port_button_color=&#8221;&#8221; port_border_color=&#8221;&#8221; port_hover_bg_color=&#8221;&#8221; port_hover_title_color=&#8221;&#8221; port_hover_text_color=&#8221;&#8221; port_hover_button_color=&#8221;&#8221; port_hover_border_color=&#8221;&#8221; desc_title=&#8221;&#8221; desc_cat=&#8221;&#8221; overlay_color_2=&#8221;&#8221; desc_border=&#8221;&#8221; port_thumbnail=&#8221;thumbnail_type_2&#8243; port_layout=&#8221;3 columns&#8221; category=&#8221;pompy&#8221; tags=&#8221;all&#8221; port_order=&#8221;DESC&#8221; port_orderby=&#8221;date&#8221; target=&#8221;_self&#8221; port_start=&#8221;8&#8243; filter=&#8221;yes&#8221; filter_type=&#8221;filter_type_1&#8243; filter_text_color=&#8221;&#8221; filter_background_color=&#8221;&#8221; filter_border_color=&#8221;&#8221; selected_filter_bg_color=&#8221;&#8221; port_navigation=&#8221;&#8221; nav_bg=&#8221;&#8221; nav_color=&#8221;&#8221; nav_border=&#8221;&#8221; nav_hover_color=&#8221;&#8221; nav_hover_bg=&#8221;&#8221; port_click=&#8221;4&#8243; button_bg=&#8221;&#8221; button_title=&#8221;&#8221; button_border=&#8221;&#8221; button_hover_title=&#8221;&#8221; button_hover_bg=&#8221;&#8221;][vc_column][vc_custom_heading text=&#8221;SEPARATORY, OSADNIKI, REGULATORY PRZEP\u0141YWU&#8221; font_container=&#8221;tag:h2|font_size:30|text_align:center|color:%235b5b5b|line_height:3&#8243; google_fonts=&#8221;font_family:Lato%3A100%2C100italic%2C300%2C300italic%2Cregular%2Citalic%2C700%2C700italic%2C900%2C900italic|font_style:900%20bold%20regular%3A900%3Anormal&#8221; css=&#8221;.vc_custom_1592227750687{margin-bottom: 50px !important;}&#8221; el_class=&#8221;letterspacing-3&#8243;][\/vc_column][\/vc_row][vc_row][vc_column][\/vc_column][\/vc_row][vc_row<br \/><a href=\"https:\/\/hydro-partner.pl\/produkty\/separatory-osadniki-regulatory-przeplywu\/\" class=\"more\">Read more<\/a><\/p>\n","protected":false},"author":1,"featured_media":0,"parent":7765,"menu_order":0,"comment_status":"closed","ping_status":"open","template":"","meta":{"_uf_show_specific_survey":0,"_uf_disable_surveys":false,"footnotes":""},"_links":{"self":[{"href":"https:\/\/hydro-partner.pl\/wp-json\/wp\/v2\/pages\/7977"}],"collection":[{"href":"https:\/\/hydro-partner.pl\/wp-json\/wp\/v2\/pages"}],"about":[{"href":"https:\/\/hydro-partner.pl\/wp-json\/wp\/v2\/types\/page"}],"author":[{"embeddable":true,"href":"https:\/\/hydro-partner.pl\/wp-json\/wp\/v2\/users\/1"}],"replies":[{"embeddable":true,"href":"https:\/\/hydro-partner.pl\/wp-json\/wp\/v2\/comments?post=7977"}],"version-history":[{"count":3,"href":"https:\/\/hydro-partner.pl\/wp-json\/wp\/v2\/pages\/7977\/revisions"}],"predecessor-version":[{"id":8036,"href":"https:\/\/hydro-partner.pl\/wp-json\/wp\/v2\/pages\/7977\/revisions\/8036"}],"up":[{"embeddable":true,"href":"https:\/\/hydro-partner.pl\/wp-json\/wp\/v2\/pages\/7765"}],"wp:attachment":[{"href":"https:\/\/hydro-partner.pl\/wp-json\/wp\/v2\/media?parent=7977"}],"curies":[{"name":"wp","href":"https:\/\/api.w.org\/{rel}","templated":true}]}}