{"id":7973,"date":"2020-06-15T15:25:26","date_gmt":"2020-06-15T13:25:26","guid":{"rendered":"http:\/\/hydro-partner.pl\/?page_id=7973"},"modified":"2020-06-16T16:27:02","modified_gmt":"2020-06-16T14:27:02","slug":"zbiorniki-betonowe-i-zelbetowe","status":"publish","type":"page","link":"https:\/\/hydro-partner.pl\/produkty\/zbiorniki-betonowe-i-zelbetowe\/","title":{"rendered":"Zbiorniki betonowe i \u017celbetowe"},"content":{"rendered":"<p>[vc_row overlay=&#8221;rd_hover_goliath&#8221; overlay_color=&#8221;&#8221; port_type=&#8221;port_type_5&#8243; port_bg_color=&#8221;&#8221; port_title_color=&#8221;&#8221; port_text_color=&#8221;&#8221; port_button_color=&#8221;&#8221; port_border_color=&#8221;&#8221; port_hover_bg_color=&#8221;&#8221; port_hover_title_color=&#8221;&#8221; port_hover_text_color=&#8221;&#8221; port_hover_button_color=&#8221;&#8221; port_hover_border_color=&#8221;&#8221; desc_title=&#8221;&#8221; desc_cat=&#8221;&#8221; overlay_color_2=&#8221;&#8221; desc_border=&#8221;&#8221; port_thumbnail=&#8221;thumbnail_type_2&#8243; port_layout=&#8221;3 columns&#8221; category=&#8221;pompy&#8221; tags=&#8221;all&#8221; port_order=&#8221;DESC&#8221; port_orderby=&#8221;date&#8221; target=&#8221;_self&#8221; port_start=&#8221;8&#8243; filter=&#8221;yes&#8221; filter_type=&#8221;filter_type_1&#8243; filter_text_color=&#8221;&#8221; filter_background_color=&#8221;&#8221; filter_border_color=&#8221;&#8221; selected_filter_bg_color=&#8221;&#8221; port_navigation=&#8221;&#8221; nav_bg=&#8221;&#8221; nav_color=&#8221;&#8221; nav_border=&#8221;&#8221; nav_hover_color=&#8221;&#8221; nav_hover_bg=&#8221;&#8221; port_click=&#8221;4&#8243; button_bg=&#8221;&#8221; button_title=&#8221;&#8221; button_border=&#8221;&#8221; button_hover_title=&#8221;&#8221; button_hover_bg=&#8221;&#8221;][vc_column][vc_custom_heading text=&#8221;ZBIORNIKI BETONOWE I \u017bELBETOWE&#8221; font_container=&#8221;tag:h2|font_size:30|text_align:center|color:%235b5b5b|line_height:3&#8243; google_fonts=&#8221;font_family:Lato%3A100%2C100italic%2C300%2C300italic%2Cregular%2Citalic%2C700%2C700italic%2C900%2C900italic|font_style:900%20bold%20regular%3A900%3Anormal&#8221; css=&#8221;.vc_custom_1592227521404{margin-bottom: 50px !important;}&#8221; el_class=&#8221;letterspacing-3&#8243;][\/vc_column][\/vc_row][vc_row][vc_column]<style type=\"text\/css\" >#ic_kwoet09zq7ifaqxhrkdg {margin:0px auto 0px; }#ic_kwoet09zq7ifaqxhrkdg .owl-prev,#ic_kwoet09zq7ifaqxhrkdg .owl-next{border-color:#ecf0f1; background:#ffffff; color:#a1b1bc; }#ic_kwoet09zq7ifaqxhrkdg .owl-prev:hover,#ic_kwoet09zq7ifaqxhrkdg .owl-next:hover{background:#f9fafb; color:#2c3e50; }#ic_kwoet09zq7ifaqxhrkdg .owl-prev:before,#ic_kwoet09zq7ifaqxhrkdg .owl-next:after{border-color:#a1b1bc; }#ic_kwoet09zq7ifaqxhrkdg .owl-prev:hover::before,#ic_kwoet09zq7ifaqxhrkdg .owl-next:hover::after{border-color:#2c3e50; }#ic_kwoet09zq7ifaqxhrkdg .owl-dot{ background:#ffffff; border-color:#ecf0f1; }#ic_kwoet09zq7ifaqxhrkdg .owl-dot.active{ background:#1c83d8; border-color:#ecf0f1;}<\/style><script type=\"text\/javascript\" charset=\"utf-8\">\r\n\r\n\t\tjQuery.noConflict();\r\n\t\/\/setup up Carousel\r\n\t\tjQuery(document).ready(function($) {\r\n\t\"use strict\";\r\n\t$(window).load(function(){\r\n\t\t$(\"#ic_kwoet09zq7ifaqxhrkdg\").owlCarousel({\r\n\t\t\trtl: $(\"body\").hasClass(\"rtl\") ? true : false,\r\n\t\t\tresponsiveClass:true,\r\n\t\t\tcenter:true,\r\n\t\t\tloop:true,\r\n\t\t\tresponsive:{\r\n\t\t\t\t0:{\r\n\t\t\t\t\titems:1,\r\n\t\t\t    },\r\n\t\t\t    780:{\r\n\t\t\t        items:2,\r\n\t\t\t\t},\r\n\t\t\t\t1000:{\r\n\t\t\t\t    items:2,\r\n\t\t\t\t},\r\n\t\t\t},\r\n\t\t\t autoplay:true,\r\n\t\t\t autoplaySpeed: 800,\r\n\t   \t \t dots:true,\r\n\t\t\t nav:true,\r\n\t\r\n\t\t});\r\n\t});\r\n});\r\n\r\n<\/script><div class=\"tt_testimonials_ctn rd_ic_center   \" id=\"ic_kwoet09zq7ifaqxhrkdg\" style=\"margin-top:0px; margin-bottom:0px;\"><a href=\"https:\/\/hydro-partner.pl\/wp-content\/uploads\/2020\/06\/20191029_151928x-1024x768.jpg\"  rel=\"prettyPhoto[rel-kwoet09zq7ifaqxhrkdg]\" ><img loading=\"lazy\" decoding=\"async\" width=\"1500\" height=\"1125\" src=\"https:\/\/hydro-partner.pl\/wp-content\/uploads\/2020\/06\/20191029_151928x.jpg\" class=\"attachment-full\" alt=\"\" srcset=\"https:\/\/hydro-partner.pl\/wp-content\/uploads\/2020\/06\/20191029_151928x.jpg 1500w, https:\/\/hydro-partner.pl\/wp-content\/uploads\/2020\/06\/20191029_151928x-300x225.jpg 300w, https:\/\/hydro-partner.pl\/wp-content\/uploads\/2020\/06\/20191029_151928x-1024x768.jpg 1024w, https:\/\/hydro-partner.pl\/wp-content\/uploads\/2020\/06\/20191029_151928x-768x576.jpg 768w\" sizes=\"(max-width: 1500px) 100vw, 1500px\" \/><\/a><a href=\"https:\/\/hydro-partner.pl\/wp-content\/uploads\/2020\/06\/WP_20160606_16_55_40_Prox-1024x575.jpg\"  rel=\"prettyPhoto[rel-kwoet09zq7ifaqxhrkdg]\" ><img loading=\"lazy\" decoding=\"async\" width=\"1500\" height=\"843\" src=\"https:\/\/hydro-partner.pl\/wp-content\/uploads\/2020\/06\/WP_20160606_16_55_40_Prox.jpg\" class=\"attachment-full\" alt=\"\" srcset=\"https:\/\/hydro-partner.pl\/wp-content\/uploads\/2020\/06\/WP_20160606_16_55_40_Prox.jpg 1500w, https:\/\/hydro-partner.pl\/wp-content\/uploads\/2020\/06\/WP_20160606_16_55_40_Prox-300x169.jpg 300w, https:\/\/hydro-partner.pl\/wp-content\/uploads\/2020\/06\/WP_20160606_16_55_40_Prox-1024x575.jpg 1024w, https:\/\/hydro-partner.pl\/wp-content\/uploads\/2020\/06\/WP_20160606_16_55_40_Prox-768x432.jpg 768w\" sizes=\"(max-width: 1500px) 100vw, 1500px\" \/><\/a><a href=\"https:\/\/hydro-partner.pl\/wp-content\/uploads\/2020\/06\/DSC01655x-1024x682.jpg\"  rel=\"prettyPhoto[rel-kwoet09zq7ifaqxhrkdg]\" ><img loading=\"lazy\" decoding=\"async\" width=\"1500\" height=\"999\" src=\"https:\/\/hydro-partner.pl\/wp-content\/uploads\/2020\/06\/DSC01655x.jpg\" class=\"attachment-full\" alt=\"\" srcset=\"https:\/\/hydro-partner.pl\/wp-content\/uploads\/2020\/06\/DSC01655x.jpg 1500w, https:\/\/hydro-partner.pl\/wp-content\/uploads\/2020\/06\/DSC01655x-300x200.jpg 300w, https:\/\/hydro-partner.pl\/wp-content\/uploads\/2020\/06\/DSC01655x-1024x682.jpg 1024w, https:\/\/hydro-partner.pl\/wp-content\/uploads\/2020\/06\/DSC01655x-768x511.jpg 768w\" sizes=\"(max-width: 1500px) 100vw, 1500px\" \/><\/a><\/div>[\/vc_column][\/vc_row][vc_row font_color=&#8221;#666666&#8243;][vc_column css=&#8221;.vc_custom_1592222193758{margin-right: 75px !important;margin-left: 75px !important;}&#8221;][vc_column_text]<\/p>\n<p style=\"font-weight: 400;\">Projektujemy i dostarczamy zbiorniki z betonu i \u017celbetu.<\/p>\n<p style=\"font-weight: 400;\">Szerokie mo\u017cliwo\u015bci zastosowania zbiornik\u00f3w ko\u0142owych jak i du\u017ce pojemno\u015bci zbiornik\u00f3w modu\u0142owych pozwalaj\u0105 nam na kompleksowe dostawy w zakresie obs\u0142ugi system\u00f3w wodoci\u0105gowych, kanalizacyjnych, budowy stacji uzdatniania wody i oczyszczalni \u015bciek\u00f3w, system\u00f3w przeciwpo\u017carowych, budowy retencyjnych zbiornik\u00f3w bezodp\u0142ywowych, zbiornik\u00f3w na gnojowic\u0119 itd.<\/p>\n<p style=\"font-weight: 400;\"><strong>G\u0142\u00f3wne obszary zastosowa\u0144:<\/strong><\/p>\n<ul>\n<li style=\"font-weight: 400;\">zak\u0142ady komunalne i wodoci\u0105gowe<\/li>\n<li style=\"font-weight: 400;\">centra logistyczne i magazynowe<\/li>\n<li style=\"font-weight: 400;\">przemys\u0142 owocowo-warzywny<\/li>\n<li style=\"font-weight: 400;\">przemys\u0142 mi\u0119sny<\/li>\n<li style=\"font-weight: 400;\">rolnictwo<\/li>\n<\/ul>\n<p>[\/vc_column_text][\/vc_column][\/vc_row]<\/p>\n","protected":false},"excerpt":{"rendered":"<p>[vc_row overlay=&#8221;rd_hover_goliath&#8221; overlay_color=&#8221;&#8221; port_type=&#8221;port_type_5&#8243; port_bg_color=&#8221;&#8221; port_title_color=&#8221;&#8221; port_text_color=&#8221;&#8221; port_button_color=&#8221;&#8221; port_border_color=&#8221;&#8221; port_hover_bg_color=&#8221;&#8221; port_hover_title_color=&#8221;&#8221; port_hover_text_color=&#8221;&#8221; port_hover_button_color=&#8221;&#8221; port_hover_border_color=&#8221;&#8221; desc_title=&#8221;&#8221; desc_cat=&#8221;&#8221; overlay_color_2=&#8221;&#8221; desc_border=&#8221;&#8221; port_thumbnail=&#8221;thumbnail_type_2&#8243; port_layout=&#8221;3 columns&#8221; category=&#8221;pompy&#8221; tags=&#8221;all&#8221; port_order=&#8221;DESC&#8221; port_orderby=&#8221;date&#8221; target=&#8221;_self&#8221; port_start=&#8221;8&#8243; filter=&#8221;yes&#8221; filter_type=&#8221;filter_type_1&#8243; filter_text_color=&#8221;&#8221; filter_background_color=&#8221;&#8221; filter_border_color=&#8221;&#8221; selected_filter_bg_color=&#8221;&#8221; port_navigation=&#8221;&#8221; nav_bg=&#8221;&#8221; nav_color=&#8221;&#8221; nav_border=&#8221;&#8221; nav_hover_color=&#8221;&#8221; nav_hover_bg=&#8221;&#8221; port_click=&#8221;4&#8243; button_bg=&#8221;&#8221; button_title=&#8221;&#8221; button_border=&#8221;&#8221; button_hover_title=&#8221;&#8221; button_hover_bg=&#8221;&#8221;][vc_column][vc_custom_heading text=&#8221;ZBIORNIKI BETONOWE I \u017bELBETOWE&#8221; font_container=&#8221;tag:h2|font_size:30|text_align:center|color:%235b5b5b|line_height:3&#8243; google_fonts=&#8221;font_family:Lato%3A100%2C100italic%2C300%2C300italic%2Cregular%2Citalic%2C700%2C700italic%2C900%2C900italic|font_style:900%20bold%20regular%3A900%3Anormal&#8221; css=&#8221;.vc_custom_1592227521404{margin-bottom: 50px !important;}&#8221; el_class=&#8221;letterspacing-3&#8243;][\/vc_column][\/vc_row][vc_row][vc_column][\/vc_column][\/vc_row][vc_row<br \/><a href=\"https:\/\/hydro-partner.pl\/produkty\/zbiorniki-betonowe-i-zelbetowe\/\" class=\"more\">Read more<\/a><\/p>\n","protected":false},"author":1,"featured_media":0,"parent":7765,"menu_order":0,"comment_status":"closed","ping_status":"open","template":"","meta":{"_uf_show_specific_survey":0,"_uf_disable_surveys":false,"footnotes":""},"_links":{"self":[{"href":"https:\/\/hydro-partner.pl\/wp-json\/wp\/v2\/pages\/7973"}],"collection":[{"href":"https:\/\/hydro-partner.pl\/wp-json\/wp\/v2\/pages"}],"about":[{"href":"https:\/\/hydro-partner.pl\/wp-json\/wp\/v2\/types\/page"}],"author":[{"embeddable":true,"href":"https:\/\/hydro-partner.pl\/wp-json\/wp\/v2\/users\/1"}],"replies":[{"embeddable":true,"href":"https:\/\/hydro-partner.pl\/wp-json\/wp\/v2\/comments?post=7973"}],"version-history":[{"count":3,"href":"https:\/\/hydro-partner.pl\/wp-json\/wp\/v2\/pages\/7973\/revisions"}],"predecessor-version":[{"id":8050,"href":"https:\/\/hydro-partner.pl\/wp-json\/wp\/v2\/pages\/7973\/revisions\/8050"}],"up":[{"embeddable":true,"href":"https:\/\/hydro-partner.pl\/wp-json\/wp\/v2\/pages\/7765"}],"wp:attachment":[{"href":"https:\/\/hydro-partner.pl\/wp-json\/wp\/v2\/media?parent=7973"}],"curies":[{"name":"wp","href":"https:\/\/api.w.org\/{rel}","templated":true}]}}