{"id":7972,"date":"2020-06-16T13:54:06","date_gmt":"2020-06-16T11:54:06","guid":{"rendered":"http:\/\/hydro-partner.pl\/?page_id=7972"},"modified":"2020-06-16T17:28:21","modified_gmt":"2020-06-16T15:28:21","slug":"przepompownie-sciekow-2","status":"publish","type":"page","link":"https:\/\/hydro-partner.pl\/produkty\/przepompownie-sciekow-2\/","title":{"rendered":"Przepompownie \u015bciek\u00f3w"},"content":{"rendered":"<p>[vc_row overlay=&#8221;rd_hover_goliath&#8221; overlay_color=&#8221;&#8221; port_type=&#8221;port_type_5&#8243; port_bg_color=&#8221;&#8221; port_title_color=&#8221;&#8221; port_text_color=&#8221;&#8221; port_button_color=&#8221;&#8221; port_border_color=&#8221;&#8221; port_hover_bg_color=&#8221;&#8221; port_hover_title_color=&#8221;&#8221; port_hover_text_color=&#8221;&#8221; port_hover_button_color=&#8221;&#8221; port_hover_border_color=&#8221;&#8221; desc_title=&#8221;&#8221; desc_cat=&#8221;&#8221; overlay_color_2=&#8221;&#8221; desc_border=&#8221;&#8221; port_thumbnail=&#8221;thumbnail_type_2&#8243; port_layout=&#8221;3 columns&#8221; category=&#8221;pompy&#8221; tags=&#8221;all&#8221; port_order=&#8221;DESC&#8221; port_orderby=&#8221;date&#8221; target=&#8221;_self&#8221; port_start=&#8221;8&#8243; filter=&#8221;yes&#8221; filter_type=&#8221;filter_type_1&#8243; filter_text_color=&#8221;&#8221; filter_background_color=&#8221;&#8221; filter_border_color=&#8221;&#8221; selected_filter_bg_color=&#8221;&#8221; port_navigation=&#8221;&#8221; nav_bg=&#8221;&#8221; nav_color=&#8221;&#8221; nav_border=&#8221;&#8221; nav_hover_color=&#8221;&#8221; nav_hover_bg=&#8221;&#8221; port_click=&#8221;4&#8243; button_bg=&#8221;&#8221; button_title=&#8221;&#8221; button_border=&#8221;&#8221; button_hover_title=&#8221;&#8221; button_hover_bg=&#8221;&#8221;][vc_column][vc_custom_heading text=&#8221;PRZEPOMPOWNIE \u015aCIEK\u00d3W&#8221; font_container=&#8221;tag:h2|font_size:30|text_align:center|color:%235b5b5b|line_height:3&#8243; google_fonts=&#8221;font_family:Lato%3A100%2C100italic%2C300%2C300italic%2Cregular%2Citalic%2C700%2C700italic%2C900%2C900italic|font_style:900%20bold%20regular%3A900%3Anormal&#8221; css=&#8221;.vc_custom_1587124171452{margin-bottom: 50px !important;}&#8221; el_class=&#8221;letterspacing-3&#8243;][\/vc_column][\/vc_row][vc_row][vc_column]<style type=\"text\/css\" >#ic_x1u7bpf3izf891sez64v {margin:0px auto 0px; }#ic_x1u7bpf3izf891sez64v .owl-prev,#ic_x1u7bpf3izf891sez64v .owl-next{border-color:#ecf0f1; background:#ffffff; color:#a1b1bc; }#ic_x1u7bpf3izf891sez64v .owl-prev:hover,#ic_x1u7bpf3izf891sez64v .owl-next:hover{background:#f9fafb; color:#2c3e50; }#ic_x1u7bpf3izf891sez64v .owl-prev:before,#ic_x1u7bpf3izf891sez64v .owl-next:after{border-color:#a1b1bc; }#ic_x1u7bpf3izf891sez64v .owl-prev:hover::before,#ic_x1u7bpf3izf891sez64v .owl-next:hover::after{border-color:#2c3e50; }#ic_x1u7bpf3izf891sez64v .owl-dot{ background:#ffffff; border-color:#ecf0f1; }#ic_x1u7bpf3izf891sez64v .owl-dot.active{ background:#1c83d8; border-color:#ecf0f1;}<\/style><script type=\"text\/javascript\" charset=\"utf-8\">\r\n\r\n\t\tjQuery.noConflict();\r\n\t\/\/setup up Carousel\r\n\t\tjQuery(document).ready(function($) {\r\n\t\"use strict\";\r\n\t$(window).load(function(){\r\n\t\t$(\"#ic_x1u7bpf3izf891sez64v\").owlCarousel({\r\n\t\t\trtl: $(\"body\").hasClass(\"rtl\") ? true : false,\r\n\t\t\tresponsiveClass:true,\r\n\t\t\tcenter:true,\r\n\t\t\tloop:true,\r\n\t\t\tresponsive:{\r\n\t\t\t\t0:{\r\n\t\t\t\t\titems:1,\r\n\t\t\t    },\r\n\t\t\t    780:{\r\n\t\t\t        items:2,\r\n\t\t\t\t},\r\n\t\t\t\t1000:{\r\n\t\t\t\t    items:2,\r\n\t\t\t\t},\r\n\t\t\t},\r\n\t\t\t autoplay:true,\r\n\t\t\t autoplaySpeed: 800,\r\n\t   \t \t dots:true,\r\n\t\t\t nav:true,\r\n\t\r\n\t\t});\r\n\t});\r\n});\r\n\r\n<\/script><div class=\"tt_testimonials_ctn rd_ic_center   \" id=\"ic_x1u7bpf3izf891sez64v\" style=\"margin-top:0px; margin-bottom:0px;\"><a href=\"https:\/\/hydro-partner.pl\/wp-content\/uploads\/2020\/06\/DSCF0120-003-scaled-1024x600.jpg\"  rel=\"prettyPhoto[rel-x1u7bpf3izf891sez64v]\" ><img loading=\"lazy\" decoding=\"async\" width=\"2560\" height=\"1500\" src=\"https:\/\/hydro-partner.pl\/wp-content\/uploads\/2020\/06\/DSCF0120-003-scaled.jpg\" class=\"attachment-full\" alt=\"\" srcset=\"https:\/\/hydro-partner.pl\/wp-content\/uploads\/2020\/06\/DSCF0120-003-scaled.jpg 2560w, https:\/\/hydro-partner.pl\/wp-content\/uploads\/2020\/06\/DSCF0120-003-scaled-300x176.jpg 300w, https:\/\/hydro-partner.pl\/wp-content\/uploads\/2020\/06\/DSCF0120-003-scaled-1024x600.jpg 1024w, https:\/\/hydro-partner.pl\/wp-content\/uploads\/2020\/06\/DSCF0120-003-768x450.jpg 768w, https:\/\/hydro-partner.pl\/wp-content\/uploads\/2020\/06\/DSCF0120-003-scaled-1536x900.jpg 1536w, https:\/\/hydro-partner.pl\/wp-content\/uploads\/2020\/06\/DSCF0120-003-scaled-2048x1200.jpg 2048w\" sizes=\"(max-width: 2560px) 100vw, 2560px\" \/><\/a><a href=\"https:\/\/hydro-partner.pl\/wp-content\/uploads\/2020\/06\/20190915_145201-scaled-1024x768.jpg\"  rel=\"prettyPhoto[rel-x1u7bpf3izf891sez64v]\" ><img loading=\"lazy\" decoding=\"async\" width=\"2560\" height=\"1920\" src=\"https:\/\/hydro-partner.pl\/wp-content\/uploads\/2020\/06\/20190915_145201-scaled.jpg\" class=\"attachment-full\" alt=\"\" srcset=\"https:\/\/hydro-partner.pl\/wp-content\/uploads\/2020\/06\/20190915_145201-scaled.jpg 2560w, https:\/\/hydro-partner.pl\/wp-content\/uploads\/2020\/06\/20190915_145201-scaled-300x225.jpg 300w, https:\/\/hydro-partner.pl\/wp-content\/uploads\/2020\/06\/20190915_145201-scaled-1024x768.jpg 1024w, https:\/\/hydro-partner.pl\/wp-content\/uploads\/2020\/06\/20190915_145201-768x576.jpg 768w, https:\/\/hydro-partner.pl\/wp-content\/uploads\/2020\/06\/20190915_145201-scaled-1536x1152.jpg 1536w, https:\/\/hydro-partner.pl\/wp-content\/uploads\/2020\/06\/20190915_145201-scaled-2048x1536.jpg 2048w\" sizes=\"(max-width: 2560px) 100vw, 2560px\" \/><\/a><a href=\"https:\/\/hydro-partner.pl\/wp-content\/uploads\/2020\/06\/20200108_130806-003-scaled-1024x576.jpg\"  rel=\"prettyPhoto[rel-x1u7bpf3izf891sez64v]\" ><img loading=\"lazy\" decoding=\"async\" width=\"2560\" height=\"1440\" src=\"https:\/\/hydro-partner.pl\/wp-content\/uploads\/2020\/06\/20200108_130806-003-scaled.jpg\" class=\"attachment-full\" alt=\"\" srcset=\"https:\/\/hydro-partner.pl\/wp-content\/uploads\/2020\/06\/20200108_130806-003-scaled.jpg 2560w, https:\/\/hydro-partner.pl\/wp-content\/uploads\/2020\/06\/20200108_130806-003-scaled-300x169.jpg 300w, https:\/\/hydro-partner.pl\/wp-content\/uploads\/2020\/06\/20200108_130806-003-scaled-1024x576.jpg 1024w, https:\/\/hydro-partner.pl\/wp-content\/uploads\/2020\/06\/20200108_130806-003-768x432.jpg 768w, https:\/\/hydro-partner.pl\/wp-content\/uploads\/2020\/06\/20200108_130806-003-scaled-1536x864.jpg 1536w, https:\/\/hydro-partner.pl\/wp-content\/uploads\/2020\/06\/20200108_130806-003-scaled-2048x1152.jpg 2048w\" sizes=\"(max-width: 2560px) 100vw, 2560px\" \/><\/a><\/div>[\/vc_column][\/vc_row][vc_row font_color=&#8221;#666666&#8243;][vc_column css=&#8221;.vc_custom_1592222193758{margin-right: 75px !important;margin-left: 75px !important;}&#8221;][vc_column_text]<\/p>\n<p style=\"font-weight: 400;\">Projektujemy, budujemy, dostarczamy, modernizujemy kompletne przepompownie \u015bciek\u00f3w w wersjach materia\u0142owych uzgodnionych z inwestorem, eksploatatorem lub generalnym wykonawc\u0105.<\/p>\n<p style=\"font-weight: 400;\">Przepompownie \u015bciek\u00f3w s\u0105 uk\u0142adami pompowymi, s\u0142u\u017c\u0105cymi do transportu \u015bciek\u00f3w w systemach sieci kanalizacyjnych na odleg\u0142o\u015b\u0107 lub wy\u017cszy poziom. Stosuje si\u0119 je w miejscach, gdzie ze wzgl\u0119du na specyficzne ukszta\u0142towanie terenu i wyst\u0119puj\u0105ce przeszkody budowlane nie ma mo\u017cliwo\u015bci budowy sieci grawitacyjnych.<\/p>\n<p style=\"font-weight: 400;\">Przystosowane s\u0105 do wbudowania w istniej\u0105ce lub nowo budowane sieci kanalizacyjne.<\/p>\n<p style=\"font-weight: 400;\">Wykonujemy przepompownie, w kt\u00f3rych pompy montowane s\u0105 w komorze suchej lub w komorze mokrej. W zale\u017cno\u015bci od miejsca lokalizacji dostarczamy przepompownie: centralne, sieciowe, przydomowe.<\/p>\n<p style=\"font-weight: 400;\">W zale\u017cno\u015bci od wymaga\u0144, oferujemy zr\u00f3\u017cnicowany asortyment i wielko\u015bci zbiornik\u00f3w przepompowni \u015bciek\u00f3w. Standardowo s\u0105 to \u015brednice zbiornik\u00f3w od \u00f80,8m do \u00f85,0m i wysoko\u015bci do 10m. Zbiorniki wykonane s\u0105 jako ca\u0142kowicie szczelne, dzi\u0119ki czemu przez ca\u0142y okres u\u017cytkowania nie wyst\u0119puje zagro\u017cenie ska\u017cenia \u015brodowiska.<\/p>\n<p style=\"font-weight: 400;\">Zbiorniki posiadaj\u0105 szczelne otwory monta\u017cowe umo\u017cliwiaj\u0105ce pod\u0142\u0105czenie ruroci\u0105g\u00f3w grawitacyjnego i t\u0142ocznego oraz doprowadzenie przewod\u00f3w elektrycznych i wentylacyjnych. Podstawowe wykonania materia\u0142owe zbiornik\u00f3w<\/p>\n<ul style=\"font-weight: 400;\">\n<li>Zbiornik wykonany z\u00a0<strong>polimerobetonu<\/strong><\/li>\n<li>Zbiornik z\u00a0<strong>kr\u0119g\u00f3w betonowych lub \u017celbetowych<\/strong>\u00a0klasy nie ni\u017cszej ni\u017c C35\/45 (B-45)<\/li>\n<li>Zbiornik wykonany z\u00a0<strong>laminatu<\/strong><\/li>\n<li>Zbiornik wykonany z\u00a0<strong>PEHD<\/strong><\/li>\n<\/ul>\n<p style=\"font-weight: 400;\"><strong>Pompy<\/strong><\/p>\n<p>W przepompowniach stosowane s\u0105 pompy zatapialne, z wirnikami:<\/p>\n<ul style=\"font-weight: 400;\">\n<li><strong>otwartymi Vortex<\/strong><\/li>\n<\/ul>\n<p style=\"font-weight: 400;\">zastosowanie: woda surowa, ciecze brudne oraz zanieczyszczone domieszkami sta\u0142ymi pochodzenia mineralnego, cia\u0142ami w\u0142\u00f3knistymi pochodzenia organicznego, zawieraj\u0105ce tak\u017ce wi\u0119ksze elementy sta\u0142e i p\u0119cherzyki gazu<br \/>\n-\u015bcieki bytowe i komunalne<br \/>\n&#8211; gnojowica<br \/>\n&#8211; osady r\u00f3\u017cne<br \/>\n&#8211; \u015bcieki przemys\u0142owe<br \/>\n&#8211; wody technologiczne i deszczowe<\/p>\n<ul style=\"font-weight: 400;\">\n<li><strong>kana\u0142owymi<\/strong><\/li>\n<\/ul>\n<p style=\"font-weight: 400;\">zastosowanie: woda surowa, ciecze zanieczyszczone o du\u017cej zawarto\u015bci domieszek sta\u0142ych pochodzenia mineralnego, z elementami w\u0142\u00f3knistymi<br \/>\n&#8211; \u015bcieki bytowe i komunalne<br \/>\n&#8211; szlamy i osady<br \/>\n&#8211; \u015bcieki przemys\u0142owe<br \/>\n&#8211; ciecze technologiczne<br \/>\n&#8211; wody deszczowe<\/p>\n<ul style=\"font-weight: 400;\">\n<li><strong>rozdrabniaj\u0105cymi<\/strong><\/li>\n<\/ul>\n<p style=\"font-weight: 400;\">zastosowanie: \u015bcieki bytowe i sanitarne, fekalia, ciecze zanieczyszczone z zawarto\u015bci\u0105 cz\u0105stek sta\u0142ych i element\u00f3w w\u0142\u00f3knistych, bez twardych cia\u0142 sta\u0142ych (kamienie, drobne elementy metalowe, \u017cu\u017cel itp.) i cz\u0105stek \u015bcieraj\u0105cych (piasek, popi\u00f3\u0142 itp.).<\/p>\n<p style=\"font-weight: 400;\">W gamie naszych produkt\u00f3w oferujemy przepompownie:<\/p>\n<ul style=\"font-weight: 400;\">\n<li>jednopompowe \u2013 stosowane najcz\u0119\u015bciej jako przydomowe<\/li>\n<li>dwupompowe \u2013 lokalne, sieciowe, deszczowe<\/li>\n<li>trzy &#8211; lub wi\u0119cej pompowe \u2013 strefowe, g\u0142\u00f3wne na oczyszczalniach, deszczowe<\/li>\n<\/ul>\n<p style=\"font-weight: 400;\">Zazwyczaj przepompownia wyposa\u017cona jest w dwie pompy pracuj\u0105ce naprzemiennie &#8211; jedna pompa pracuje, a druga \u2013 rezerwowa jest w tym czasie sch\u0142adzana. W nast\u0119pnym cyklu pracy nast\u0119puje zamiana funkcji pomp. W wypadku awarii jednej z pomp, druga pompa automatycznie przejmuje jej zadanie i praca przepompowni do czasu naprawy pompy uszkodzonej przebiega bez widocznych skutk\u00f3w zewn\u0119trznych tej awarii.<br \/>\nDzi\u0119ki wsp\u00f3\u0142pracy z czo\u0142owymi producentami pomp przeznaczonych do \u015bciek\u00f3w, mo\u017cemy w pe\u0142ni dostosowa\u0107 si\u0119 do wymaga\u0144 klienta.<\/p>\n<p style=\"font-weight: 400;\"><strong>Uk\u0142ad t\u0142oczny<\/strong><\/p>\n<p style=\"font-weight: 400;\">Ca\u0142e orurowanie i wyposa\u017cenie wewn\u0119trzne przepompowni wykonane jest ze stali nierdzewnej.<\/p>\n<p style=\"font-weight: 400;\">Dostosowuj\u0105c si\u0119 do wymaga\u0144 projektowych stosujemy szeroki asortyment armatury wed\u0142ug wskaza\u0144 lub na \u017cyczenie u\u017cytkownika. W przepompowniach stosuje si\u0119 armatur\u0119 odcinaj\u0105co-zwrotn\u0105:<\/p>\n<ul style=\"font-weight: 400;\">\n<li>zasuwy mi\u0119kkouszczelnione z klinem gumowanym<\/li>\n<li>zasuwy no\u017cowe (opcja)<\/li>\n<li>zawory zwrotne kulowe (proste lub kolanowe)<\/li>\n<\/ul>\n<p style=\"font-weight: 400;\"><strong>Podstawowe elementy wyposa\u017cenia przepompowni.<\/strong><\/p>\n<ul style=\"font-weight: 400;\">\n<li>Stopa sprz\u0119gaj\u0105ca pompy i g\u00f3rny wspornik prowadnic<\/li>\n<li>W\u0142az zbiornika<\/li>\n<li>Por\u0119cz zewn\u0119trzna<\/li>\n<li>Drabinka z\u0142azowa<\/li>\n<li>Podest uchylny z \u0142a\u0144cuchem lub pomost sta\u0142y<\/li>\n<li>Prowadnice pomp<\/li>\n<li>Wsporniki pion\u00f3w t\u0142ocznych oraz prowadnic<\/li>\n<li>Belka wsporcza pion\u00f3w t\u0142ocznych<\/li>\n<li>Nasada T52<\/li>\n<li>\u0141a\u0144cuchy do pomp<\/li>\n<li>\u0141a\u0144cuch do czujnik\u00f3w poziomu<\/li>\n<li>Kominki wentylacyjne<\/li>\n<\/ul>\n<p style=\"font-weight: 400;\"><strong>Opcjonalne elementy wyposa\u017cenia przepompowni<\/strong><\/p>\n<ul style=\"font-weight: 400;\">\n<li>Przed\u0142u\u017cenie trzpieni do zasuw (obs\u0142uga z poziomu terenu)<\/li>\n<li>\u017burawik do pomp<\/li>\n<li>Zaw\u00f3r p\u0142ucz\u0105cy lub obieg p\u0142ucz\u0105cy<\/li>\n<li>Krata koszowa<\/li>\n<li>Krata bezpiecze\u0144stwa<\/li>\n<li>Deflektor<\/li>\n<li>Kominek wentylacyjny z biofiltrem<\/li>\n<\/ul>\n<p style=\"font-weight: 400;\"><strong>G\u0142\u00f3wne obszary zastosowa\u0144 przepompowni \u015bciek\u00f3w<\/strong><\/p>\n<ul style=\"font-weight: 400;\">\n<li>sieci kanalizacji bytowo-gospodarczej<\/li>\n<li>sieci kanalizacji deszczowej<\/li>\n<li>sieci kanalizacji og\u00f3lnosp\u0142awnej<\/li>\n<li>sieci kanalizacji przemys\u0142owej<\/li>\n<li>przy\u0142\u0105cza kanalizacji sanitarnej<\/li>\n<li>hodowle i gospodarstwa rolnicze<\/li>\n<\/ul>\n<p>[\/vc_column_text][\/vc_column][\/vc_row]<\/p>\n","protected":false},"excerpt":{"rendered":"<p>[vc_row overlay=&#8221;rd_hover_goliath&#8221; overlay_color=&#8221;&#8221; port_type=&#8221;port_type_5&#8243; port_bg_color=&#8221;&#8221; port_title_color=&#8221;&#8221; port_text_color=&#8221;&#8221; port_button_color=&#8221;&#8221; port_border_color=&#8221;&#8221; port_hover_bg_color=&#8221;&#8221; port_hover_title_color=&#8221;&#8221; port_hover_text_color=&#8221;&#8221; port_hover_button_color=&#8221;&#8221; port_hover_border_color=&#8221;&#8221; desc_title=&#8221;&#8221; desc_cat=&#8221;&#8221; overlay_color_2=&#8221;&#8221; desc_border=&#8221;&#8221; port_thumbnail=&#8221;thumbnail_type_2&#8243; port_layout=&#8221;3 columns&#8221; category=&#8221;pompy&#8221; tags=&#8221;all&#8221; port_order=&#8221;DESC&#8221; port_orderby=&#8221;date&#8221; target=&#8221;_self&#8221; port_start=&#8221;8&#8243; filter=&#8221;yes&#8221; filter_type=&#8221;filter_type_1&#8243; filter_text_color=&#8221;&#8221; filter_background_color=&#8221;&#8221; filter_border_color=&#8221;&#8221; selected_filter_bg_color=&#8221;&#8221; port_navigation=&#8221;&#8221; nav_bg=&#8221;&#8221; nav_color=&#8221;&#8221; nav_border=&#8221;&#8221; nav_hover_color=&#8221;&#8221; nav_hover_bg=&#8221;&#8221; port_click=&#8221;4&#8243; button_bg=&#8221;&#8221; button_title=&#8221;&#8221; button_border=&#8221;&#8221; button_hover_title=&#8221;&#8221; button_hover_bg=&#8221;&#8221;][vc_column][vc_custom_heading text=&#8221;PRZEPOMPOWNIE \u015aCIEK\u00d3W&#8221; font_container=&#8221;tag:h2|font_size:30|text_align:center|color:%235b5b5b|line_height:3&#8243; google_fonts=&#8221;font_family:Lato%3A100%2C100italic%2C300%2C300italic%2Cregular%2Citalic%2C700%2C700italic%2C900%2C900italic|font_style:900%20bold%20regular%3A900%3Anormal&#8221; css=&#8221;.vc_custom_1587124171452{margin-bottom: 50px !important;}&#8221; el_class=&#8221;letterspacing-3&#8243;][\/vc_column][\/vc_row][vc_row][vc_column][\/vc_column][\/vc_row][vc_row font_color=&#8221;#666666&#8243;][vc_column css=&#8221;.vc_custom_1592222193758{margin-right:<br \/><a href=\"https:\/\/hydro-partner.pl\/produkty\/przepompownie-sciekow-2\/\" class=\"more\">Read more<\/a><\/p>\n","protected":false},"author":1,"featured_media":0,"parent":7765,"menu_order":0,"comment_status":"closed","ping_status":"open","template":"","meta":{"_uf_show_specific_survey":0,"_uf_disable_surveys":false,"footnotes":""},"_links":{"self":[{"href":"https:\/\/hydro-partner.pl\/wp-json\/wp\/v2\/pages\/7972"}],"collection":[{"href":"https:\/\/hydro-partner.pl\/wp-json\/wp\/v2\/pages"}],"about":[{"href":"https:\/\/hydro-partner.pl\/wp-json\/wp\/v2\/types\/page"}],"author":[{"embeddable":true,"href":"https:\/\/hydro-partner.pl\/wp-json\/wp\/v2\/users\/1"}],"replies":[{"embeddable":true,"href":"https:\/\/hydro-partner.pl\/wp-json\/wp\/v2\/comments?post=7972"}],"version-history":[{"count":5,"href":"https:\/\/hydro-partner.pl\/wp-json\/wp\/v2\/pages\/7972\/revisions"}],"predecessor-version":[{"id":8115,"href":"https:\/\/hydro-partner.pl\/wp-json\/wp\/v2\/pages\/7972\/revisions\/8115"}],"up":[{"embeddable":true,"href":"https:\/\/hydro-partner.pl\/wp-json\/wp\/v2\/pages\/7765"}],"wp:attachment":[{"href":"https:\/\/hydro-partner.pl\/wp-json\/wp\/v2\/media?parent=7972"}],"curies":[{"name":"wp","href":"https:\/\/api.w.org\/{rel}","templated":true}]}}