{"id":7955,"date":"2020-06-15T14:25:40","date_gmt":"2020-06-15T12:25:40","guid":{"rendered":"http:\/\/hydro-partner.pl\/?page_id=7955"},"modified":"2020-06-16T14:27:53","modified_gmt":"2020-06-16T12:27:53","slug":"przepompownie-hpp","status":"publish","type":"page","link":"https:\/\/hydro-partner.pl\/produkty\/przepompownie-hpp\/","title":{"rendered":"Pneumatyczne przepompownie \u015bciek\u00f3w HPP"},"content":{"rendered":"<p>[vc_row overlay=&#8221;rd_hover_goliath&#8221; overlay_color=&#8221;&#8221; port_type=&#8221;port_type_5&#8243; port_bg_color=&#8221;&#8221; port_title_color=&#8221;&#8221; port_text_color=&#8221;&#8221; port_button_color=&#8221;&#8221; port_border_color=&#8221;&#8221; port_hover_bg_color=&#8221;&#8221; port_hover_title_color=&#8221;&#8221; port_hover_text_color=&#8221;&#8221; port_hover_button_color=&#8221;&#8221; port_hover_border_color=&#8221;&#8221; desc_title=&#8221;&#8221; desc_cat=&#8221;&#8221; overlay_color_2=&#8221;&#8221; desc_border=&#8221;&#8221; port_thumbnail=&#8221;thumbnail_type_2&#8243; port_layout=&#8221;3 columns&#8221; category=&#8221;pompy&#8221; tags=&#8221;all&#8221; port_order=&#8221;DESC&#8221; port_orderby=&#8221;date&#8221; target=&#8221;_self&#8221; port_start=&#8221;8&#8243; filter=&#8221;yes&#8221; filter_type=&#8221;filter_type_1&#8243; filter_text_color=&#8221;&#8221; filter_background_color=&#8221;&#8221; filter_border_color=&#8221;&#8221; selected_filter_bg_color=&#8221;&#8221; port_navigation=&#8221;&#8221; nav_bg=&#8221;&#8221; nav_color=&#8221;&#8221; nav_border=&#8221;&#8221; nav_hover_color=&#8221;&#8221; nav_hover_bg=&#8221;&#8221; port_click=&#8221;4&#8243; button_bg=&#8221;&#8221; button_title=&#8221;&#8221; button_border=&#8221;&#8221; button_hover_title=&#8221;&#8221; button_hover_bg=&#8221;&#8221;][vc_column][vc_custom_heading text=&#8221;PNEUMATYCZNE PRZEPOMPOWNIE \u015aCIEK\u00d3W HPP&#8221; font_container=&#8221;tag:h2|font_size:30|text_align:center|color:%235b5b5b|line_height:3&#8243; google_fonts=&#8221;font_family:Lato%3A100%2C100italic%2C300%2C300italic%2Cregular%2Citalic%2C700%2C700italic%2C900%2C900italic|font_style:900%20bold%20regular%3A900%3Anormal&#8221; css=&#8221;.vc_custom_1592225146873{margin-bottom: 50px !important;}&#8221; el_class=&#8221;letterspacing-3&#8243;][\/vc_column][\/vc_row][vc_row][vc_column]<style type=\"text\/css\" >#ic_xzgwi3x8nstu3kzwraqo {margin:0px auto 0px; }#ic_xzgwi3x8nstu3kzwraqo .owl-prev,#ic_xzgwi3x8nstu3kzwraqo .owl-next{border-color:#ecf0f1; background:#ffffff; color:#a1b1bc; }#ic_xzgwi3x8nstu3kzwraqo .owl-prev:hover,#ic_xzgwi3x8nstu3kzwraqo .owl-next:hover{background:#f9fafb; color:#2c3e50; }#ic_xzgwi3x8nstu3kzwraqo .owl-prev:before,#ic_xzgwi3x8nstu3kzwraqo .owl-next:after{border-color:#a1b1bc; }#ic_xzgwi3x8nstu3kzwraqo .owl-prev:hover::before,#ic_xzgwi3x8nstu3kzwraqo .owl-next:hover::after{border-color:#2c3e50; }#ic_xzgwi3x8nstu3kzwraqo .owl-dot{ background:#ffffff; border-color:#ecf0f1; }#ic_xzgwi3x8nstu3kzwraqo .owl-dot.active{ background:#1c83d8; border-color:#ecf0f1;}<\/style><script type=\"text\/javascript\" charset=\"utf-8\">\r\n\r\n\t\tjQuery.noConflict();\r\n\t\/\/setup up Carousel\r\n\t\tjQuery(document).ready(function($) {\r\n\t\"use strict\";\r\n\t$(window).load(function(){\r\n\t\t$(\"#ic_xzgwi3x8nstu3kzwraqo\").owlCarousel({\r\n\t\t\trtl: $(\"body\").hasClass(\"rtl\") ? true : false,\r\n\t\t\tresponsiveClass:true,\r\n\t\t\tcenter:true,\r\n\t\t\tloop:true,\r\n\t\t\tresponsive:{\r\n\t\t\t\t0:{\r\n\t\t\t\t\titems:1,\r\n\t\t\t    },\r\n\t\t\t    780:{\r\n\t\t\t        items:2,\r\n\t\t\t\t},\r\n\t\t\t\t1000:{\r\n\t\t\t\t    items:2,\r\n\t\t\t\t},\r\n\t\t\t},\r\n\t\t\t autoplay:true,\r\n\t\t\t autoplaySpeed: 800,\r\n\t   \t \t dots:true,\r\n\t\t\t nav:true,\r\n\t\r\n\t\t});\r\n\t});\r\n});\r\n\r\n<\/script><div class=\"tt_testimonials_ctn rd_ic_center   \" id=\"ic_xzgwi3x8nstu3kzwraqo\" style=\"margin-top:0px; margin-bottom:0px;\"><a href=\"https:\/\/hydro-partner.pl\/wp-content\/uploads\/2020\/06\/20181012_123706x-1024x768.jpg\"  rel=\"prettyPhoto[rel-xzgwi3x8nstu3kzwraqo]\" ><img loading=\"lazy\" decoding=\"async\" width=\"1500\" height=\"1125\" src=\"https:\/\/hydro-partner.pl\/wp-content\/uploads\/2020\/06\/20181012_123706x.jpg\" class=\"attachment-full\" alt=\"\" srcset=\"https:\/\/hydro-partner.pl\/wp-content\/uploads\/2020\/06\/20181012_123706x.jpg 1500w, https:\/\/hydro-partner.pl\/wp-content\/uploads\/2020\/06\/20181012_123706x-300x225.jpg 300w, https:\/\/hydro-partner.pl\/wp-content\/uploads\/2020\/06\/20181012_123706x-1024x768.jpg 1024w, https:\/\/hydro-partner.pl\/wp-content\/uploads\/2020\/06\/20181012_123706x-768x576.jpg 768w\" sizes=\"(max-width: 1500px) 100vw, 1500px\" \/><\/a><a href=\"https:\/\/hydro-partner.pl\/wp-content\/uploads\/2020\/06\/20181012_123719x-1024x768.jpg\"  rel=\"prettyPhoto[rel-xzgwi3x8nstu3kzwraqo]\" ><img loading=\"lazy\" decoding=\"async\" width=\"1500\" height=\"1125\" src=\"https:\/\/hydro-partner.pl\/wp-content\/uploads\/2020\/06\/20181012_123719x.jpg\" class=\"attachment-full\" alt=\"\" srcset=\"https:\/\/hydro-partner.pl\/wp-content\/uploads\/2020\/06\/20181012_123719x.jpg 1500w, https:\/\/hydro-partner.pl\/wp-content\/uploads\/2020\/06\/20181012_123719x-300x225.jpg 300w, https:\/\/hydro-partner.pl\/wp-content\/uploads\/2020\/06\/20181012_123719x-1024x768.jpg 1024w, https:\/\/hydro-partner.pl\/wp-content\/uploads\/2020\/06\/20181012_123719x-768x576.jpg 768w\" sizes=\"(max-width: 1500px) 100vw, 1500px\" \/><\/a><a href=\"https:\/\/hydro-partner.pl\/wp-content\/uploads\/2020\/06\/20181012_123729x-1024x768.jpg\"  rel=\"prettyPhoto[rel-xzgwi3x8nstu3kzwraqo]\" ><img loading=\"lazy\" decoding=\"async\" width=\"1500\" height=\"1125\" src=\"https:\/\/hydro-partner.pl\/wp-content\/uploads\/2020\/06\/20181012_123729x.jpg\" class=\"attachment-full\" alt=\"\" srcset=\"https:\/\/hydro-partner.pl\/wp-content\/uploads\/2020\/06\/20181012_123729x.jpg 1500w, https:\/\/hydro-partner.pl\/wp-content\/uploads\/2020\/06\/20181012_123729x-300x225.jpg 300w, https:\/\/hydro-partner.pl\/wp-content\/uploads\/2020\/06\/20181012_123729x-1024x768.jpg 1024w, https:\/\/hydro-partner.pl\/wp-content\/uploads\/2020\/06\/20181012_123729x-768x576.jpg 768w\" sizes=\"(max-width: 1500px) 100vw, 1500px\" \/><\/a><a href=\"https:\/\/hydro-partner.pl\/wp-content\/uploads\/2020\/06\/20181012_123841x-1024x768.jpg\"  rel=\"prettyPhoto[rel-xzgwi3x8nstu3kzwraqo]\" ><img loading=\"lazy\" decoding=\"async\" width=\"1500\" height=\"1125\" src=\"https:\/\/hydro-partner.pl\/wp-content\/uploads\/2020\/06\/20181012_123841x.jpg\" class=\"attachment-full\" alt=\"\" srcset=\"https:\/\/hydro-partner.pl\/wp-content\/uploads\/2020\/06\/20181012_123841x.jpg 1500w, https:\/\/hydro-partner.pl\/wp-content\/uploads\/2020\/06\/20181012_123841x-300x225.jpg 300w, https:\/\/hydro-partner.pl\/wp-content\/uploads\/2020\/06\/20181012_123841x-1024x768.jpg 1024w, https:\/\/hydro-partner.pl\/wp-content\/uploads\/2020\/06\/20181012_123841x-768x576.jpg 768w\" sizes=\"(max-width: 1500px) 100vw, 1500px\" \/><\/a><\/div>[\/vc_column][\/vc_row][vc_row font_color=&#8221;#666666&#8243;][vc_column css=&#8221;.vc_custom_1592222193758{margin-right: 75px !important;margin-left: 75px !important;}&#8221;][vc_column_text]Projektujemy, budujemy, dostarczamy, modernizujemy kompletne pneumatyczne przepompownie \u015bciek\u00f3w w wersjach materia\u0142owych uzgodnionych z inwestorem, eksploatatorem lub generalnym wykonawc\u0105.<\/p>\n<p>Suche przepompownie \u015bciek\u00f3w HDP s\u0105 uk\u0142adami pompowymi, kt\u00f3re podobnie jak mokre i suche przepompownie s\u0142u\u017c\u0105 do transportu \u015bciek\u00f3w w systemach sieci kanalizacyjnych na odleg\u0142o\u015b\u0107 lub wy\u017cszy poziom. Stosuje si\u0119 je w miejscach, gdzie ze wzgl\u0119du na specyficzne ukszta\u0142towanie terenu i wyst\u0119puj\u0105ce przeszkody budowlane nie ma mo\u017cliwo\u015bci budowy sieci grawitacyjnych.<\/p>\n<p>Takie rozwi\u0105zanie zapewnia eksploatatorowi obs\u0142ug\u0119 obiektu z poziomu suchego zbiornika, co stanowi istotny wzrost bezpiecze\u0144stwa dla pracownik\u00f3w obs\u0142uguj\u0105cych przepompowni\u0119.<\/p>\n<p>HPP stosuje si\u0119 do transportu \u015bciek\u00f3w bytowo-gospodarczych i prze\u00admys\u0142owych jako g\u0142\u00f3wne, sieciowe i lokalne suche przepompownie \u015bciek\u00f3w.<\/p>\n<p>HPP umo\u017cliwiaj\u0105 transport \u015bciek\u00f3w na du\u017ce odleg\u0142o\u015bci i\/lub wysoko\u015bci podnoszenia z wymaganym ci\u015bnieniem do 10 bar\u00f3w, r\u00f3wnie\u017c na odcinkach zagro\u017conych zagni\u00adwaniem w przewodzie t\u0142ocznym (funkcja okresowego napowietrzania i\/lub opr\u00f3\u017cniania ruroci\u0105gu ze \u015bciek\u00f3w).<\/p>\n<p><strong>KORZY\u015aCI p\u0142yn\u0105ce z zastosowania pneumatycznych przepompowni HPP<\/strong><\/p>\n<p>Od\u015bwie\u017canie pompowanych \u015bciek\u00f3w zapobiegaj\u0105ce ich zagniwaniu poprzez zastosowanie spr\u0119\u017conego powietrza (szczeg\u00f3lnie w przypadku nier\u00f3wnomiernych dop\u0142yw\u00f3w \u015bciek\u00f3w)<br \/>\nMo\u017cliwo\u015b\u0107 okresowego napowietrzania i\/lub ca\u0142kowitego opr\u00f3\u017cniania ruroci\u0105gu t\u0142ocznego poprzez jego przedmuchanie spr\u0119\u017conym powietrzem<br \/>\nBezpiecze\u0144stwo oraz \u0142atwo\u015b\u0107 obs\u0142ugi poprzez zastosowanie komory suchej, w kt\u00f3rej odbywaj\u0105 si\u0119 czynno\u015bci eksploatacyjne<br \/>\nMo\u017cliwo\u015b\u0107 t\u0142oczenia na bardzo du\u017ce odleg\u0142o\u015bci i\/lub wysoko\u015bci \u2013 ci\u015bnienie t\u0142oczenia do 10 bar\u00f3w<br \/>\nZmniejszenie koszt\u00f3w inwestycyjnych wskutek wyeliminowania konieczno\u015bci monta\u017cu zawor\u00f3w odpowietrzaj\u0105co-napowietrzaj\u0105cych i spustowych na ruroci\u0105gu t\u0142ocznym<br \/>\nSzybki dost\u0119p do zamiennych urz\u0105dze\u0144 g\u0142\u00f3wnych<\/p>\n<p><strong>DANE TECHNICZNE<\/strong><\/p>\n<p>Wysoko\u015b\u0107 podnoszenia do 10 bar\u00f3w (wy\u017csze ci\u015bnienie dla specjalnych wykona\u0144)<br \/>\nWolny przelot od DN80 do DN200<\/p>\n<p>OPIS DZIA\u0141ANIA pneumatycznej przepompowni \u015bciek\u00f3w HPP.<\/p>\n<p>Pneumatyczna przepompownia \u015bciek\u00f3w HPP stanowi kompletne i w pe\u0142ni zautomatyzowane urz\u0105dzenie.<\/p>\n<p>Zasada dzia\u0142ania przepompowni \u015bciek\u00f3w HPP polega na cyklicznym, naprzemiennym wyst\u0119powaniu dw\u00f3ch faz pracy przepompowni: fazy nape\u0142niania i fazy t\u0142oczenia.<\/p>\n<p>Podczas fazy nape\u0142niania \u015bcieki dop\u0142ywaj\u0105 do zewn\u0119trz\u00adnego poziomego rurowego zbiornika retencyjnego, sk\u0105d przep\u0142ywaj\u0105 poprzez komor\u0119 nap\u0142ywow\u0105 do zbiornik\u00f3w roboczych przez otwarte zawory nap\u0142ywowe. Zaw\u00f3r upustowy jest otwarty, aby mog\u0142o uchodzi\u0107 powietrze ze zbiornik\u00f3w roboczych, za\u015b wszystkie pozosta\u0142e zawory pozostaj\u0105 zamkni\u0119te. Po wype\u0142nieniu zbiornik\u00f3w roboczych \u015bciekami, \u015bcieki dalej gromadz\u0105 si\u0119 w komorze nap\u0142ywowej oraz w rurowym zbiorniku retencyjnym. Po osi\u0105gni\u0119ciu odpowiedniego poziomu \u015bciek\u00f3w w rurowym zbiorniku retencyjnym nast\u0119puje za\u0142\u0105czenie fazy t\u0142oczenia \u015bciek\u00f3w, kt\u00f3ra trwa a\u017c do chwili osi\u0105gni\u0119cia poziomu wy\u0142\u0105czenia.<\/p>\n<p>Faza t\u0142oczenia rozpoczyna si\u0119 od zamkni\u0119cia zawor\u00f3w upustowych. Zaw\u00f3r kolanowy nap\u0142ywowy zamyka si\u0119 pod wp\u0142ywem doprowadzonego powietrza steruj\u0105cego do zbiornika roboczego poprzez otwarcie zaworu steruj\u0105ce\u00adgo. Po zamkni\u0119ciu zaworu nap\u0142ywowego otwiera si\u0119 zaw\u00f3r powietrza roboczego, kt\u00f3rym wt\u0142aczane jest spr\u0119\u017cone powietrze, w efekcie czego otwiera si\u0119 zaw\u00f3r zwrotny kola\u00adnowy znajduj\u0105cy si\u0119 na odp\u0142ywie ze zbiornik\u00f3w roboczych, za\u015b \u015bcieki zostaj\u0105 wypchni\u0119te spr\u0119\u017conym powietrzem ze zbiornika roboczego i wt\u0142oczone do przewodu t\u0142ocz\u00adnego. T\u0142oczenie \u015bciek\u00f3w trwa do chwili up\u0142yni\u0119cia nasta\u00adwionego czasu lub osi\u0105gni\u0119cia odpowiedniego poziomu \u015bciek\u00f3w w zbiorniku roboczym. Nast\u0119pnie otwiera si\u0119 zaw\u00f3r upustowy i powietrze znajduj\u0105ce si\u0119 wewn\u0105trz zbiornika roboczego zostaje rozpr\u0119\u017cone w t\u0142umiku, za kt\u00f3rym znajduje si\u0119 biofiltr. Po zako\u0144czeniu fazy t\u0142oczenia uk\u0142ad przechodzi w faz\u0119 nape\u0142niania. Cykle powtarzaj\u0105 si\u0119, a powietrze jest wt\u0142aczane naprzemiennie do zbiornik\u00f3w roboczych, a\u017c poziom \u015bciek\u00f3w w rurowym zbiorniku reten\u00adcyjnym osi\u0105gnie minimum.<\/p>\n<p>Jedn\u0105 z g\u0142\u00f3wnych zalet pneumatycznej przepompowni \u015bciek\u00f3w HPP jest funkcja okresowego (np. w godzinach nocnych) ca\u0142kowitego opr\u00f3\u017cniania przewodu t\u0142ocznego ze \u015bciek\u00f3w poprzez jego przedmuchanie za pomoc\u0105 spr\u0119\u017conego powietrza. W ten spos\u00f3b zapobiega si\u0119 nadmiernemu zagniciu \u015bciek\u00f3w w przewodzie t\u0142ocznym i wydzielaniu si\u0119 odorant\u00f3w, gro\u017anych dla \u017cycia cz\u0142owieka, na studniach rozpr\u0119\u017cnych.<\/p>\n<p><strong>NORMY I ROZPORZ\u0104DZENIA<\/strong><\/p>\n<p>Zgodno\u015b\u0107 z normami zharmonizowanymi: PN-EN 12050-1, PN-EN 12050-2, PN-EN 12050-4<br \/>\nZgodno\u015b\u0107 z wymogami Rozporz\u0105dzenia Parlamentu Europejskiego i Rady (EU) nr 305\/2011[\/vc_column_text][\/vc_column][\/vc_row]<\/p>\n","protected":false},"excerpt":{"rendered":"<p>[vc_row overlay=&#8221;rd_hover_goliath&#8221; overlay_color=&#8221;&#8221; port_type=&#8221;port_type_5&#8243; port_bg_color=&#8221;&#8221; port_title_color=&#8221;&#8221; port_text_color=&#8221;&#8221; port_button_color=&#8221;&#8221; port_border_color=&#8221;&#8221; port_hover_bg_color=&#8221;&#8221; port_hover_title_color=&#8221;&#8221; port_hover_text_color=&#8221;&#8221; port_hover_button_color=&#8221;&#8221; port_hover_border_color=&#8221;&#8221; desc_title=&#8221;&#8221; desc_cat=&#8221;&#8221; overlay_color_2=&#8221;&#8221; desc_border=&#8221;&#8221; port_thumbnail=&#8221;thumbnail_type_2&#8243; port_layout=&#8221;3 columns&#8221; category=&#8221;pompy&#8221; tags=&#8221;all&#8221; port_order=&#8221;DESC&#8221; port_orderby=&#8221;date&#8221; target=&#8221;_self&#8221; port_start=&#8221;8&#8243; filter=&#8221;yes&#8221; filter_type=&#8221;filter_type_1&#8243; filter_text_color=&#8221;&#8221; filter_background_color=&#8221;&#8221; filter_border_color=&#8221;&#8221; selected_filter_bg_color=&#8221;&#8221; port_navigation=&#8221;&#8221; nav_bg=&#8221;&#8221; nav_color=&#8221;&#8221; nav_border=&#8221;&#8221; nav_hover_color=&#8221;&#8221; nav_hover_bg=&#8221;&#8221; port_click=&#8221;4&#8243; button_bg=&#8221;&#8221; button_title=&#8221;&#8221; button_border=&#8221;&#8221; button_hover_title=&#8221;&#8221; button_hover_bg=&#8221;&#8221;][vc_column][vc_custom_heading text=&#8221;PNEUMATYCZNE PRZEPOMPOWNIE \u015aCIEK\u00d3W HPP&#8221; font_container=&#8221;tag:h2|font_size:30|text_align:center|color:%235b5b5b|line_height:3&#8243; google_fonts=&#8221;font_family:Lato%3A100%2C100italic%2C300%2C300italic%2Cregular%2Citalic%2C700%2C700italic%2C900%2C900italic|font_style:900%20bold%20regular%3A900%3Anormal&#8221; css=&#8221;.vc_custom_1592225146873{margin-bottom: 50px !important;}&#8221; el_class=&#8221;letterspacing-3&#8243;][\/vc_column][\/vc_row][vc_row][vc_column][\/vc_column][\/vc_row][vc_row<br \/><a href=\"https:\/\/hydro-partner.pl\/produkty\/przepompownie-hpp\/\" class=\"more\">Read more<\/a><\/p>\n","protected":false},"author":1,"featured_media":0,"parent":7765,"menu_order":0,"comment_status":"closed","ping_status":"open","template":"","meta":{"_uf_show_specific_survey":0,"_uf_disable_surveys":false,"footnotes":""},"_links":{"self":[{"href":"https:\/\/hydro-partner.pl\/wp-json\/wp\/v2\/pages\/7955"}],"collection":[{"href":"https:\/\/hydro-partner.pl\/wp-json\/wp\/v2\/pages"}],"about":[{"href":"https:\/\/hydro-partner.pl\/wp-json\/wp\/v2\/types\/page"}],"author":[{"embeddable":true,"href":"https:\/\/hydro-partner.pl\/wp-json\/wp\/v2\/users\/1"}],"replies":[{"embeddable":true,"href":"https:\/\/hydro-partner.pl\/wp-json\/wp\/v2\/comments?post=7955"}],"version-history":[{"count":5,"href":"https:\/\/hydro-partner.pl\/wp-json\/wp\/v2\/pages\/7955\/revisions"}],"predecessor-version":[{"id":8005,"href":"https:\/\/hydro-partner.pl\/wp-json\/wp\/v2\/pages\/7955\/revisions\/8005"}],"up":[{"embeddable":true,"href":"https:\/\/hydro-partner.pl\/wp-json\/wp\/v2\/pages\/7765"}],"wp:attachment":[{"href":"https:\/\/hydro-partner.pl\/wp-json\/wp\/v2\/media?parent=7955"}],"curies":[{"name":"wp","href":"https:\/\/api.w.org\/{rel}","templated":true}]}}